{"id":3110,"date":"2019-09-12T15:12:33","date_gmt":"2019-09-12T13:12:33","guid":{"rendered":"http:\/\/www.studioneostaging.be\/stagingstrelli\/shipping-info\/"},"modified":"2019-09-12T15:12:34","modified_gmt":"2019-09-12T13:12:34","slug":"shipping-info","status":"publish","type":"page","link":"https:\/\/www.strelli.be\/en\/support\/shipping-info\/","title":{"rendered":"Shipping \u2013 info"},"content":{"rendered":"\n<h4 class=\"wp-block-heading\"><a>Olivier Strelli delivers to you in Belgium, Europe, Rest of the World<\/a><\/h4>\n\n<p><strong>Belgium:<\/strong><\/p>\n\n<p>Free delivery via Bpost<\/p>\n\n<p><strong>Rest of Europe:<\/strong><\/p>\n\n<p>delivery directly to your address via BPACK EUROPE (15\u20ac).<\/p>\n\n<p><strong>Rest of the World :<\/strong><\/p>\n\n<p>delivery directly to your address via BPACK WORLD (40\u20ac).<\/p>\n\n<p><strong>Timing:<\/strong><\/p>\n\n<p>Depending on the location of the stock sold, orders are sent within 3 days of taking the order, in certain cases with an additional delay for the delivery. Olivier Strelli will notify you of an estimated delivery date.<\/p>\n","protected":false},"excerpt":{"rendered":"<p>Olivier Strelli delivers to you in Belgium, Europe, Rest of the World Belgium: Free delivery via Bpost Rest of Europe: delivery directly to your address via BPACK EUROPE (15\u20ac). Rest of the World : delivery directly to your address via BPACK WORLD (40\u20ac). Timing: Depending on the location of the stock sold, orders are sent [&hellip;]<\/p>\n","protected":false},"author":1,"featured_media":0,"parent":3794,"menu_order":11,"comment_status":"closed","ping_status":"closed","template":"page.php","meta":{"_acf_changed":false,"footnotes":""},"class_list":["post-3110","page","type-page","status-publish","hentry"],"acf":[],"yoast_head":"<!-- This site is optimized with the Yoast SEO plugin v25.3.1 - https:\/\/yoast.com\/wordpress\/plugins\/seo\/ -->\n<title>Shipping \u2013 info - Olivier Strelli<\/title>\n<meta name=\"robots\" content=\"index, follow, max-snippet:-1, max-image-preview:large, max-video-preview:-1\" \/>\n<link rel=\"canonical\" href=\"https:\/\/www.strelli.be\/en\/support\/shipping-info\/\" \/>\n<meta property=\"og:locale\" content=\"en_US\" \/>\n<meta property=\"og:type\" content=\"article\" \/>\n<meta property=\"og:title\" content=\"Shipping \u2013 info - Olivier Strelli\" \/>\n<meta property=\"og:description\" content=\"Olivier Strelli delivers to you in Belgium, Europe, Rest of the World Belgium: Free delivery via Bpost Rest of Europe: delivery directly to your address via BPACK EUROPE (15\u20ac). Rest of the World : delivery directly to your address via BPACK WORLD (40\u20ac). Timing: Depending on the location of the stock sold, orders are sent [&hellip;]\" \/>\n<meta property=\"og:url\" content=\"https:\/\/www.strelli.be\/en\/support\/shipping-info\/\" \/>\n<meta property=\"og:site_name\" content=\"Olivier Strelli\" \/>\n<meta property=\"article:modified_time\" content=\"2019-09-12T13:12:34+00:00\" \/>\n<meta name=\"twitter:card\" content=\"summary_large_image\" \/>\n<script type=\"application\/ld+json\" class=\"yoast-schema-graph\">{\"@context\":\"https:\/\/schema.org\",\"@graph\":[{\"@type\":\"WebPage\",\"@id\":\"https:\/\/www.strelli.be\/en\/support\/shipping-info\/\",\"url\":\"https:\/\/www.strelli.be\/en\/support\/shipping-info\/\",\"name\":\"Shipping \u2013 info - Olivier Strelli\",\"isPartOf\":{\"@id\":\"https:\/\/www.strelli.be\/#website\"},\"datePublished\":\"2019-09-12T13:12:33+00:00\",\"dateModified\":\"2019-09-12T13:12:34+00:00\",\"breadcrumb\":{\"@id\":\"https:\/\/www.strelli.be\/en\/support\/shipping-info\/#breadcrumb\"},\"inLanguage\":\"en-US\",\"potentialAction\":[{\"@type\":\"ReadAction\",\"target\":[\"https:\/\/www.strelli.be\/en\/support\/shipping-info\/\"]}]},{\"@type\":\"BreadcrumbList\",\"@id\":\"https:\/\/www.strelli.be\/en\/support\/shipping-info\/#breadcrumb\",\"itemListElement\":[{\"@type\":\"ListItem\",\"position\":1,\"name\":\"Accueil\",\"item\":\"https:\/\/www.strelli.be\/en\/\"},{\"@type\":\"ListItem\",\"position\":2,\"name\":\"Support\",\"item\":\"https:\/\/www.strelli.be\/en\/support\/\"},{\"@type\":\"ListItem\",\"position\":3,\"name\":\"Shipping \u2013 info\"}]},{\"@type\":\"WebSite\",\"@id\":\"https:\/\/www.strelli.be\/#website\",\"url\":\"https:\/\/www.strelli.be\/\",\"name\":\"Olivier Strelli\",\"description\":\"Les \u00e9charpes tiss\u00e9es, color\u00e9es, cr\u00e9es et fabriqu\u00e9es en Belgique\",\"potentialAction\":[{\"@type\":\"SearchAction\",\"target\":{\"@type\":\"EntryPoint\",\"urlTemplate\":\"https:\/\/www.strelli.be\/?s={search_term_string}\"},\"query-input\":{\"@type\":\"PropertyValueSpecification\",\"valueRequired\":true,\"valueName\":\"search_term_string\"}}],\"inLanguage\":\"en-US\"}]}<\/script>\n<!-- \/ Yoast SEO plugin. -->","yoast_head_json":{"title":"Shipping \u2013 info - Olivier Strelli","robots":{"index":"index","follow":"follow","max-snippet":"max-snippet:-1","max-image-preview":"max-image-preview:large","max-video-preview":"max-video-preview:-1"},"canonical":"https:\/\/www.strelli.be\/en\/support\/shipping-info\/","og_locale":"en_US","og_type":"article","og_title":"Shipping \u2013 info - Olivier Strelli","og_description":"Olivier Strelli delivers to you in Belgium, Europe, Rest of the World Belgium: Free delivery via Bpost Rest of Europe: delivery directly to your address via BPACK EUROPE (15\u20ac). Rest of the World : delivery directly to your address via BPACK WORLD (40\u20ac). Timing: Depending on the location of the stock sold, orders are sent [&hellip;]","og_url":"https:\/\/www.strelli.be\/en\/support\/shipping-info\/","og_site_name":"Olivier Strelli","article_modified_time":"2019-09-12T13:12:34+00:00","twitter_card":"summary_large_image","schema":{"@context":"https:\/\/schema.org","@graph":[{"@type":"WebPage","@id":"https:\/\/www.strelli.be\/en\/support\/shipping-info\/","url":"https:\/\/www.strelli.be\/en\/support\/shipping-info\/","name":"Shipping \u2013 info - Olivier Strelli","isPartOf":{"@id":"https:\/\/www.strelli.be\/#website"},"datePublished":"2019-09-12T13:12:33+00:00","dateModified":"2019-09-12T13:12:34+00:00","breadcrumb":{"@id":"https:\/\/www.strelli.be\/en\/support\/shipping-info\/#breadcrumb"},"inLanguage":"en-US","potentialAction":[{"@type":"ReadAction","target":["https:\/\/www.strelli.be\/en\/support\/shipping-info\/"]}]},{"@type":"BreadcrumbList","@id":"https:\/\/www.strelli.be\/en\/support\/shipping-info\/#breadcrumb","itemListElement":[{"@type":"ListItem","position":1,"name":"Accueil","item":"https:\/\/www.strelli.be\/en\/"},{"@type":"ListItem","position":2,"name":"Support","item":"https:\/\/www.strelli.be\/en\/support\/"},{"@type":"ListItem","position":3,"name":"Shipping \u2013 info"}]},{"@type":"WebSite","@id":"https:\/\/www.strelli.be\/#website","url":"https:\/\/www.strelli.be\/","name":"Olivier Strelli","description":"Les \u00e9charpes tiss\u00e9es, color\u00e9es, cr\u00e9es et fabriqu\u00e9es en Belgique","potentialAction":[{"@type":"SearchAction","target":{"@type":"EntryPoint","urlTemplate":"https:\/\/www.strelli.be\/?s={search_term_string}"},"query-input":{"@type":"PropertyValueSpecification","valueRequired":true,"valueName":"search_term_string"}}],"inLanguage":"en-US"}]}},"_links":{"self":[{"href":"https:\/\/www.strelli.be\/en\/wp-json\/wp\/v2\/pages\/3110","targetHints":{"allow":["GET"]}}],"collection":[{"href":"https:\/\/www.strelli.be\/en\/wp-json\/wp\/v2\/pages"}],"about":[{"href":"https:\/\/www.strelli.be\/en\/wp-json\/wp\/v2\/types\/page"}],"author":[{"embeddable":true,"href":"https:\/\/www.strelli.be\/en\/wp-json\/wp\/v2\/users\/1"}],"replies":[{"embeddable":true,"href":"https:\/\/www.strelli.be\/en\/wp-json\/wp\/v2\/comments?post=3110"}],"version-history":[{"count":0,"href":"https:\/\/www.strelli.be\/en\/wp-json\/wp\/v2\/pages\/3110\/revisions"}],"up":[{"embeddable":true,"href":"https:\/\/www.strelli.be\/en\/wp-json\/wp\/v2\/pages\/3794"}],"wp:attachment":[{"href":"https:\/\/www.strelli.be\/en\/wp-json\/wp\/v2\/media?parent=3110"}],"curies":[{"name":"wp","href":"https:\/\/api.w.org\/{rel}","templated":true}]}}