{"id":3136,"date":"2019-09-12T16:23:48","date_gmt":"2019-09-12T14:23:48","guid":{"rendered":"http:\/\/www.studioneostaging.be\/stagingstrelli\/general-data-protection-regulation-gdprgeneral\/"},"modified":"2019-10-11T16:35:14","modified_gmt":"2019-10-11T14:35:14","slug":"general-data-protection-regulation-gdprgeneral","status":"publish","type":"page","link":"https:\/\/www.strelli.be\/en\/support\/general-data-protection-regulation-gdprgeneral\/","title":{"rendered":"GDPR"},"content":{"rendered":"\n<p>General Data Protection Regulation- \r\n\r\n1. S2J sprl, with headquarters at 1050 Bruxelles, 556 avenue de la couronne, Belgium, registered at the Belgian Crosspoint Bank for Enterprises under the number BE 0807.681.089 (hereafter \u201cOLIVIER STRELLI\u201d) is responsible for the processing of your personal data on the website www.strelli.be\r\nOLIVIER STRELLI, as a Belgian company, applies the \u201claw of December 8, 1992 on Privacy Protection in relation to the Processing of Personal Data\u201d as modified by the \u201claw of December 11, 1998\u201d and by the \u201claw of June 13, 2005 on electronic communications\u201d and other applicable legislation. \r\n<\/p>\n\n<p>2. Collected personal data<\/p>\n\n<p>&#8211; Data that you communicate to us\r\nVia the Registration Form on the Website: your e-mail address. \r\nDuring the ordering process: your name and address details.\r\n<\/p>\n\n<p>&#8211; Data that are automatically collected\r\nCertain data will be collected through cookies: see below for our cookie policy. \r\n<\/p>\n\n<p>3. Purposes of the processing of data<\/p>\n\n<p>Nous\r\nrassemblons vos donn\u00e9es personnelles en vue de Your personal data are collected to:\r\n&#8211; Offer you the services of the Website;\r\n&#8211; Direct Marketing \r\n&#8211; Administer the technical aspects of the Website; \r\n<\/p>\n\n<p>Marketing\r\nDirect marketing and communication to third parties\r\nYour personal data will be treated as strictly confidential and will not be communicated to third parties or be used for direct marketing purposes. <\/p>\n\n<p>4. Duration of the conversation of data<\/p>\n\n<p>All personal data will be held as long as necessary for providing the Services by OLIVIER STRELLI.<\/p>\n\n<p>5. Right to access and rectify<\/p>\n\n<p>You have the right to consult free of charge your personal data at any time, and to rectify or modify your data, by sending an email to the address olivier@strelli.be or by letter to the address mentioned in article 1, 556 Avenue de la couronne, 1050 Bruxelles, Belgium (for attention of webshop) of this Privacy &amp; Cookie Policy, providing in attachment a copy of your identity card.\r\n<\/p>\n\n<p>You are entirely free whether or not you communicate your personal data to OLIVIER STRELLI. However, you must be aware that some services may be refused if you do not complete your personal data on the Registration Form. Also, you must be aware that you are the only one liable for the correctness of the data that you communicate to OLIVIER STRELLI\r\n<\/p>\n\n<p>6. Right to object \r\nYou have the right to object to the processing of your personal data if you have serious and legitimate reasons to do so. You can exercise your right by sending an email to the address olivier@strelli.be. However, you cannot object to the processing of personal data in so far that this processing is essential for us to comply with our contractual obligations.\r\n<\/p>\n\n<p>7. Security and confidentiality\r\nOLIVIER STRELLI has developed security measures that are technically and organizationally appropriate in order to avoid the destruction, loss, forgery, modification, forbidden access and unintentional communication to third parties as well as every other unauthorized processing of the collected personal data. \r\n<\/p>\n\n<p>8. Cookies\r\nOur Website uses cookies and similar technologies to distinguish your preferences from those of the other users of our Website. This allows us to give you a better experience when visiting our Website and to optimize our Website.\r\nFor further information about this Privacy &amp; Cookie Policy you can contact us at olivier@strelli.be.\r\n<\/p>\n\n<p>Pour\r\nplus d\u2019informations sur la politique que nous menons en mati\u00e8re de cookies,\r\nn\u2019h\u00e9sitez pas \u00e0 nous contacter via olivier@strelli.be.<\/p>\n\n<p>9. Applicable law and jurisdiction\r\nThis Privacy &amp; Cookie Policy is subject to Belgian law. The French-language courts of Brussels are exclusively competent for any kind of dispute that could arise from the interpretation or execution of this Privacy &amp; Cookie Policy.\r\n<\/p>\n\n<p>10.10. Agreement\r\nBy visiting the Website, you accept all the clauses of the present Privacy &amp; Cookie Policy and you agree to the collection and processing of your personal data by OLIVIER STRELLI in accordance with this Privacy &amp; Cookie Policy.\r\n<\/p>\n","protected":false},"excerpt":{"rendered":"<p>General Data Protection Regulation- 1. S2J sprl, with headquarters at 1050 Bruxelles, 556 avenue de la couronne, Belgium, registered at the Belgian Crosspoint Bank for Enterprises under the number BE 0807.681.089 (hereafter \u201cOLIVIER STRELLI\u201d) is responsible for the processing of your personal data on the website www.strelli.be OLIVIER STRELLI, as a Belgian company, applies the [&hellip;]<\/p>\n","protected":false},"author":1,"featured_media":0,"parent":3794,"menu_order":14,"comment_status":"closed","ping_status":"closed","template":"page.php","meta":{"_acf_changed":false,"footnotes":""},"class_list":["post-3136","page","type-page","status-publish","hentry"],"acf":[],"yoast_head":"<!-- This site is optimized with the Yoast SEO plugin v25.3.1 - https:\/\/yoast.com\/wordpress\/plugins\/seo\/ -->\n<title>GDPR - Olivier Strelli<\/title>\n<meta name=\"robots\" content=\"index, follow, max-snippet:-1, max-image-preview:large, max-video-preview:-1\" \/>\n<link rel=\"canonical\" href=\"https:\/\/www.strelli.be\/en\/support\/general-data-protection-regulation-gdprgeneral\/\" \/>\n<meta property=\"og:locale\" content=\"en_US\" \/>\n<meta property=\"og:type\" content=\"article\" \/>\n<meta property=\"og:title\" content=\"GDPR - Olivier Strelli\" \/>\n<meta property=\"og:description\" content=\"General Data Protection Regulation- 1. S2J sprl, with headquarters at 1050 Bruxelles, 556 avenue de la couronne, Belgium, registered at the Belgian Crosspoint Bank for Enterprises under the number BE 0807.681.089 (hereafter \u201cOLIVIER STRELLI\u201d) is responsible for the processing of your personal data on the website www.strelli.be OLIVIER STRELLI, as a Belgian company, applies the [&hellip;]\" \/>\n<meta property=\"og:url\" content=\"https:\/\/www.strelli.be\/en\/support\/general-data-protection-regulation-gdprgeneral\/\" \/>\n<meta property=\"og:site_name\" content=\"Olivier Strelli\" \/>\n<meta property=\"article:modified_time\" content=\"2019-10-11T14:35:14+00:00\" \/>\n<meta name=\"twitter:card\" content=\"summary_large_image\" \/>\n<meta name=\"twitter:label1\" content=\"Est. reading time\" \/>\n\t<meta name=\"twitter:data1\" content=\"3 minutes\" \/>\n<script type=\"application\/ld+json\" class=\"yoast-schema-graph\">{\"@context\":\"https:\/\/schema.org\",\"@graph\":[{\"@type\":\"WebPage\",\"@id\":\"https:\/\/www.strelli.be\/en\/support\/general-data-protection-regulation-gdprgeneral\/\",\"url\":\"https:\/\/www.strelli.be\/en\/support\/general-data-protection-regulation-gdprgeneral\/\",\"name\":\"GDPR - Olivier Strelli\",\"isPartOf\":{\"@id\":\"https:\/\/www.strelli.be\/#website\"},\"datePublished\":\"2019-09-12T14:23:48+00:00\",\"dateModified\":\"2019-10-11T14:35:14+00:00\",\"breadcrumb\":{\"@id\":\"https:\/\/www.strelli.be\/en\/support\/general-data-protection-regulation-gdprgeneral\/#breadcrumb\"},\"inLanguage\":\"en-US\",\"potentialAction\":[{\"@type\":\"ReadAction\",\"target\":[\"https:\/\/www.strelli.be\/en\/support\/general-data-protection-regulation-gdprgeneral\/\"]}]},{\"@type\":\"BreadcrumbList\",\"@id\":\"https:\/\/www.strelli.be\/en\/support\/general-data-protection-regulation-gdprgeneral\/#breadcrumb\",\"itemListElement\":[{\"@type\":\"ListItem\",\"position\":1,\"name\":\"Accueil\",\"item\":\"https:\/\/www.strelli.be\/en\/\"},{\"@type\":\"ListItem\",\"position\":2,\"name\":\"Support\",\"item\":\"https:\/\/www.strelli.be\/en\/support\/\"},{\"@type\":\"ListItem\",\"position\":3,\"name\":\"GDPR\"}]},{\"@type\":\"WebSite\",\"@id\":\"https:\/\/www.strelli.be\/#website\",\"url\":\"https:\/\/www.strelli.be\/\",\"name\":\"Olivier Strelli\",\"description\":\"Les \u00e9charpes tiss\u00e9es, color\u00e9es, cr\u00e9es et fabriqu\u00e9es en Belgique\",\"potentialAction\":[{\"@type\":\"SearchAction\",\"target\":{\"@type\":\"EntryPoint\",\"urlTemplate\":\"https:\/\/www.strelli.be\/?s={search_term_string}\"},\"query-input\":{\"@type\":\"PropertyValueSpecification\",\"valueRequired\":true,\"valueName\":\"search_term_string\"}}],\"inLanguage\":\"en-US\"}]}<\/script>\n<!-- \/ Yoast SEO plugin. -->","yoast_head_json":{"title":"GDPR - Olivier Strelli","robots":{"index":"index","follow":"follow","max-snippet":"max-snippet:-1","max-image-preview":"max-image-preview:large","max-video-preview":"max-video-preview:-1"},"canonical":"https:\/\/www.strelli.be\/en\/support\/general-data-protection-regulation-gdprgeneral\/","og_locale":"en_US","og_type":"article","og_title":"GDPR - Olivier Strelli","og_description":"General Data Protection Regulation- 1. S2J sprl, with headquarters at 1050 Bruxelles, 556 avenue de la couronne, Belgium, registered at the Belgian Crosspoint Bank for Enterprises under the number BE 0807.681.089 (hereafter \u201cOLIVIER STRELLI\u201d) is responsible for the processing of your personal data on the website www.strelli.be OLIVIER STRELLI, as a Belgian company, applies the [&hellip;]","og_url":"https:\/\/www.strelli.be\/en\/support\/general-data-protection-regulation-gdprgeneral\/","og_site_name":"Olivier Strelli","article_modified_time":"2019-10-11T14:35:14+00:00","twitter_card":"summary_large_image","twitter_misc":{"Est. reading time":"3 minutes"},"schema":{"@context":"https:\/\/schema.org","@graph":[{"@type":"WebPage","@id":"https:\/\/www.strelli.be\/en\/support\/general-data-protection-regulation-gdprgeneral\/","url":"https:\/\/www.strelli.be\/en\/support\/general-data-protection-regulation-gdprgeneral\/","name":"GDPR - Olivier Strelli","isPartOf":{"@id":"https:\/\/www.strelli.be\/#website"},"datePublished":"2019-09-12T14:23:48+00:00","dateModified":"2019-10-11T14:35:14+00:00","breadcrumb":{"@id":"https:\/\/www.strelli.be\/en\/support\/general-data-protection-regulation-gdprgeneral\/#breadcrumb"},"inLanguage":"en-US","potentialAction":[{"@type":"ReadAction","target":["https:\/\/www.strelli.be\/en\/support\/general-data-protection-regulation-gdprgeneral\/"]}]},{"@type":"BreadcrumbList","@id":"https:\/\/www.strelli.be\/en\/support\/general-data-protection-regulation-gdprgeneral\/#breadcrumb","itemListElement":[{"@type":"ListItem","position":1,"name":"Accueil","item":"https:\/\/www.strelli.be\/en\/"},{"@type":"ListItem","position":2,"name":"Support","item":"https:\/\/www.strelli.be\/en\/support\/"},{"@type":"ListItem","position":3,"name":"GDPR"}]},{"@type":"WebSite","@id":"https:\/\/www.strelli.be\/#website","url":"https:\/\/www.strelli.be\/","name":"Olivier Strelli","description":"Les \u00e9charpes tiss\u00e9es, color\u00e9es, cr\u00e9es et fabriqu\u00e9es en Belgique","potentialAction":[{"@type":"SearchAction","target":{"@type":"EntryPoint","urlTemplate":"https:\/\/www.strelli.be\/?s={search_term_string}"},"query-input":{"@type":"PropertyValueSpecification","valueRequired":true,"valueName":"search_term_string"}}],"inLanguage":"en-US"}]}},"_links":{"self":[{"href":"https:\/\/www.strelli.be\/en\/wp-json\/wp\/v2\/pages\/3136","targetHints":{"allow":["GET"]}}],"collection":[{"href":"https:\/\/www.strelli.be\/en\/wp-json\/wp\/v2\/pages"}],"about":[{"href":"https:\/\/www.strelli.be\/en\/wp-json\/wp\/v2\/types\/page"}],"author":[{"embeddable":true,"href":"https:\/\/www.strelli.be\/en\/wp-json\/wp\/v2\/users\/1"}],"replies":[{"embeddable":true,"href":"https:\/\/www.strelli.be\/en\/wp-json\/wp\/v2\/comments?post=3136"}],"version-history":[{"count":0,"href":"https:\/\/www.strelli.be\/en\/wp-json\/wp\/v2\/pages\/3136\/revisions"}],"up":[{"embeddable":true,"href":"https:\/\/www.strelli.be\/en\/wp-json\/wp\/v2\/pages\/3794"}],"wp:attachment":[{"href":"https:\/\/www.strelli.be\/en\/wp-json\/wp\/v2\/media?parent=3136"}],"curies":[{"name":"wp","href":"https:\/\/api.w.org\/{rel}","templated":true}]}}