{"id":3144,"date":"2019-09-12T17:48:02","date_gmt":"2019-09-12T15:48:02","guid":{"rendered":"http:\/\/www.studioneostaging.be\/stagingstrelli\/about\/"},"modified":"2019-09-12T17:48:05","modified_gmt":"2019-09-12T15:48:05","slug":"about","status":"publish","type":"page","link":"https:\/\/www.strelli.be\/en\/la-marque\/about\/","title":{"rendered":"About"},"content":{"rendered":"\n<h3 class=\"wp-block-heading\"><a>Autumn fashion is all about colour with the new Olivier Strelli scarves collection!<\/a><\/h3>\n\n<p>Dynamic, colourful and extremely elegant &#8211; wrap your neck in scarves that follow the trends! These colourful scarves are guaranteed to make you feel good\u2026\r\n \r\n  \r\n  \r\n  \r\n  \r\n  \r\n  \r\n  \r\n  \r\n  \r\n  \r\n  \r\n  \r\n \r\n \r\n \r\n\r\n \r\n<\/p>\n\n<p>Great news and excitement guaranteed for all fashion editors! These scarves \u2013 with their vast colour palette and patterns that are a balance between happy and ethnic, they are Strelli\u2019s bread and butter, and marked the start of the current accessories cult. The scarves were first launched some thirty years ago, and have since been embraced by generation upon generation of men and women.<\/p>\n\n<p>The high-quality scarves collection  <strong><em>made in Belgium <\/em><\/strong>awith its characterised by shimmering colours, richly coloured patterns and the brand\u2019s typical logos. Happiness guaranteed. And warmth of course!<\/p>\n\n<h3 class=\"wp-block-heading\">More about the scarves&#8230;.<\/h3>\n\n<p>Jacquard scarf: 7776 000 crosses of threads per stole<\/p>\n\n<p>  <\/p>\n\n<p>7790 meters (almost 8\r\nkm) of yarn in a stole.<\/p>\n\n<p>Mix between 8 and 10\r\ncolors by scarf. Double sided satins (two different sides)<\/p>\n\n<p>The product is &#8220;Dyed thread&#8221; (ie it is the yarns that are dyed and not the fabric, mark of high quality)\r\n<\/p>\n\n<p>Raw material : Extra fine combed white wool<\/p>\n\n<p>White: without foreign fibers or dark hairs,<\/p>\n\n<p>fine for the sweetness (it is the hairs of the belly of the sheep, the back being more spicy)<\/p>\n\n<p>worsted yarn for quality (\r\nworsted means that the wire is made with the raw material, a contrario\r\n&#8220;Carded&#8221; means that the thread is made with the remains of the\r\nworsted spinning). The fabric is more resistant to pilling than if it were made with carded thread.<\/p>\n\n<p>Weaving: Warping and weaving is carried out entirely in Belgium<\/p>\n\n<p>Finishing: Handcrafted (cut, control, &#8230;) in an artisan workshop based in Belgium.<\/p>\n\n<p>Dyes made in total compliance with REACH European regulations\r\n\r\n<\/p>\n\n<p>Quality article, which offers a pledge of satisfaction for years &#8230;&#8230;\r\n<\/p>\n\n<p>Creation: Drawings\r\nunique and exclusive. Original colorations. Timeless product.<\/p>\n\n<p>Limited editions, collection renewed every year.<\/p>\n","protected":false},"excerpt":{"rendered":"<p>Autumn fashion is all about colour with the new Olivier Strelli scarves collection! Dynamic, colourful and extremely elegant &#8211; wrap your neck in scarves that follow the trends! These colourful scarves are guaranteed to make you feel good\u2026 Great news and excitement guaranteed for all fashion editors! These scarves \u2013 with their vast colour palette [&hellip;]<\/p>\n","protected":false},"author":1,"featured_media":0,"parent":3817,"menu_order":11,"comment_status":"closed","ping_status":"closed","template":"page.php","meta":{"_acf_changed":false,"footnotes":""},"class_list":["post-3144","page","type-page","status-publish","hentry"],"acf":[],"yoast_head":"<!-- This site is optimized with the Yoast SEO plugin v25.3.1 - https:\/\/yoast.com\/wordpress\/plugins\/seo\/ -->\n<title>About - Olivier Strelli<\/title>\n<meta name=\"robots\" content=\"index, follow, max-snippet:-1, max-image-preview:large, max-video-preview:-1\" \/>\n<link rel=\"canonical\" href=\"https:\/\/www.strelli.be\/en\/la-marque\/about\/\" \/>\n<meta property=\"og:locale\" content=\"en_US\" \/>\n<meta property=\"og:type\" content=\"article\" \/>\n<meta property=\"og:title\" content=\"About - Olivier Strelli\" \/>\n<meta property=\"og:description\" content=\"Autumn fashion is all about colour with the new Olivier Strelli scarves collection! Dynamic, colourful and extremely elegant &#8211; wrap your neck in scarves that follow the trends! These colourful scarves are guaranteed to make you feel good\u2026 Great news and excitement guaranteed for all fashion editors! These scarves \u2013 with their vast colour palette [&hellip;]\" \/>\n<meta property=\"og:url\" content=\"https:\/\/www.strelli.be\/en\/la-marque\/about\/\" \/>\n<meta property=\"og:site_name\" content=\"Olivier Strelli\" \/>\n<meta property=\"article:modified_time\" content=\"2019-09-12T15:48:05+00:00\" \/>\n<meta name=\"twitter:card\" content=\"summary_large_image\" \/>\n<meta name=\"twitter:label1\" content=\"Est. reading time\" \/>\n\t<meta name=\"twitter:data1\" content=\"2 minutes\" \/>\n<script type=\"application\/ld+json\" class=\"yoast-schema-graph\">{\"@context\":\"https:\/\/schema.org\",\"@graph\":[{\"@type\":\"WebPage\",\"@id\":\"https:\/\/www.strelli.be\/en\/la-marque\/about\/\",\"url\":\"https:\/\/www.strelli.be\/en\/la-marque\/about\/\",\"name\":\"About - Olivier Strelli\",\"isPartOf\":{\"@id\":\"https:\/\/www.strelli.be\/#website\"},\"datePublished\":\"2019-09-12T15:48:02+00:00\",\"dateModified\":\"2019-09-12T15:48:05+00:00\",\"breadcrumb\":{\"@id\":\"https:\/\/www.strelli.be\/en\/la-marque\/about\/#breadcrumb\"},\"inLanguage\":\"en-US\",\"potentialAction\":[{\"@type\":\"ReadAction\",\"target\":[\"https:\/\/www.strelli.be\/en\/la-marque\/about\/\"]}]},{\"@type\":\"BreadcrumbList\",\"@id\":\"https:\/\/www.strelli.be\/en\/la-marque\/about\/#breadcrumb\",\"itemListElement\":[{\"@type\":\"ListItem\",\"position\":1,\"name\":\"Accueil\",\"item\":\"https:\/\/www.strelli.be\/en\/\"},{\"@type\":\"ListItem\",\"position\":2,\"name\":\"The brand\",\"item\":\"https:\/\/www.strelli.be\/en\/la-marque\/\"},{\"@type\":\"ListItem\",\"position\":3,\"name\":\"About\"}]},{\"@type\":\"WebSite\",\"@id\":\"https:\/\/www.strelli.be\/#website\",\"url\":\"https:\/\/www.strelli.be\/\",\"name\":\"Olivier Strelli\",\"description\":\"Les \u00e9charpes tiss\u00e9es, color\u00e9es, cr\u00e9es et fabriqu\u00e9es en Belgique\",\"potentialAction\":[{\"@type\":\"SearchAction\",\"target\":{\"@type\":\"EntryPoint\",\"urlTemplate\":\"https:\/\/www.strelli.be\/?s={search_term_string}\"},\"query-input\":{\"@type\":\"PropertyValueSpecification\",\"valueRequired\":true,\"valueName\":\"search_term_string\"}}],\"inLanguage\":\"en-US\"}]}<\/script>\n<!-- \/ Yoast SEO plugin. -->","yoast_head_json":{"title":"About - Olivier Strelli","robots":{"index":"index","follow":"follow","max-snippet":"max-snippet:-1","max-image-preview":"max-image-preview:large","max-video-preview":"max-video-preview:-1"},"canonical":"https:\/\/www.strelli.be\/en\/la-marque\/about\/","og_locale":"en_US","og_type":"article","og_title":"About - Olivier Strelli","og_description":"Autumn fashion is all about colour with the new Olivier Strelli scarves collection! Dynamic, colourful and extremely elegant &#8211; wrap your neck in scarves that follow the trends! These colourful scarves are guaranteed to make you feel good\u2026 Great news and excitement guaranteed for all fashion editors! These scarves \u2013 with their vast colour palette [&hellip;]","og_url":"https:\/\/www.strelli.be\/en\/la-marque\/about\/","og_site_name":"Olivier Strelli","article_modified_time":"2019-09-12T15:48:05+00:00","twitter_card":"summary_large_image","twitter_misc":{"Est. reading time":"2 minutes"},"schema":{"@context":"https:\/\/schema.org","@graph":[{"@type":"WebPage","@id":"https:\/\/www.strelli.be\/en\/la-marque\/about\/","url":"https:\/\/www.strelli.be\/en\/la-marque\/about\/","name":"About - Olivier Strelli","isPartOf":{"@id":"https:\/\/www.strelli.be\/#website"},"datePublished":"2019-09-12T15:48:02+00:00","dateModified":"2019-09-12T15:48:05+00:00","breadcrumb":{"@id":"https:\/\/www.strelli.be\/en\/la-marque\/about\/#breadcrumb"},"inLanguage":"en-US","potentialAction":[{"@type":"ReadAction","target":["https:\/\/www.strelli.be\/en\/la-marque\/about\/"]}]},{"@type":"BreadcrumbList","@id":"https:\/\/www.strelli.be\/en\/la-marque\/about\/#breadcrumb","itemListElement":[{"@type":"ListItem","position":1,"name":"Accueil","item":"https:\/\/www.strelli.be\/en\/"},{"@type":"ListItem","position":2,"name":"The brand","item":"https:\/\/www.strelli.be\/en\/la-marque\/"},{"@type":"ListItem","position":3,"name":"About"}]},{"@type":"WebSite","@id":"https:\/\/www.strelli.be\/#website","url":"https:\/\/www.strelli.be\/","name":"Olivier Strelli","description":"Les \u00e9charpes tiss\u00e9es, color\u00e9es, cr\u00e9es et fabriqu\u00e9es en Belgique","potentialAction":[{"@type":"SearchAction","target":{"@type":"EntryPoint","urlTemplate":"https:\/\/www.strelli.be\/?s={search_term_string}"},"query-input":{"@type":"PropertyValueSpecification","valueRequired":true,"valueName":"search_term_string"}}],"inLanguage":"en-US"}]}},"_links":{"self":[{"href":"https:\/\/www.strelli.be\/en\/wp-json\/wp\/v2\/pages\/3144","targetHints":{"allow":["GET"]}}],"collection":[{"href":"https:\/\/www.strelli.be\/en\/wp-json\/wp\/v2\/pages"}],"about":[{"href":"https:\/\/www.strelli.be\/en\/wp-json\/wp\/v2\/types\/page"}],"author":[{"embeddable":true,"href":"https:\/\/www.strelli.be\/en\/wp-json\/wp\/v2\/users\/1"}],"replies":[{"embeddable":true,"href":"https:\/\/www.strelli.be\/en\/wp-json\/wp\/v2\/comments?post=3144"}],"version-history":[{"count":0,"href":"https:\/\/www.strelli.be\/en\/wp-json\/wp\/v2\/pages\/3144\/revisions"}],"up":[{"embeddable":true,"href":"https:\/\/www.strelli.be\/en\/wp-json\/wp\/v2\/pages\/3817"}],"wp:attachment":[{"href":"https:\/\/www.strelli.be\/en\/wp-json\/wp\/v2\/media?parent=3144"}],"curies":[{"name":"wp","href":"https:\/\/api.w.org\/{rel}","templated":true}]}}