{"id":3156,"date":"2019-07-16T16:35:46","date_gmt":"2019-07-16T14:35:46","guid":{"rendered":"http:\/\/www.studioneostaging.be\/stagingstrelli\/plaid\/"},"modified":"2024-05-13T16:23:01","modified_gmt":"2024-05-13T14:23:01","slug":"plaid","status":"publish","type":"page","link":"https:\/\/www.strelli.be\/en\/home\/plaid\/","title":{"rendered":"Plaid"},"content":{"rendered":"\n<div class=\"woocommerce columns-4 \"><div class=\"woocommerce-notices-wrapper\"><\/div><p class=\"woocommerce-result-count\" role=\"alert\" aria-relevant=\"all\" >\n\tShowing all 2 results<\/p>\n<form class=\"woocommerce-ordering\" method=\"get\">\n\t\t<select\n\t\tname=\"orderby\"\n\t\tclass=\"orderby\"\n\t\t\t\t\taria-label=\"Shop order\"\n\t\t\t>\n\t\t\t\t\t<option value=\"popularity\" >Sort by popularity<\/option>\n\t\t\t\t\t<option value=\"date\" >Sort by latest<\/option>\n\t\t\t\t\t<option value=\"price\" >Sort by price: low to high<\/option>\n\t\t\t\t\t<option value=\"price-desc\" >Sort by price: high to low<\/option>\n\t\t\t\t\t<option value=\"alphabetical\"  selected='selected'>Sort by name: A to Z<\/option>\n\t\t\t<\/select>\n\t<input type=\"hidden\" name=\"paged\" value=\"1\" \/>\n\t<\/form>\n<ul class=\"products columns-4\">\n<li class=\"product type-product post-1568 status-publish first instock product_cat-blackfriday-en product_cat-home-en product_cat-plaid-en has-post-thumbnail sale shipping-taxable purchasable product-type-simple\">\n\t<a href=\"https:\/\/www.strelli.be\/en\/shop\/home-en\/plaid-child-orange\/\" class=\"woocommerce-LoopProduct-link woocommerce-loop-product__link\">\n\t<span class=\"onsale\">Sale!<\/span>\n\t<img loading=\"lazy\" decoding=\"async\" width=\"500\" height=\"667\" src=\"https:\/\/www.strelli.be\/wp-content\/uploads\/2019\/07\/j5-25-Euros-500x667.jpg\" class=\"attachment-woocommerce_thumbnail size-woocommerce_thumbnail\" alt=\"PLAID CHILD ORANGE\" \/><h2 class=\"woocommerce-loop-product__title\">PLAID CHILD ORANGE<\/h2>\n\t<span class=\"price\"><del aria-hidden=\"true\"><span class=\"woocommerce-Price-amount amount\"><bdi>55,00&nbsp;<span class=\"woocommerce-Price-currencySymbol\">&euro;<\/span><\/bdi><\/span><\/del> <span class=\"screen-reader-text\">Original price was: 55,00&nbsp;&euro;.<\/span><ins aria-hidden=\"true\"><span class=\"woocommerce-Price-amount amount\"><bdi>30,00&nbsp;<span class=\"woocommerce-Price-currencySymbol\">&euro;<\/span><\/bdi><\/span><\/ins><span class=\"screen-reader-text\">Current price is: 30,00&nbsp;&euro;.<\/span><\/span>\n<\/a><a href=\"?add-to-cart=1568\" aria-describedby=\"woocommerce_loop_add_to_cart_link_describedby_1568\" data-quantity=\"1\" class=\"button product_type_simple add_to_cart_button ajax_add_to_cart\" data-product_id=\"1568\" data-product_sku=\"\" aria-label=\"Add to cart: &ldquo;PLAID CHILD ORANGE&rdquo;\" rel=\"nofollow\" data-success_message=\"&ldquo;PLAID CHILD ORANGE&rdquo; has been added to your cart\">Add to cart<\/a>\t<span id=\"woocommerce_loop_add_to_cart_link_describedby_1568\" class=\"screen-reader-text\">\n\t\t\t<\/span>\n<span class=\"gtm4wp_productdata\" style=\"display:none; visibility:hidden;\" data-gtm4wp_product_data=\"{&quot;internal_id&quot;:1568,&quot;item_id&quot;:1568,&quot;item_name&quot;:&quot;PLAID CHILD ORANGE&quot;,&quot;sku&quot;:1568,&quot;price&quot;:30,&quot;stocklevel&quot;:2,&quot;stockstatus&quot;:&quot;instock&quot;,&quot;google_business_vertical&quot;:&quot;retail&quot;,&quot;item_category&quot;:&quot;BlackFriday&quot;,&quot;id&quot;:1568,&quot;productlink&quot;:&quot;https:\\\/\\\/www.strelli.be\\\/en\\\/shop\\\/home-en\\\/plaid-child-orange\\\/&quot;,&quot;item_list_name&quot;:&quot;General Product List&quot;,&quot;index&quot;:1,&quot;product_type&quot;:&quot;simple&quot;,&quot;item_brand&quot;:&quot;&quot;}\"><\/span><\/li>\n<li class=\"product type-product post-1573 status-publish instock product_cat-blackfriday-en product_cat-home-en product_cat-plaid-en has-post-thumbnail sale shipping-taxable purchasable product-type-simple\">\n\t<a href=\"https:\/\/www.strelli.be\/en\/shop\/home-en\/plaid-child-fuchsia\/\" class=\"woocommerce-LoopProduct-link woocommerce-loop-product__link\">\n\t<span class=\"onsale\">Sale!<\/span>\n\t<img loading=\"lazy\" decoding=\"async\" width=\"500\" height=\"667\" src=\"https:\/\/www.strelli.be\/wp-content\/uploads\/2019\/07\/j4-25-Euros-500x667.jpg\" class=\"attachment-woocommerce_thumbnail size-woocommerce_thumbnail\" alt=\"PLAID CHILD FUCHSIA\" \/><h2 class=\"woocommerce-loop-product__title\">PLAID CHILD FUCHSIA<\/h2>\n\t<span class=\"price\"><del aria-hidden=\"true\"><span class=\"woocommerce-Price-amount amount\"><bdi>55,00&nbsp;<span class=\"woocommerce-Price-currencySymbol\">&euro;<\/span><\/bdi><\/span><\/del> <span class=\"screen-reader-text\">Original price was: 55,00&nbsp;&euro;.<\/span><ins aria-hidden=\"true\"><span class=\"woocommerce-Price-amount amount\"><bdi>30,00&nbsp;<span class=\"woocommerce-Price-currencySymbol\">&euro;<\/span><\/bdi><\/span><\/ins><span class=\"screen-reader-text\">Current price is: 30,00&nbsp;&euro;.<\/span><\/span>\n<\/a><a href=\"?add-to-cart=1573\" aria-describedby=\"woocommerce_loop_add_to_cart_link_describedby_1573\" data-quantity=\"1\" class=\"button product_type_simple add_to_cart_button ajax_add_to_cart\" data-product_id=\"1573\" data-product_sku=\"\" aria-label=\"Add to cart: &ldquo;PLAID CHILD FUCHSIA&rdquo;\" rel=\"nofollow\" data-success_message=\"&ldquo;PLAID CHILD FUCHSIA&rdquo; has been added to your cart\">Add to cart<\/a>\t<span id=\"woocommerce_loop_add_to_cart_link_describedby_1573\" class=\"screen-reader-text\">\n\t\t\t<\/span>\n<span class=\"gtm4wp_productdata\" style=\"display:none; visibility:hidden;\" data-gtm4wp_product_data=\"{&quot;internal_id&quot;:1573,&quot;item_id&quot;:1573,&quot;item_name&quot;:&quot;PLAID CHILD FUCHSIA&quot;,&quot;sku&quot;:1573,&quot;price&quot;:30,&quot;stocklevel&quot;:3,&quot;stockstatus&quot;:&quot;instock&quot;,&quot;google_business_vertical&quot;:&quot;retail&quot;,&quot;item_category&quot;:&quot;BlackFriday&quot;,&quot;id&quot;:1573,&quot;productlink&quot;:&quot;https:\\\/\\\/www.strelli.be\\\/en\\\/shop\\\/home-en\\\/plaid-child-fuchsia\\\/&quot;,&quot;item_list_name&quot;:&quot;General Product List&quot;,&quot;index&quot;:2,&quot;product_type&quot;:&quot;simple&quot;,&quot;item_brand&quot;:&quot;&quot;}\"><\/span><\/li>\n<\/ul>\n<\/div>\n","protected":false},"excerpt":{"rendered":"","protected":false},"author":1,"featured_media":0,"parent":3158,"menu_order":11,"comment_status":"closed","ping_status":"closed","template":"woocommerce.php","meta":{"_acf_changed":false,"footnotes":""},"class_list":["post-3156","page","type-page","status-publish","hentry"],"acf":[],"yoast_head":"<!-- This site is optimized with the Yoast SEO plugin v25.3.1 - https:\/\/yoast.com\/wordpress\/plugins\/seo\/ -->\n<title>Plaid - Olivier Strelli<\/title>\n<meta name=\"robots\" content=\"index, follow, max-snippet:-1, max-image-preview:large, max-video-preview:-1\" \/>\n<link rel=\"canonical\" href=\"https:\/\/www.strelli.be\/en\/home\/plaid\/\" \/>\n<meta property=\"og:locale\" content=\"en_US\" \/>\n<meta property=\"og:type\" content=\"article\" \/>\n<meta property=\"og:title\" content=\"Plaid - Olivier Strelli\" \/>\n<meta property=\"og:url\" content=\"https:\/\/www.strelli.be\/en\/home\/plaid\/\" \/>\n<meta property=\"og:site_name\" content=\"Olivier Strelli\" \/>\n<meta property=\"article:modified_time\" content=\"2024-05-13T14:23:01+00:00\" \/>\n<meta name=\"twitter:card\" content=\"summary_large_image\" \/>\n<script type=\"application\/ld+json\" class=\"yoast-schema-graph\">{\"@context\":\"https:\/\/schema.org\",\"@graph\":[{\"@type\":\"WebPage\",\"@id\":\"https:\/\/www.strelli.be\/en\/home\/plaid\/\",\"url\":\"https:\/\/www.strelli.be\/en\/home\/plaid\/\",\"name\":\"Plaid - Olivier Strelli\",\"isPartOf\":{\"@id\":\"https:\/\/www.strelli.be\/#website\"},\"datePublished\":\"2019-07-16T14:35:46+00:00\",\"dateModified\":\"2024-05-13T14:23:01+00:00\",\"breadcrumb\":{\"@id\":\"https:\/\/www.strelli.be\/en\/home\/plaid\/#breadcrumb\"},\"inLanguage\":\"en-US\",\"potentialAction\":[{\"@type\":\"ReadAction\",\"target\":[\"https:\/\/www.strelli.be\/en\/home\/plaid\/\"]}]},{\"@type\":\"BreadcrumbList\",\"@id\":\"https:\/\/www.strelli.be\/en\/home\/plaid\/#breadcrumb\",\"itemListElement\":[{\"@type\":\"ListItem\",\"position\":1,\"name\":\"Accueil\",\"item\":\"https:\/\/www.strelli.be\/en\/\"},{\"@type\":\"ListItem\",\"position\":2,\"name\":\"Home\",\"item\":\"https:\/\/www.strelli.be\/en\/home\/\"},{\"@type\":\"ListItem\",\"position\":3,\"name\":\"Plaid\"}]},{\"@type\":\"WebSite\",\"@id\":\"https:\/\/www.strelli.be\/#website\",\"url\":\"https:\/\/www.strelli.be\/\",\"name\":\"Olivier Strelli\",\"description\":\"Les \u00e9charpes tiss\u00e9es, color\u00e9es, cr\u00e9es et fabriqu\u00e9es en Belgique\",\"potentialAction\":[{\"@type\":\"SearchAction\",\"target\":{\"@type\":\"EntryPoint\",\"urlTemplate\":\"https:\/\/www.strelli.be\/?s={search_term_string}\"},\"query-input\":{\"@type\":\"PropertyValueSpecification\",\"valueRequired\":true,\"valueName\":\"search_term_string\"}}],\"inLanguage\":\"en-US\"}]}<\/script>\n<!-- \/ Yoast SEO plugin. -->","yoast_head_json":{"title":"Plaid - Olivier Strelli","robots":{"index":"index","follow":"follow","max-snippet":"max-snippet:-1","max-image-preview":"max-image-preview:large","max-video-preview":"max-video-preview:-1"},"canonical":"https:\/\/www.strelli.be\/en\/home\/plaid\/","og_locale":"en_US","og_type":"article","og_title":"Plaid - Olivier Strelli","og_url":"https:\/\/www.strelli.be\/en\/home\/plaid\/","og_site_name":"Olivier Strelli","article_modified_time":"2024-05-13T14:23:01+00:00","twitter_card":"summary_large_image","schema":{"@context":"https:\/\/schema.org","@graph":[{"@type":"WebPage","@id":"https:\/\/www.strelli.be\/en\/home\/plaid\/","url":"https:\/\/www.strelli.be\/en\/home\/plaid\/","name":"Plaid - Olivier Strelli","isPartOf":{"@id":"https:\/\/www.strelli.be\/#website"},"datePublished":"2019-07-16T14:35:46+00:00","dateModified":"2024-05-13T14:23:01+00:00","breadcrumb":{"@id":"https:\/\/www.strelli.be\/en\/home\/plaid\/#breadcrumb"},"inLanguage":"en-US","potentialAction":[{"@type":"ReadAction","target":["https:\/\/www.strelli.be\/en\/home\/plaid\/"]}]},{"@type":"BreadcrumbList","@id":"https:\/\/www.strelli.be\/en\/home\/plaid\/#breadcrumb","itemListElement":[{"@type":"ListItem","position":1,"name":"Accueil","item":"https:\/\/www.strelli.be\/en\/"},{"@type":"ListItem","position":2,"name":"Home","item":"https:\/\/www.strelli.be\/en\/home\/"},{"@type":"ListItem","position":3,"name":"Plaid"}]},{"@type":"WebSite","@id":"https:\/\/www.strelli.be\/#website","url":"https:\/\/www.strelli.be\/","name":"Olivier Strelli","description":"Les \u00e9charpes tiss\u00e9es, color\u00e9es, cr\u00e9es et fabriqu\u00e9es en Belgique","potentialAction":[{"@type":"SearchAction","target":{"@type":"EntryPoint","urlTemplate":"https:\/\/www.strelli.be\/?s={search_term_string}"},"query-input":{"@type":"PropertyValueSpecification","valueRequired":true,"valueName":"search_term_string"}}],"inLanguage":"en-US"}]}},"_links":{"self":[{"href":"https:\/\/www.strelli.be\/en\/wp-json\/wp\/v2\/pages\/3156","targetHints":{"allow":["GET"]}}],"collection":[{"href":"https:\/\/www.strelli.be\/en\/wp-json\/wp\/v2\/pages"}],"about":[{"href":"https:\/\/www.strelli.be\/en\/wp-json\/wp\/v2\/types\/page"}],"author":[{"embeddable":true,"href":"https:\/\/www.strelli.be\/en\/wp-json\/wp\/v2\/users\/1"}],"replies":[{"embeddable":true,"href":"https:\/\/www.strelli.be\/en\/wp-json\/wp\/v2\/comments?post=3156"}],"version-history":[{"count":0,"href":"https:\/\/www.strelli.be\/en\/wp-json\/wp\/v2\/pages\/3156\/revisions"}],"up":[{"embeddable":true,"href":"https:\/\/www.strelli.be\/en\/wp-json\/wp\/v2\/pages\/3158"}],"wp:attachment":[{"href":"https:\/\/www.strelli.be\/en\/wp-json\/wp\/v2\/media?parent=3156"}],"curies":[{"name":"wp","href":"https:\/\/api.w.org\/{rel}","templated":true}]}}