{"id":3806,"date":"2019-10-11T16:28:54","date_gmt":"2019-10-11T14:28:54","guid":{"rendered":"http:\/\/www.studioneostaging.be\/stagingstrelli\/history\/"},"modified":"2019-10-11T16:28:55","modified_gmt":"2019-10-11T14:28:55","slug":"history","status":"publish","type":"page","link":"https:\/\/www.strelli.be\/en\/la-marque\/history\/","title":{"rendered":"History"},"content":{"rendered":"\n<p><strong>Company Profile\r\n<\/strong><\/p>\n\n<p>Olivier Strelli recognized in high-end ready-to-wear is a brand with a great majority of its products are designed and manufactured in Belgium. The brand owes its authenticity and its\r\nemblematic brand for the implementation of noble materials, colors exotic and flowing lines.\r\n<\/p>\n\n<p>1979 Creation of the Olivier brand\r\nStrelli which is growing internationally.<\/p>\n\n<p><strong>Authentic brand<\/strong><\/p>\n\n<p>African Boubou and printed ethnic with charming colors, the secret of Olivier Strelli lies in the roots Cosmopolitan roots of the family saga. Tribal drawings are hand drawn, before being numerised.<\/p>\n\n<p>Each creation comes to life through a palette of eight to ten exotic colors that, once brought together, create a symphony. All the threads are hand-colored by a Belgian craftsman.<\/p>\n\n<p>We are looking for the mixture ideal of extra wool, cotton and silk for the sake of elegance and lightness.\r\nThis mixture is then woven to create a fabric that is both soft and warm. So it will take 8km of net close to 8 million wire crossing to finalize the making of an Olivier Strelli scarf.\r\n<\/p>\n\n<p><strong>Our vision<\/strong><\/p>\n\n<p>We wish to respond to the diversity of contemporary lifestyles through scarves of various models and formats.<\/p>\n\n<p>A trendy look with accents ethnic groups reflects the spirit of modern nomads at the crossroads of teh world. Our followers do not therefore, do not group together under a common denominator.<\/p>\n\n<p>&#8211;<\/p>\n\n<p>We consider each collection as an evolution rather than a revolution, where each collection dresses the seasons with its colors and new graphics.<\/p>\n\n<p>A succession of noble materials, warm colors and the attention to detail is the trademark of Olivier Strelli.<\/p>\n\n<p><strong>our values<\/strong><\/p>\n\n<p>We want to transmit our values \u200b\u200bthrough our scarf collections: quality, warmth,sweetness, luxury, refinement, pleasure, cosmopolitanism, and color. Proud of our Belgian identity, we defend our local colors by producing all our scarves in a Belgian workshop.<\/p>\n","protected":false},"excerpt":{"rendered":"<p>Company Profile Olivier Strelli recognized in high-end ready-to-wear is a brand with a great majority of its products are designed and manufactured in Belgium. The brand owes its authenticity and its emblematic brand for the implementation of noble materials, colors exotic and flowing lines. 1979 Creation of the Olivier brand Strelli which is growing internationally. [&hellip;]<\/p>\n","protected":false},"author":1,"featured_media":0,"parent":3817,"menu_order":12,"comment_status":"closed","ping_status":"closed","template":"page.php","meta":{"_acf_changed":false,"footnotes":""},"class_list":["post-3806","page","type-page","status-publish","hentry"],"acf":[],"yoast_head":"<!-- This site is optimized with the Yoast SEO plugin v25.3.1 - https:\/\/yoast.com\/wordpress\/plugins\/seo\/ -->\n<title>History - Olivier Strelli<\/title>\n<meta name=\"robots\" content=\"index, follow, max-snippet:-1, max-image-preview:large, max-video-preview:-1\" \/>\n<link rel=\"canonical\" href=\"https:\/\/www.strelli.be\/en\/la-marque\/history\/\" \/>\n<meta property=\"og:locale\" content=\"en_US\" \/>\n<meta property=\"og:type\" content=\"article\" \/>\n<meta property=\"og:title\" content=\"History - Olivier Strelli\" \/>\n<meta property=\"og:description\" content=\"Company Profile Olivier Strelli recognized in high-end ready-to-wear is a brand with a great majority of its products are designed and manufactured in Belgium. The brand owes its authenticity and its emblematic brand for the implementation of noble materials, colors exotic and flowing lines. 1979 Creation of the Olivier brand Strelli which is growing internationally. [&hellip;]\" \/>\n<meta property=\"og:url\" content=\"https:\/\/www.strelli.be\/en\/la-marque\/history\/\" \/>\n<meta property=\"og:site_name\" content=\"Olivier Strelli\" \/>\n<meta property=\"article:modified_time\" content=\"2019-10-11T14:28:55+00:00\" \/>\n<meta name=\"twitter:card\" content=\"summary_large_image\" \/>\n<meta name=\"twitter:label1\" content=\"Est. reading time\" \/>\n\t<meta name=\"twitter:data1\" content=\"2 minutes\" \/>\n<script type=\"application\/ld+json\" class=\"yoast-schema-graph\">{\"@context\":\"https:\/\/schema.org\",\"@graph\":[{\"@type\":\"WebPage\",\"@id\":\"https:\/\/www.strelli.be\/en\/la-marque\/history\/\",\"url\":\"https:\/\/www.strelli.be\/en\/la-marque\/history\/\",\"name\":\"History - Olivier Strelli\",\"isPartOf\":{\"@id\":\"https:\/\/www.strelli.be\/#website\"},\"datePublished\":\"2019-10-11T14:28:54+00:00\",\"dateModified\":\"2019-10-11T14:28:55+00:00\",\"breadcrumb\":{\"@id\":\"https:\/\/www.strelli.be\/en\/la-marque\/history\/#breadcrumb\"},\"inLanguage\":\"en-US\",\"potentialAction\":[{\"@type\":\"ReadAction\",\"target\":[\"https:\/\/www.strelli.be\/en\/la-marque\/history\/\"]}]},{\"@type\":\"BreadcrumbList\",\"@id\":\"https:\/\/www.strelli.be\/en\/la-marque\/history\/#breadcrumb\",\"itemListElement\":[{\"@type\":\"ListItem\",\"position\":1,\"name\":\"Accueil\",\"item\":\"https:\/\/www.strelli.be\/en\/\"},{\"@type\":\"ListItem\",\"position\":2,\"name\":\"The brand\",\"item\":\"https:\/\/www.strelli.be\/en\/la-marque\/\"},{\"@type\":\"ListItem\",\"position\":3,\"name\":\"History\"}]},{\"@type\":\"WebSite\",\"@id\":\"https:\/\/www.strelli.be\/#website\",\"url\":\"https:\/\/www.strelli.be\/\",\"name\":\"Olivier Strelli\",\"description\":\"Les \u00e9charpes tiss\u00e9es, color\u00e9es, cr\u00e9es et fabriqu\u00e9es en Belgique\",\"potentialAction\":[{\"@type\":\"SearchAction\",\"target\":{\"@type\":\"EntryPoint\",\"urlTemplate\":\"https:\/\/www.strelli.be\/?s={search_term_string}\"},\"query-input\":{\"@type\":\"PropertyValueSpecification\",\"valueRequired\":true,\"valueName\":\"search_term_string\"}}],\"inLanguage\":\"en-US\"}]}<\/script>\n<!-- \/ Yoast SEO plugin. -->","yoast_head_json":{"title":"History - Olivier Strelli","robots":{"index":"index","follow":"follow","max-snippet":"max-snippet:-1","max-image-preview":"max-image-preview:large","max-video-preview":"max-video-preview:-1"},"canonical":"https:\/\/www.strelli.be\/en\/la-marque\/history\/","og_locale":"en_US","og_type":"article","og_title":"History - Olivier Strelli","og_description":"Company Profile Olivier Strelli recognized in high-end ready-to-wear is a brand with a great majority of its products are designed and manufactured in Belgium. The brand owes its authenticity and its emblematic brand for the implementation of noble materials, colors exotic and flowing lines. 1979 Creation of the Olivier brand Strelli which is growing internationally. [&hellip;]","og_url":"https:\/\/www.strelli.be\/en\/la-marque\/history\/","og_site_name":"Olivier Strelli","article_modified_time":"2019-10-11T14:28:55+00:00","twitter_card":"summary_large_image","twitter_misc":{"Est. reading time":"2 minutes"},"schema":{"@context":"https:\/\/schema.org","@graph":[{"@type":"WebPage","@id":"https:\/\/www.strelli.be\/en\/la-marque\/history\/","url":"https:\/\/www.strelli.be\/en\/la-marque\/history\/","name":"History - Olivier Strelli","isPartOf":{"@id":"https:\/\/www.strelli.be\/#website"},"datePublished":"2019-10-11T14:28:54+00:00","dateModified":"2019-10-11T14:28:55+00:00","breadcrumb":{"@id":"https:\/\/www.strelli.be\/en\/la-marque\/history\/#breadcrumb"},"inLanguage":"en-US","potentialAction":[{"@type":"ReadAction","target":["https:\/\/www.strelli.be\/en\/la-marque\/history\/"]}]},{"@type":"BreadcrumbList","@id":"https:\/\/www.strelli.be\/en\/la-marque\/history\/#breadcrumb","itemListElement":[{"@type":"ListItem","position":1,"name":"Accueil","item":"https:\/\/www.strelli.be\/en\/"},{"@type":"ListItem","position":2,"name":"The brand","item":"https:\/\/www.strelli.be\/en\/la-marque\/"},{"@type":"ListItem","position":3,"name":"History"}]},{"@type":"WebSite","@id":"https:\/\/www.strelli.be\/#website","url":"https:\/\/www.strelli.be\/","name":"Olivier Strelli","description":"Les \u00e9charpes tiss\u00e9es, color\u00e9es, cr\u00e9es et fabriqu\u00e9es en Belgique","potentialAction":[{"@type":"SearchAction","target":{"@type":"EntryPoint","urlTemplate":"https:\/\/www.strelli.be\/?s={search_term_string}"},"query-input":{"@type":"PropertyValueSpecification","valueRequired":true,"valueName":"search_term_string"}}],"inLanguage":"en-US"}]}},"_links":{"self":[{"href":"https:\/\/www.strelli.be\/en\/wp-json\/wp\/v2\/pages\/3806","targetHints":{"allow":["GET"]}}],"collection":[{"href":"https:\/\/www.strelli.be\/en\/wp-json\/wp\/v2\/pages"}],"about":[{"href":"https:\/\/www.strelli.be\/en\/wp-json\/wp\/v2\/types\/page"}],"author":[{"embeddable":true,"href":"https:\/\/www.strelli.be\/en\/wp-json\/wp\/v2\/users\/1"}],"replies":[{"embeddable":true,"href":"https:\/\/www.strelli.be\/en\/wp-json\/wp\/v2\/comments?post=3806"}],"version-history":[{"count":0,"href":"https:\/\/www.strelli.be\/en\/wp-json\/wp\/v2\/pages\/3806\/revisions"}],"up":[{"embeddable":true,"href":"https:\/\/www.strelli.be\/en\/wp-json\/wp\/v2\/pages\/3817"}],"wp:attachment":[{"href":"https:\/\/www.strelli.be\/en\/wp-json\/wp\/v2\/media?parent=3806"}],"curies":[{"name":"wp","href":"https:\/\/api.w.org\/{rel}","templated":true}]}}