{"id":11513,"date":"2023-05-24T11:01:21","date_gmt":"2023-05-24T09:01:21","guid":{"rendered":"https:\/\/www.strelli.be\/?post_type=product&#038;p=11513"},"modified":"2024-11-08T15:40:02","modified_gmt":"2024-11-08T14:40:02","slug":"j-jhibiscus72-100-coton-copie","status":"publish","type":"product","link":"https:\/\/www.strelli.be\/en\/shop\/scarves\/blackwhite-en\/j-jhibiscus72-100-coton-copie\/","title":{"rendered":"N-hibiscus72H 100% Coton"},"content":{"rendered":"<p>100% wool scarf, Made in Belgium<\/p>\n<p>Size: 70 cm x 180 cm<br \/>\nComposition: 100% Cotton<\/p>\n<p>Care instructions: Dry cleaning<\/p>\n","protected":false},"excerpt":{"rendered":"<p><span class=\"Y2IQFc\" lang=\"nl\">Unisex 100% cotton woven scarf, colorful floral patterns<\/span><\/p>\n","protected":false},"featured_media":11114,"template":"","meta":{"_acf_changed":false},"product_brand":[],"product_cat":[149,152,69,161,139,68],"product_tag":[],"class_list":{"0":"post-11513","1":"product","2":"type-product","3":"status-publish","4":"has-post-thumbnail","6":"product_cat-blackwhite-en","7":"product_cat-blackfriday-en","8":"product_cat-classic","9":"product_cat-men","10":"product_cat-nouveautes-en","11":"product_cat-scarves","13":"first","14":"instock","15":"sale","16":"shipping-taxable","17":"purchasable","18":"product-type-simple"},"acf":[],"yoast_head":"<!-- This site is optimized with the Yoast SEO plugin v25.3.1 - https:\/\/yoast.com\/wordpress\/plugins\/seo\/ -->\n<title>N-hibiscus72H 100% Coton - Olivier Strelli<\/title>\n<meta name=\"robots\" content=\"index, follow, max-snippet:-1, max-image-preview:large, max-video-preview:-1\" \/>\n<link rel=\"canonical\" href=\"https:\/\/www.strelli.be\/en\/shop\/sjaal\/blackwhite\/j-jhibiscus72-100-coton-copie\/\" \/>\n<meta property=\"og:locale\" content=\"en_US\" \/>\n<meta property=\"og:type\" content=\"article\" \/>\n<meta property=\"og:title\" content=\"N-hibiscus72H 100% Coton - Olivier Strelli\" \/>\n<meta property=\"og:description\" content=\"Unisex 100% cotton woven scarf, colorful floral patterns\" \/>\n<meta property=\"og:url\" content=\"https:\/\/www.strelli.be\/en\/shop\/sjaal\/blackwhite\/j-jhibiscus72-100-coton-copie\/\" \/>\n<meta property=\"og:site_name\" content=\"Olivier Strelli\" \/>\n<meta property=\"article:modified_time\" content=\"2024-11-08T14:40:02+00:00\" \/>\n<meta property=\"og:image\" content=\"https:\/\/www.strelli.be\/wp-content\/uploads\/2022\/11\/hibiscus72-IMG_7012.jpeg\" \/>\n\t<meta property=\"og:image:width\" content=\"1024\" \/>\n\t<meta property=\"og:image:height\" content=\"1280\" \/>\n\t<meta property=\"og:image:type\" content=\"image\/jpeg\" \/>\n<meta name=\"twitter:card\" content=\"summary_large_image\" \/>\n<meta name=\"twitter:label1\" content=\"Est. reading time\" \/>\n\t<meta name=\"twitter:data1\" content=\"1 minute\" \/>\n<script type=\"application\/ld+json\" class=\"yoast-schema-graph\">{\"@context\":\"https:\/\/schema.org\",\"@graph\":[{\"@type\":\"WebPage\",\"@id\":\"https:\/\/www.strelli.be\/en\/shop\/sjaal\/blackwhite\/j-jhibiscus72-100-coton-copie\/\",\"url\":\"https:\/\/www.strelli.be\/en\/shop\/sjaal\/blackwhite\/j-jhibiscus72-100-coton-copie\/\",\"name\":\"N-hibiscus72H 100% Coton - Olivier Strelli\",\"isPartOf\":{\"@id\":\"https:\/\/www.strelli.be\/#website\"},\"primaryImageOfPage\":{\"@id\":\"https:\/\/www.strelli.be\/en\/shop\/sjaal\/blackwhite\/j-jhibiscus72-100-coton-copie\/#primaryimage\"},\"image\":{\"@id\":\"https:\/\/www.strelli.be\/en\/shop\/sjaal\/blackwhite\/j-jhibiscus72-100-coton-copie\/#primaryimage\"},\"thumbnailUrl\":\"https:\/\/www.strelli.be\/wp-content\/uploads\/2023\/05\/hibiscus72IMG_8237r.jpg\",\"datePublished\":\"2023-05-24T09:01:21+00:00\",\"dateModified\":\"2024-11-08T14:40:02+00:00\",\"breadcrumb\":{\"@id\":\"https:\/\/www.strelli.be\/en\/shop\/sjaal\/blackwhite\/j-jhibiscus72-100-coton-copie\/#breadcrumb\"},\"inLanguage\":\"en-US\",\"potentialAction\":[{\"@type\":\"ReadAction\",\"target\":[\"https:\/\/www.strelli.be\/en\/shop\/sjaal\/blackwhite\/j-jhibiscus72-100-coton-copie\/\"]}]},{\"@type\":\"ImageObject\",\"inLanguage\":\"en-US\",\"@id\":\"https:\/\/www.strelli.be\/en\/shop\/sjaal\/blackwhite\/j-jhibiscus72-100-coton-copie\/#primaryimage\",\"url\":\"https:\/\/www.strelli.be\/wp-content\/uploads\/2023\/05\/hibiscus72IMG_8237r.jpg\",\"contentUrl\":\"https:\/\/www.strelli.be\/wp-content\/uploads\/2023\/05\/hibiscus72IMG_8237r.jpg\",\"width\":1978,\"height\":2560},{\"@type\":\"BreadcrumbList\",\"@id\":\"https:\/\/www.strelli.be\/en\/shop\/sjaal\/blackwhite\/j-jhibiscus72-100-coton-copie\/#breadcrumb\",\"itemListElement\":[{\"@type\":\"ListItem\",\"position\":1,\"name\":\"Accueil\",\"item\":\"https:\/\/www.strelli.be\/en\/\"},{\"@type\":\"ListItem\",\"position\":2,\"name\":\"Shop\",\"item\":\"https:\/\/www.strelli.be\/en\/shop\/\"},{\"@type\":\"ListItem\",\"position\":3,\"name\":\"j-jhibiscus72 100% Coton (Copie)\"}]},{\"@type\":\"WebSite\",\"@id\":\"https:\/\/www.strelli.be\/#website\",\"url\":\"https:\/\/www.strelli.be\/\",\"name\":\"Olivier Strelli\",\"description\":\"Les \u00e9charpes tiss\u00e9es, color\u00e9es, cr\u00e9es et fabriqu\u00e9es en Belgique\",\"potentialAction\":[{\"@type\":\"SearchAction\",\"target\":{\"@type\":\"EntryPoint\",\"urlTemplate\":\"https:\/\/www.strelli.be\/?s={search_term_string}\"},\"query-input\":{\"@type\":\"PropertyValueSpecification\",\"valueRequired\":true,\"valueName\":\"search_term_string\"}}],\"inLanguage\":\"en-US\"}]}<\/script>\n<!-- \/ Yoast SEO plugin. -->","yoast_head_json":{"title":"N-hibiscus72H 100% Coton - Olivier Strelli","robots":{"index":"index","follow":"follow","max-snippet":"max-snippet:-1","max-image-preview":"max-image-preview:large","max-video-preview":"max-video-preview:-1"},"canonical":"https:\/\/www.strelli.be\/en\/shop\/sjaal\/blackwhite\/j-jhibiscus72-100-coton-copie\/","og_locale":"en_US","og_type":"article","og_title":"N-hibiscus72H 100% Coton - Olivier Strelli","og_description":"Unisex 100% cotton woven scarf, colorful floral patterns","og_url":"https:\/\/www.strelli.be\/en\/shop\/sjaal\/blackwhite\/j-jhibiscus72-100-coton-copie\/","og_site_name":"Olivier Strelli","article_modified_time":"2024-11-08T14:40:02+00:00","og_image":[{"width":1024,"height":1280,"url":"https:\/\/www.strelli.be\/wp-content\/uploads\/2022\/11\/hibiscus72-IMG_7012.jpeg","type":"image\/jpeg"}],"twitter_card":"summary_large_image","twitter_misc":{"Est. reading time":"1 minute"},"schema":{"@context":"https:\/\/schema.org","@graph":[{"@type":"WebPage","@id":"https:\/\/www.strelli.be\/en\/shop\/sjaal\/blackwhite\/j-jhibiscus72-100-coton-copie\/","url":"https:\/\/www.strelli.be\/en\/shop\/sjaal\/blackwhite\/j-jhibiscus72-100-coton-copie\/","name":"N-hibiscus72H 100% Coton - Olivier Strelli","isPartOf":{"@id":"https:\/\/www.strelli.be\/#website"},"primaryImageOfPage":{"@id":"https:\/\/www.strelli.be\/en\/shop\/sjaal\/blackwhite\/j-jhibiscus72-100-coton-copie\/#primaryimage"},"image":{"@id":"https:\/\/www.strelli.be\/en\/shop\/sjaal\/blackwhite\/j-jhibiscus72-100-coton-copie\/#primaryimage"},"thumbnailUrl":"https:\/\/www.strelli.be\/wp-content\/uploads\/2023\/05\/hibiscus72IMG_8237r.jpg","datePublished":"2023-05-24T09:01:21+00:00","dateModified":"2024-11-08T14:40:02+00:00","breadcrumb":{"@id":"https:\/\/www.strelli.be\/en\/shop\/sjaal\/blackwhite\/j-jhibiscus72-100-coton-copie\/#breadcrumb"},"inLanguage":"en-US","potentialAction":[{"@type":"ReadAction","target":["https:\/\/www.strelli.be\/en\/shop\/sjaal\/blackwhite\/j-jhibiscus72-100-coton-copie\/"]}]},{"@type":"ImageObject","inLanguage":"en-US","@id":"https:\/\/www.strelli.be\/en\/shop\/sjaal\/blackwhite\/j-jhibiscus72-100-coton-copie\/#primaryimage","url":"https:\/\/www.strelli.be\/wp-content\/uploads\/2023\/05\/hibiscus72IMG_8237r.jpg","contentUrl":"https:\/\/www.strelli.be\/wp-content\/uploads\/2023\/05\/hibiscus72IMG_8237r.jpg","width":1978,"height":2560},{"@type":"BreadcrumbList","@id":"https:\/\/www.strelli.be\/en\/shop\/sjaal\/blackwhite\/j-jhibiscus72-100-coton-copie\/#breadcrumb","itemListElement":[{"@type":"ListItem","position":1,"name":"Accueil","item":"https:\/\/www.strelli.be\/en\/"},{"@type":"ListItem","position":2,"name":"Shop","item":"https:\/\/www.strelli.be\/en\/shop\/"},{"@type":"ListItem","position":3,"name":"j-jhibiscus72 100% Coton (Copie)"}]},{"@type":"WebSite","@id":"https:\/\/www.strelli.be\/#website","url":"https:\/\/www.strelli.be\/","name":"Olivier Strelli","description":"Les \u00e9charpes tiss\u00e9es, color\u00e9es, cr\u00e9es et fabriqu\u00e9es en Belgique","potentialAction":[{"@type":"SearchAction","target":{"@type":"EntryPoint","urlTemplate":"https:\/\/www.strelli.be\/?s={search_term_string}"},"query-input":{"@type":"PropertyValueSpecification","valueRequired":true,"valueName":"search_term_string"}}],"inLanguage":"en-US"}]}},"_links":{"self":[{"href":"https:\/\/www.strelli.be\/en\/wp-json\/wp\/v2\/product\/11513","targetHints":{"allow":["GET"]}}],"collection":[{"href":"https:\/\/www.strelli.be\/en\/wp-json\/wp\/v2\/product"}],"about":[{"href":"https:\/\/www.strelli.be\/en\/wp-json\/wp\/v2\/types\/product"}],"wp:featuredmedia":[{"embeddable":true,"href":"https:\/\/www.strelli.be\/en\/wp-json\/wp\/v2\/media\/11114"}],"wp:attachment":[{"href":"https:\/\/www.strelli.be\/en\/wp-json\/wp\/v2\/media?parent=11513"}],"wp:term":[{"taxonomy":"product_brand","embeddable":true,"href":"https:\/\/www.strelli.be\/en\/wp-json\/wp\/v2\/product_brand?post=11513"},{"taxonomy":"product_cat","embeddable":true,"href":"https:\/\/www.strelli.be\/en\/wp-json\/wp\/v2\/product_cat?post=11513"},{"taxonomy":"product_tag","embeddable":true,"href":"https:\/\/www.strelli.be\/en\/wp-json\/wp\/v2\/product_tag?post=11513"}],"curies":[{"name":"wp","href":"https:\/\/api.w.org\/{rel}","templated":true}]}}