{"id":14705,"date":"2024-05-21T14:59:56","date_gmt":"2024-05-21T12:59:56","guid":{"rendered":"https:\/\/www.strelli.be\/shop\/uncategorized\/l-liam13\/"},"modified":"2024-12-20T15:36:46","modified_gmt":"2024-12-20T14:36:46","slug":"l-liam13","status":"publish","type":"product","link":"https:\/\/www.strelli.be\/en\/shop\/echarpes\/intemporelles\/l-liam13\/","title":{"rendered":"L-LIAM13"},"content":{"rendered":"<p>100% wool scarf, Made in Belgium<br \/>\nSize: 70 cm x 180 cm<br \/>\nComposition: 100% Wool<br \/>\nCare instructions: Dry cleaning<\/p>\n","protected":false},"excerpt":{"rendered":"<p>Unisex scarf woven 100% wool, colorful Geometric Vintage design<\/p>\n","protected":false},"featured_media":14195,"template":"","meta":{"_acf_changed":false},"product_brand":[],"product_cat":[69,157,137,139,68,159,17,19],"product_tag":[],"class_list":{"0":"post-14705","1":"product","2":"type-product","3":"status-publish","4":"has-post-thumbnail","6":"product_cat-classic","7":"product_cat-femme","8":"product_cat-nouveautes","9":"product_cat-nouveautes-en","10":"product_cat-scarves","11":"product_cat-femme-en","12":"product_cat-echarpes","13":"product_cat-intemporelles","15":"first","16":"instock","17":"shipping-taxable","18":"purchasable","19":"product-type-simple"},"acf":[],"yoast_head":"<!-- This site is optimized with the Yoast SEO plugin v25.3.1 - https:\/\/yoast.com\/wordpress\/plugins\/seo\/ -->\n<title>Blue woman&#039;s scarf woven in wool, geometric design - Strelli<\/title>\n<meta name=\"description\" content=\"Blue scarf woven in wool with geometric designs, reference LIAM 13 women, produced in Belgium, Olivier Strelli brand, 70cm x 180cm\" \/>\n<meta name=\"robots\" content=\"index, follow, max-snippet:-1, max-image-preview:large, max-video-preview:-1\" \/>\n<link rel=\"canonical\" href=\"https:\/\/www.strelli.be\/en\/shop\/echarpes\/intemporelles\/l-liam13\/\" \/>\n<meta property=\"og:locale\" content=\"en_US\" \/>\n<meta property=\"og:type\" content=\"article\" \/>\n<meta property=\"og:title\" content=\"Blue woman&#039;s scarf woven in wool, geometric design - Strelli\" \/>\n<meta property=\"og:description\" content=\"Blue scarf woven in wool with geometric designs, reference LIAM 13 women, produced in Belgium, Olivier Strelli brand, 70cm x 180cm\" \/>\n<meta property=\"og:url\" content=\"https:\/\/www.strelli.be\/en\/shop\/echarpes\/intemporelles\/l-liam13\/\" \/>\n<meta property=\"og:site_name\" content=\"Olivier Strelli\" \/>\n<meta property=\"article:modified_time\" content=\"2024-12-20T14:36:46+00:00\" \/>\n<meta property=\"og:image\" content=\"https:\/\/www.strelli.be\/wp-content\/uploads\/2024\/05\/liam13IMG_5467-1.jpeg\" \/>\n\t<meta property=\"og:image:width\" content=\"2049\" \/>\n\t<meta property=\"og:image:height\" content=\"2560\" \/>\n\t<meta property=\"og:image:type\" content=\"image\/jpeg\" \/>\n<meta name=\"twitter:card\" content=\"summary_large_image\" \/>\n<meta name=\"twitter:label1\" content=\"Est. reading time\" \/>\n\t<meta name=\"twitter:data1\" content=\"1 minute\" \/>\n<script type=\"application\/ld+json\" class=\"yoast-schema-graph\">{\"@context\":\"https:\/\/schema.org\",\"@graph\":[{\"@type\":\"WebPage\",\"@id\":\"https:\/\/www.strelli.be\/en\/shop\/echarpes\/intemporelles\/l-liam13\/\",\"url\":\"https:\/\/www.strelli.be\/en\/shop\/echarpes\/intemporelles\/l-liam13\/\",\"name\":\"Blue woman's scarf woven in wool, geometric design - Strelli\",\"isPartOf\":{\"@id\":\"https:\/\/www.strelli.be\/#website\"},\"primaryImageOfPage\":{\"@id\":\"https:\/\/www.strelli.be\/en\/shop\/echarpes\/intemporelles\/l-liam13\/#primaryimage\"},\"image\":{\"@id\":\"https:\/\/www.strelli.be\/en\/shop\/echarpes\/intemporelles\/l-liam13\/#primaryimage\"},\"thumbnailUrl\":\"https:\/\/www.strelli.be\/wp-content\/uploads\/2024\/05\/liam13IMG_5467-1.jpeg\",\"datePublished\":\"2024-05-21T12:59:56+00:00\",\"dateModified\":\"2024-12-20T14:36:46+00:00\",\"description\":\"Blue scarf woven in wool with geometric designs, reference LIAM 13 women, produced in Belgium, Olivier Strelli brand, 70cm x 180cm\",\"breadcrumb\":{\"@id\":\"https:\/\/www.strelli.be\/en\/shop\/echarpes\/intemporelles\/l-liam13\/#breadcrumb\"},\"inLanguage\":\"en-US\",\"potentialAction\":[{\"@type\":\"ReadAction\",\"target\":[\"https:\/\/www.strelli.be\/en\/shop\/echarpes\/intemporelles\/l-liam13\/\"]}]},{\"@type\":\"ImageObject\",\"inLanguage\":\"en-US\",\"@id\":\"https:\/\/www.strelli.be\/en\/shop\/echarpes\/intemporelles\/l-liam13\/#primaryimage\",\"url\":\"https:\/\/www.strelli.be\/wp-content\/uploads\/2024\/05\/liam13IMG_5467-1.jpeg\",\"contentUrl\":\"https:\/\/www.strelli.be\/wp-content\/uploads\/2024\/05\/liam13IMG_5467-1.jpeg\",\"width\":2049,\"height\":2560},{\"@type\":\"BreadcrumbList\",\"@id\":\"https:\/\/www.strelli.be\/en\/shop\/echarpes\/intemporelles\/l-liam13\/#breadcrumb\",\"itemListElement\":[{\"@type\":\"ListItem\",\"position\":1,\"name\":\"Accueil\",\"item\":\"https:\/\/www.strelli.be\/en\/\"},{\"@type\":\"ListItem\",\"position\":2,\"name\":\"Shop\",\"item\":\"https:\/\/www.strelli.be\/en\/shop\/\"},{\"@type\":\"ListItem\",\"position\":3,\"name\":\"L-LIAM13\"}]},{\"@type\":\"WebSite\",\"@id\":\"https:\/\/www.strelli.be\/#website\",\"url\":\"https:\/\/www.strelli.be\/\",\"name\":\"Olivier Strelli\",\"description\":\"Les \u00e9charpes tiss\u00e9es, color\u00e9es, cr\u00e9es et fabriqu\u00e9es en Belgique\",\"potentialAction\":[{\"@type\":\"SearchAction\",\"target\":{\"@type\":\"EntryPoint\",\"urlTemplate\":\"https:\/\/www.strelli.be\/?s={search_term_string}\"},\"query-input\":{\"@type\":\"PropertyValueSpecification\",\"valueRequired\":true,\"valueName\":\"search_term_string\"}}],\"inLanguage\":\"en-US\"}]}<\/script>\n<!-- \/ Yoast SEO plugin. -->","yoast_head_json":{"title":"Blue woman's scarf woven in wool, geometric design - Strelli","description":"Blue scarf woven in wool with geometric designs, reference LIAM 13 women, produced in Belgium, Olivier Strelli brand, 70cm x 180cm","robots":{"index":"index","follow":"follow","max-snippet":"max-snippet:-1","max-image-preview":"max-image-preview:large","max-video-preview":"max-video-preview:-1"},"canonical":"https:\/\/www.strelli.be\/en\/shop\/echarpes\/intemporelles\/l-liam13\/","og_locale":"en_US","og_type":"article","og_title":"Blue woman's scarf woven in wool, geometric design - Strelli","og_description":"Blue scarf woven in wool with geometric designs, reference LIAM 13 women, produced in Belgium, Olivier Strelli brand, 70cm x 180cm","og_url":"https:\/\/www.strelli.be\/en\/shop\/echarpes\/intemporelles\/l-liam13\/","og_site_name":"Olivier Strelli","article_modified_time":"2024-12-20T14:36:46+00:00","og_image":[{"width":2049,"height":2560,"url":"https:\/\/www.strelli.be\/wp-content\/uploads\/2024\/05\/liam13IMG_5467-1.jpeg","type":"image\/jpeg"}],"twitter_card":"summary_large_image","twitter_misc":{"Est. reading time":"1 minute"},"schema":{"@context":"https:\/\/schema.org","@graph":[{"@type":"WebPage","@id":"https:\/\/www.strelli.be\/en\/shop\/echarpes\/intemporelles\/l-liam13\/","url":"https:\/\/www.strelli.be\/en\/shop\/echarpes\/intemporelles\/l-liam13\/","name":"Blue woman's scarf woven in wool, geometric design - Strelli","isPartOf":{"@id":"https:\/\/www.strelli.be\/#website"},"primaryImageOfPage":{"@id":"https:\/\/www.strelli.be\/en\/shop\/echarpes\/intemporelles\/l-liam13\/#primaryimage"},"image":{"@id":"https:\/\/www.strelli.be\/en\/shop\/echarpes\/intemporelles\/l-liam13\/#primaryimage"},"thumbnailUrl":"https:\/\/www.strelli.be\/wp-content\/uploads\/2024\/05\/liam13IMG_5467-1.jpeg","datePublished":"2024-05-21T12:59:56+00:00","dateModified":"2024-12-20T14:36:46+00:00","description":"Blue scarf woven in wool with geometric designs, reference LIAM 13 women, produced in Belgium, Olivier Strelli brand, 70cm x 180cm","breadcrumb":{"@id":"https:\/\/www.strelli.be\/en\/shop\/echarpes\/intemporelles\/l-liam13\/#breadcrumb"},"inLanguage":"en-US","potentialAction":[{"@type":"ReadAction","target":["https:\/\/www.strelli.be\/en\/shop\/echarpes\/intemporelles\/l-liam13\/"]}]},{"@type":"ImageObject","inLanguage":"en-US","@id":"https:\/\/www.strelli.be\/en\/shop\/echarpes\/intemporelles\/l-liam13\/#primaryimage","url":"https:\/\/www.strelli.be\/wp-content\/uploads\/2024\/05\/liam13IMG_5467-1.jpeg","contentUrl":"https:\/\/www.strelli.be\/wp-content\/uploads\/2024\/05\/liam13IMG_5467-1.jpeg","width":2049,"height":2560},{"@type":"BreadcrumbList","@id":"https:\/\/www.strelli.be\/en\/shop\/echarpes\/intemporelles\/l-liam13\/#breadcrumb","itemListElement":[{"@type":"ListItem","position":1,"name":"Accueil","item":"https:\/\/www.strelli.be\/en\/"},{"@type":"ListItem","position":2,"name":"Shop","item":"https:\/\/www.strelli.be\/en\/shop\/"},{"@type":"ListItem","position":3,"name":"L-LIAM13"}]},{"@type":"WebSite","@id":"https:\/\/www.strelli.be\/#website","url":"https:\/\/www.strelli.be\/","name":"Olivier Strelli","description":"Les \u00e9charpes tiss\u00e9es, color\u00e9es, cr\u00e9es et fabriqu\u00e9es en Belgique","potentialAction":[{"@type":"SearchAction","target":{"@type":"EntryPoint","urlTemplate":"https:\/\/www.strelli.be\/?s={search_term_string}"},"query-input":{"@type":"PropertyValueSpecification","valueRequired":true,"valueName":"search_term_string"}}],"inLanguage":"en-US"}]}},"_links":{"self":[{"href":"https:\/\/www.strelli.be\/en\/wp-json\/wp\/v2\/product\/14705","targetHints":{"allow":["GET"]}}],"collection":[{"href":"https:\/\/www.strelli.be\/en\/wp-json\/wp\/v2\/product"}],"about":[{"href":"https:\/\/www.strelli.be\/en\/wp-json\/wp\/v2\/types\/product"}],"wp:featuredmedia":[{"embeddable":true,"href":"https:\/\/www.strelli.be\/en\/wp-json\/wp\/v2\/media\/14195"}],"wp:attachment":[{"href":"https:\/\/www.strelli.be\/en\/wp-json\/wp\/v2\/media?parent=14705"}],"wp:term":[{"taxonomy":"product_brand","embeddable":true,"href":"https:\/\/www.strelli.be\/en\/wp-json\/wp\/v2\/product_brand?post=14705"},{"taxonomy":"product_cat","embeddable":true,"href":"https:\/\/www.strelli.be\/en\/wp-json\/wp\/v2\/product_cat?post=14705"},{"taxonomy":"product_tag","embeddable":true,"href":"https:\/\/www.strelli.be\/en\/wp-json\/wp\/v2\/product_tag?post=14705"}],"curies":[{"name":"wp","href":"https:\/\/api.w.org\/{rel}","templated":true}]}}