{"id":8431,"date":"2022-05-23T10:53:15","date_gmt":"2022-05-23T08:53:15","guid":{"rendered":"https:\/\/www.strelli.be\/shop\/uncategorized\/o-japon51\/"},"modified":"2024-12-17T22:33:51","modified_gmt":"2024-12-17T21:33:51","slug":"o-japon51","status":"publish","type":"product","link":"https:\/\/www.strelli.be\/en\/shop\/scarves\/o-japon51\/","title":{"rendered":"o-japon51"},"content":{"rendered":"<p>100% wool scarf, Made in Belgium<\/p>\n<p>Size: 70 cm x 180 cm<br \/>\nComposition: 100% Wool<\/p>\n<p>Care instructions: Dry cleaning<\/p>\n","protected":false},"excerpt":{"rendered":"<p>Unisex 100% wool woven scarf, colored nature pacthworks patterns<\/p>\n","protected":false},"featured_media":8927,"template":"","meta":{"_acf_changed":false},"product_brand":[],"product_cat":[152,69,68,159],"product_tag":[],"class_list":{"0":"post-8431","1":"product","2":"type-product","3":"status-publish","4":"has-post-thumbnail","6":"product_cat-blackfriday-en","7":"product_cat-classic","8":"product_cat-scarves","9":"product_cat-femme-en","11":"first","12":"instock","13":"sale","14":"shipping-taxable","15":"purchasable","16":"product-type-simple"},"acf":[],"yoast_head":"<!-- This site is optimized with the Yoast SEO plugin v25.3.1 - https:\/\/yoast.com\/wordpress\/plugins\/seo\/ -->\n<title>o-japon51 - Olivier Strelli<\/title>\n<meta name=\"robots\" content=\"index, follow, max-snippet:-1, max-image-preview:large, max-video-preview:-1\" \/>\n<link rel=\"canonical\" href=\"https:\/\/www.strelli.be\/shop\/echarpes\/intemporelles\/o-japon51\/\" \/>\n<meta property=\"og:locale\" content=\"en_US\" \/>\n<meta property=\"og:type\" content=\"article\" \/>\n<meta property=\"og:title\" content=\"o-japon51 - Olivier Strelli\" \/>\n<meta property=\"og:description\" content=\"Unisex 100% wool woven scarf, colored nature pacthworks patterns\" \/>\n<meta property=\"og:url\" content=\"https:\/\/www.strelli.be\/shop\/echarpes\/intemporelles\/o-japon51\/\" \/>\n<meta property=\"og:site_name\" content=\"Olivier Strelli\" \/>\n<meta property=\"article:modified_time\" content=\"2024-12-17T21:33:51+00:00\" \/>\n<meta property=\"og:image\" content=\"https:\/\/www.strelli.be\/wp-content\/uploads\/2022\/09\/japon51-IMG_6045-819x1024.jpeg\" \/>\n\t<meta property=\"og:image:width\" content=\"819\" \/>\n\t<meta property=\"og:image:height\" content=\"1024\" \/>\n\t<meta property=\"og:image:type\" content=\"image\/jpeg\" \/>\n<meta name=\"twitter:card\" content=\"summary_large_image\" \/>\n<meta name=\"twitter:label1\" content=\"Est. reading time\" \/>\n\t<meta name=\"twitter:data1\" content=\"1 minute\" \/>\n<script type=\"application\/ld+json\" class=\"yoast-schema-graph\">{\"@context\":\"https:\/\/schema.org\",\"@graph\":[{\"@type\":\"WebPage\",\"@id\":\"https:\/\/www.strelli.be\/shop\/echarpes\/intemporelles\/o-japon51\/\",\"url\":\"https:\/\/www.strelli.be\/shop\/echarpes\/intemporelles\/o-japon51\/\",\"name\":\"o-japon51 - Olivier Strelli\",\"isPartOf\":{\"@id\":\"https:\/\/www.strelli.be\/#website\"},\"primaryImageOfPage\":{\"@id\":\"https:\/\/www.strelli.be\/shop\/echarpes\/intemporelles\/o-japon51\/#primaryimage\"},\"image\":{\"@id\":\"https:\/\/www.strelli.be\/shop\/echarpes\/intemporelles\/o-japon51\/#primaryimage\"},\"thumbnailUrl\":\"https:\/\/www.strelli.be\/wp-content\/uploads\/2022\/09\/japon51-IMG_6045.jpeg\",\"datePublished\":\"2022-05-23T08:53:15+00:00\",\"dateModified\":\"2024-12-17T21:33:51+00:00\",\"breadcrumb\":{\"@id\":\"https:\/\/www.strelli.be\/shop\/echarpes\/intemporelles\/o-japon51\/#breadcrumb\"},\"inLanguage\":\"en-US\",\"potentialAction\":[{\"@type\":\"ReadAction\",\"target\":[\"https:\/\/www.strelli.be\/shop\/echarpes\/intemporelles\/o-japon51\/\"]}]},{\"@type\":\"ImageObject\",\"inLanguage\":\"en-US\",\"@id\":\"https:\/\/www.strelli.be\/shop\/echarpes\/intemporelles\/o-japon51\/#primaryimage\",\"url\":\"https:\/\/www.strelli.be\/wp-content\/uploads\/2022\/09\/japon51-IMG_6045.jpeg\",\"contentUrl\":\"https:\/\/www.strelli.be\/wp-content\/uploads\/2022\/09\/japon51-IMG_6045.jpeg\",\"width\":2048,\"height\":2560},{\"@type\":\"BreadcrumbList\",\"@id\":\"https:\/\/www.strelli.be\/shop\/echarpes\/intemporelles\/o-japon51\/#breadcrumb\",\"itemListElement\":[{\"@type\":\"ListItem\",\"position\":1,\"name\":\"Accueil\",\"item\":\"https:\/\/www.strelli.be\/en\/\"},{\"@type\":\"ListItem\",\"position\":2,\"name\":\"Shop\",\"item\":\"https:\/\/www.strelli.be\/en\/shop\/\"},{\"@type\":\"ListItem\",\"position\":3,\"name\":\"o-japon51\"}]},{\"@type\":\"WebSite\",\"@id\":\"https:\/\/www.strelli.be\/#website\",\"url\":\"https:\/\/www.strelli.be\/\",\"name\":\"Olivier Strelli\",\"description\":\"Les \u00e9charpes tiss\u00e9es, color\u00e9es, cr\u00e9es et fabriqu\u00e9es en Belgique\",\"potentialAction\":[{\"@type\":\"SearchAction\",\"target\":{\"@type\":\"EntryPoint\",\"urlTemplate\":\"https:\/\/www.strelli.be\/?s={search_term_string}\"},\"query-input\":{\"@type\":\"PropertyValueSpecification\",\"valueRequired\":true,\"valueName\":\"search_term_string\"}}],\"inLanguage\":\"en-US\"}]}<\/script>\n<!-- \/ Yoast SEO plugin. -->","yoast_head_json":{"title":"o-japon51 - Olivier Strelli","robots":{"index":"index","follow":"follow","max-snippet":"max-snippet:-1","max-image-preview":"max-image-preview:large","max-video-preview":"max-video-preview:-1"},"canonical":"https:\/\/www.strelli.be\/shop\/echarpes\/intemporelles\/o-japon51\/","og_locale":"en_US","og_type":"article","og_title":"o-japon51 - Olivier Strelli","og_description":"Unisex 100% wool woven scarf, colored nature pacthworks patterns","og_url":"https:\/\/www.strelli.be\/shop\/echarpes\/intemporelles\/o-japon51\/","og_site_name":"Olivier Strelli","article_modified_time":"2024-12-17T21:33:51+00:00","og_image":[{"width":819,"height":1024,"url":"https:\/\/www.strelli.be\/wp-content\/uploads\/2022\/09\/japon51-IMG_6045-819x1024.jpeg","type":"image\/jpeg"}],"twitter_card":"summary_large_image","twitter_misc":{"Est. reading time":"1 minute"},"schema":{"@context":"https:\/\/schema.org","@graph":[{"@type":"WebPage","@id":"https:\/\/www.strelli.be\/shop\/echarpes\/intemporelles\/o-japon51\/","url":"https:\/\/www.strelli.be\/shop\/echarpes\/intemporelles\/o-japon51\/","name":"o-japon51 - Olivier Strelli","isPartOf":{"@id":"https:\/\/www.strelli.be\/#website"},"primaryImageOfPage":{"@id":"https:\/\/www.strelli.be\/shop\/echarpes\/intemporelles\/o-japon51\/#primaryimage"},"image":{"@id":"https:\/\/www.strelli.be\/shop\/echarpes\/intemporelles\/o-japon51\/#primaryimage"},"thumbnailUrl":"https:\/\/www.strelli.be\/wp-content\/uploads\/2022\/09\/japon51-IMG_6045.jpeg","datePublished":"2022-05-23T08:53:15+00:00","dateModified":"2024-12-17T21:33:51+00:00","breadcrumb":{"@id":"https:\/\/www.strelli.be\/shop\/echarpes\/intemporelles\/o-japon51\/#breadcrumb"},"inLanguage":"en-US","potentialAction":[{"@type":"ReadAction","target":["https:\/\/www.strelli.be\/shop\/echarpes\/intemporelles\/o-japon51\/"]}]},{"@type":"ImageObject","inLanguage":"en-US","@id":"https:\/\/www.strelli.be\/shop\/echarpes\/intemporelles\/o-japon51\/#primaryimage","url":"https:\/\/www.strelli.be\/wp-content\/uploads\/2022\/09\/japon51-IMG_6045.jpeg","contentUrl":"https:\/\/www.strelli.be\/wp-content\/uploads\/2022\/09\/japon51-IMG_6045.jpeg","width":2048,"height":2560},{"@type":"BreadcrumbList","@id":"https:\/\/www.strelli.be\/shop\/echarpes\/intemporelles\/o-japon51\/#breadcrumb","itemListElement":[{"@type":"ListItem","position":1,"name":"Accueil","item":"https:\/\/www.strelli.be\/en\/"},{"@type":"ListItem","position":2,"name":"Shop","item":"https:\/\/www.strelli.be\/en\/shop\/"},{"@type":"ListItem","position":3,"name":"o-japon51"}]},{"@type":"WebSite","@id":"https:\/\/www.strelli.be\/#website","url":"https:\/\/www.strelli.be\/","name":"Olivier Strelli","description":"Les \u00e9charpes tiss\u00e9es, color\u00e9es, cr\u00e9es et fabriqu\u00e9es en Belgique","potentialAction":[{"@type":"SearchAction","target":{"@type":"EntryPoint","urlTemplate":"https:\/\/www.strelli.be\/?s={search_term_string}"},"query-input":{"@type":"PropertyValueSpecification","valueRequired":true,"valueName":"search_term_string"}}],"inLanguage":"en-US"}]}},"_links":{"self":[{"href":"https:\/\/www.strelli.be\/en\/wp-json\/wp\/v2\/product\/8431","targetHints":{"allow":["GET"]}}],"collection":[{"href":"https:\/\/www.strelli.be\/en\/wp-json\/wp\/v2\/product"}],"about":[{"href":"https:\/\/www.strelli.be\/en\/wp-json\/wp\/v2\/types\/product"}],"wp:featuredmedia":[{"embeddable":true,"href":"https:\/\/www.strelli.be\/en\/wp-json\/wp\/v2\/media\/8927"}],"wp:attachment":[{"href":"https:\/\/www.strelli.be\/en\/wp-json\/wp\/v2\/media?parent=8431"}],"wp:term":[{"taxonomy":"product_brand","embeddable":true,"href":"https:\/\/www.strelli.be\/en\/wp-json\/wp\/v2\/product_brand?post=8431"},{"taxonomy":"product_cat","embeddable":true,"href":"https:\/\/www.strelli.be\/en\/wp-json\/wp\/v2\/product_cat?post=8431"},{"taxonomy":"product_tag","embeddable":true,"href":"https:\/\/www.strelli.be\/en\/wp-json\/wp\/v2\/product_tag?post=8431"}],"curies":[{"name":"wp","href":"https:\/\/api.w.org\/{rel}","templated":true}]}}