{"id":8449,"date":"2022-05-23T11:04:45","date_gmt":"2022-05-23T09:04:45","guid":{"rendered":"https:\/\/www.strelli.be\/shop\/uncategorized\/o-jacinthe25\/"},"modified":"2025-02-07T12:48:02","modified_gmt":"2025-02-07T11:48:02","slug":"o-jacinthe25","status":"publish","type":"product","link":"https:\/\/www.strelli.be\/en\/shop\/scarves\/o-jacinthe25\/","title":{"rendered":"o-jacinthe25"},"content":{"rendered":"<p>100% wool scarf, Made in Belgium<\/p>\n<p>Size: 70 cm x 180 cm<br \/>\nComposition: 100% Wool<\/p>\n<p>Care instructions: Dry cleaning<\/p>\n","protected":false},"excerpt":{"rendered":"<p>Unisex 100% wool woven scarf, colorful floral patterns<\/p>\n","protected":false},"featured_media":8900,"template":"","meta":{"_acf_changed":false},"product_brand":[],"product_cat":[152,69,68,159],"product_tag":[],"class_list":{"0":"post-8449","1":"product","2":"type-product","3":"status-publish","4":"has-post-thumbnail","6":"product_cat-blackfriday-en","7":"product_cat-classic","8":"product_cat-scarves","9":"product_cat-femme-en","11":"first","12":"instock","13":"sale","14":"shipping-taxable","15":"purchasable","16":"product-type-simple"},"acf":[],"yoast_head":"<!-- This site is optimized with the Yoast SEO plugin v25.3.1 - https:\/\/yoast.com\/wordpress\/plugins\/seo\/ -->\n<title>o-jacinthe25 - Olivier Strelli<\/title>\n<meta name=\"robots\" content=\"index, follow, max-snippet:-1, max-image-preview:large, max-video-preview:-1\" \/>\n<link rel=\"canonical\" href=\"https:\/\/www.strelli.be\/shop\/echarpes\/intemporelles\/o-jacinthe25\/\" \/>\n<meta property=\"og:locale\" content=\"en_US\" \/>\n<meta property=\"og:type\" content=\"article\" \/>\n<meta property=\"og:title\" content=\"o-jacinthe25 - Olivier Strelli\" \/>\n<meta property=\"og:description\" content=\"Unisex 100% wool woven scarf, colorful floral patterns\" \/>\n<meta property=\"og:url\" content=\"https:\/\/www.strelli.be\/shop\/echarpes\/intemporelles\/o-jacinthe25\/\" \/>\n<meta property=\"og:site_name\" content=\"Olivier Strelli\" \/>\n<meta property=\"article:modified_time\" content=\"2025-02-07T11:48:02+00:00\" \/>\n<meta property=\"og:image\" content=\"https:\/\/www.strelli.be\/wp-content\/uploads\/2022\/09\/jacinthe25-IMG_6230-819x1024.jpeg\" \/>\n\t<meta property=\"og:image:width\" content=\"819\" \/>\n\t<meta property=\"og:image:height\" content=\"1024\" \/>\n\t<meta property=\"og:image:type\" content=\"image\/jpeg\" \/>\n<meta name=\"twitter:card\" content=\"summary_large_image\" \/>\n<script type=\"application\/ld+json\" class=\"yoast-schema-graph\">{\"@context\":\"https:\/\/schema.org\",\"@graph\":[{\"@type\":\"WebPage\",\"@id\":\"https:\/\/www.strelli.be\/shop\/echarpes\/intemporelles\/o-jacinthe25\/\",\"url\":\"https:\/\/www.strelli.be\/shop\/echarpes\/intemporelles\/o-jacinthe25\/\",\"name\":\"o-jacinthe25 - Olivier Strelli\",\"isPartOf\":{\"@id\":\"https:\/\/www.strelli.be\/#website\"},\"primaryImageOfPage\":{\"@id\":\"https:\/\/www.strelli.be\/shop\/echarpes\/intemporelles\/o-jacinthe25\/#primaryimage\"},\"image\":{\"@id\":\"https:\/\/www.strelli.be\/shop\/echarpes\/intemporelles\/o-jacinthe25\/#primaryimage\"},\"thumbnailUrl\":\"https:\/\/www.strelli.be\/wp-content\/uploads\/2022\/09\/jacinthe25-IMG_6230.jpeg\",\"datePublished\":\"2022-05-23T09:04:45+00:00\",\"dateModified\":\"2025-02-07T11:48:02+00:00\",\"breadcrumb\":{\"@id\":\"https:\/\/www.strelli.be\/shop\/echarpes\/intemporelles\/o-jacinthe25\/#breadcrumb\"},\"inLanguage\":\"en-US\",\"potentialAction\":[{\"@type\":\"ReadAction\",\"target\":[\"https:\/\/www.strelli.be\/shop\/echarpes\/intemporelles\/o-jacinthe25\/\"]}]},{\"@type\":\"ImageObject\",\"inLanguage\":\"en-US\",\"@id\":\"https:\/\/www.strelli.be\/shop\/echarpes\/intemporelles\/o-jacinthe25\/#primaryimage\",\"url\":\"https:\/\/www.strelli.be\/wp-content\/uploads\/2022\/09\/jacinthe25-IMG_6230.jpeg\",\"contentUrl\":\"https:\/\/www.strelli.be\/wp-content\/uploads\/2022\/09\/jacinthe25-IMG_6230.jpeg\",\"width\":2048,\"height\":2560},{\"@type\":\"BreadcrumbList\",\"@id\":\"https:\/\/www.strelli.be\/shop\/echarpes\/intemporelles\/o-jacinthe25\/#breadcrumb\",\"itemListElement\":[{\"@type\":\"ListItem\",\"position\":1,\"name\":\"Accueil\",\"item\":\"https:\/\/www.strelli.be\/en\/\"},{\"@type\":\"ListItem\",\"position\":2,\"name\":\"Shop\",\"item\":\"https:\/\/www.strelli.be\/en\/shop\/\"},{\"@type\":\"ListItem\",\"position\":3,\"name\":\"o-jacinthe25\"}]},{\"@type\":\"WebSite\",\"@id\":\"https:\/\/www.strelli.be\/#website\",\"url\":\"https:\/\/www.strelli.be\/\",\"name\":\"Olivier Strelli\",\"description\":\"Les \u00e9charpes tiss\u00e9es, color\u00e9es, cr\u00e9es et fabriqu\u00e9es en Belgique\",\"potentialAction\":[{\"@type\":\"SearchAction\",\"target\":{\"@type\":\"EntryPoint\",\"urlTemplate\":\"https:\/\/www.strelli.be\/?s={search_term_string}\"},\"query-input\":{\"@type\":\"PropertyValueSpecification\",\"valueRequired\":true,\"valueName\":\"search_term_string\"}}],\"inLanguage\":\"en-US\"}]}<\/script>\n<!-- \/ Yoast SEO plugin. -->","yoast_head_json":{"title":"o-jacinthe25 - Olivier Strelli","robots":{"index":"index","follow":"follow","max-snippet":"max-snippet:-1","max-image-preview":"max-image-preview:large","max-video-preview":"max-video-preview:-1"},"canonical":"https:\/\/www.strelli.be\/shop\/echarpes\/intemporelles\/o-jacinthe25\/","og_locale":"en_US","og_type":"article","og_title":"o-jacinthe25 - Olivier Strelli","og_description":"Unisex 100% wool woven scarf, colorful floral patterns","og_url":"https:\/\/www.strelli.be\/shop\/echarpes\/intemporelles\/o-jacinthe25\/","og_site_name":"Olivier Strelli","article_modified_time":"2025-02-07T11:48:02+00:00","og_image":[{"width":819,"height":1024,"url":"https:\/\/www.strelli.be\/wp-content\/uploads\/2022\/09\/jacinthe25-IMG_6230-819x1024.jpeg","type":"image\/jpeg"}],"twitter_card":"summary_large_image","schema":{"@context":"https:\/\/schema.org","@graph":[{"@type":"WebPage","@id":"https:\/\/www.strelli.be\/shop\/echarpes\/intemporelles\/o-jacinthe25\/","url":"https:\/\/www.strelli.be\/shop\/echarpes\/intemporelles\/o-jacinthe25\/","name":"o-jacinthe25 - Olivier Strelli","isPartOf":{"@id":"https:\/\/www.strelli.be\/#website"},"primaryImageOfPage":{"@id":"https:\/\/www.strelli.be\/shop\/echarpes\/intemporelles\/o-jacinthe25\/#primaryimage"},"image":{"@id":"https:\/\/www.strelli.be\/shop\/echarpes\/intemporelles\/o-jacinthe25\/#primaryimage"},"thumbnailUrl":"https:\/\/www.strelli.be\/wp-content\/uploads\/2022\/09\/jacinthe25-IMG_6230.jpeg","datePublished":"2022-05-23T09:04:45+00:00","dateModified":"2025-02-07T11:48:02+00:00","breadcrumb":{"@id":"https:\/\/www.strelli.be\/shop\/echarpes\/intemporelles\/o-jacinthe25\/#breadcrumb"},"inLanguage":"en-US","potentialAction":[{"@type":"ReadAction","target":["https:\/\/www.strelli.be\/shop\/echarpes\/intemporelles\/o-jacinthe25\/"]}]},{"@type":"ImageObject","inLanguage":"en-US","@id":"https:\/\/www.strelli.be\/shop\/echarpes\/intemporelles\/o-jacinthe25\/#primaryimage","url":"https:\/\/www.strelli.be\/wp-content\/uploads\/2022\/09\/jacinthe25-IMG_6230.jpeg","contentUrl":"https:\/\/www.strelli.be\/wp-content\/uploads\/2022\/09\/jacinthe25-IMG_6230.jpeg","width":2048,"height":2560},{"@type":"BreadcrumbList","@id":"https:\/\/www.strelli.be\/shop\/echarpes\/intemporelles\/o-jacinthe25\/#breadcrumb","itemListElement":[{"@type":"ListItem","position":1,"name":"Accueil","item":"https:\/\/www.strelli.be\/en\/"},{"@type":"ListItem","position":2,"name":"Shop","item":"https:\/\/www.strelli.be\/en\/shop\/"},{"@type":"ListItem","position":3,"name":"o-jacinthe25"}]},{"@type":"WebSite","@id":"https:\/\/www.strelli.be\/#website","url":"https:\/\/www.strelli.be\/","name":"Olivier Strelli","description":"Les \u00e9charpes tiss\u00e9es, color\u00e9es, cr\u00e9es et fabriqu\u00e9es en Belgique","potentialAction":[{"@type":"SearchAction","target":{"@type":"EntryPoint","urlTemplate":"https:\/\/www.strelli.be\/?s={search_term_string}"},"query-input":{"@type":"PropertyValueSpecification","valueRequired":true,"valueName":"search_term_string"}}],"inLanguage":"en-US"}]}},"_links":{"self":[{"href":"https:\/\/www.strelli.be\/en\/wp-json\/wp\/v2\/product\/8449","targetHints":{"allow":["GET"]}}],"collection":[{"href":"https:\/\/www.strelli.be\/en\/wp-json\/wp\/v2\/product"}],"about":[{"href":"https:\/\/www.strelli.be\/en\/wp-json\/wp\/v2\/types\/product"}],"wp:featuredmedia":[{"embeddable":true,"href":"https:\/\/www.strelli.be\/en\/wp-json\/wp\/v2\/media\/8900"}],"wp:attachment":[{"href":"https:\/\/www.strelli.be\/en\/wp-json\/wp\/v2\/media?parent=8449"}],"wp:term":[{"taxonomy":"product_brand","embeddable":true,"href":"https:\/\/www.strelli.be\/en\/wp-json\/wp\/v2\/product_brand?post=8449"},{"taxonomy":"product_cat","embeddable":true,"href":"https:\/\/www.strelli.be\/en\/wp-json\/wp\/v2\/product_cat?post=8449"},{"taxonomy":"product_tag","embeddable":true,"href":"https:\/\/www.strelli.be\/en\/wp-json\/wp\/v2\/product_tag?post=8449"}],"curies":[{"name":"wp","href":"https:\/\/api.w.org\/{rel}","templated":true}]}}