{"id":9257,"date":"2022-11-21T17:31:14","date_gmt":"2022-11-21T16:31:14","guid":{"rendered":"https:\/\/www.strelli.be\/shop\/uncategorized\/j-jhibiscus72-100-coton\/"},"modified":"2024-11-08T15:41:54","modified_gmt":"2024-11-08T14:41:54","slug":"j-jhibiscus72-100-coton","status":"publish","type":"product","link":"https:\/\/www.strelli.be\/en\/shop\/scarves\/blackwhite-en\/j-jhibiscus72-100-coton\/","title":{"rendered":"N-hibiscus72 100% Coton"},"content":{"rendered":"<p>100% wool scarf, Made in Belgium<\/p>\n<p>Size: 70 cm x 180 cm<br \/>\nComposition: 100% Cotton<\/p>\n<p>Care instructions: Dry cleaning<\/p>\n","protected":false},"excerpt":{"rendered":"<p><span class=\"Y2IQFc\" lang=\"nl\">Unisex 100% cotton woven scarf, colorful floral patterns<\/span><\/p>\n","protected":false},"featured_media":9199,"template":"","meta":{"_acf_changed":false},"product_brand":[],"product_cat":[149,152,69,68,159],"product_tag":[],"class_list":{"0":"post-9257","1":"product","2":"type-product","3":"status-publish","4":"has-post-thumbnail","6":"product_cat-blackwhite-en","7":"product_cat-blackfriday-en","8":"product_cat-classic","9":"product_cat-scarves","10":"product_cat-femme-en","12":"first","13":"instock","14":"sale","15":"shipping-taxable","16":"purchasable","17":"product-type-simple"},"acf":[],"yoast_head":"<!-- This site is optimized with the Yoast SEO plugin v25.3.1 - https:\/\/yoast.com\/wordpress\/plugins\/seo\/ -->\n<title>N-hibiscus72 100% Coton - Olivier Strelli<\/title>\n<meta name=\"robots\" content=\"index, follow, max-snippet:-1, max-image-preview:large, max-video-preview:-1\" \/>\n<link rel=\"canonical\" href=\"https:\/\/www.strelli.be\/en\/shop\/sjaal\/blackwhite\/j-jhibiscus72-100-coton\/\" \/>\n<meta property=\"og:locale\" content=\"en_US\" \/>\n<meta property=\"og:type\" content=\"article\" \/>\n<meta property=\"og:title\" content=\"N-hibiscus72 100% Coton - Olivier Strelli\" \/>\n<meta property=\"og:description\" content=\"Unisex 100% cotton woven scarf, colorful floral patterns\" \/>\n<meta property=\"og:url\" content=\"https:\/\/www.strelli.be\/en\/shop\/sjaal\/blackwhite\/j-jhibiscus72-100-coton\/\" \/>\n<meta property=\"og:site_name\" content=\"Olivier Strelli\" \/>\n<meta property=\"article:modified_time\" content=\"2024-11-08T14:41:54+00:00\" \/>\n<meta property=\"og:image\" content=\"https:\/\/www.strelli.be\/wp-content\/uploads\/2022\/11\/hibiscus72-IMG_7012.jpeg\" \/>\n\t<meta property=\"og:image:width\" content=\"1024\" \/>\n\t<meta property=\"og:image:height\" content=\"1280\" \/>\n\t<meta property=\"og:image:type\" content=\"image\/jpeg\" \/>\n<meta name=\"twitter:card\" content=\"summary_large_image\" \/>\n<meta name=\"twitter:label1\" content=\"Est. reading time\" \/>\n\t<meta name=\"twitter:data1\" content=\"1 minute\" \/>\n<script type=\"application\/ld+json\" class=\"yoast-schema-graph\">{\"@context\":\"https:\/\/schema.org\",\"@graph\":[{\"@type\":\"WebPage\",\"@id\":\"https:\/\/www.strelli.be\/en\/shop\/sjaal\/blackwhite\/j-jhibiscus72-100-coton\/\",\"url\":\"https:\/\/www.strelli.be\/en\/shop\/sjaal\/blackwhite\/j-jhibiscus72-100-coton\/\",\"name\":\"N-hibiscus72 100% Coton - Olivier Strelli\",\"isPartOf\":{\"@id\":\"https:\/\/www.strelli.be\/#website\"},\"primaryImageOfPage\":{\"@id\":\"https:\/\/www.strelli.be\/en\/shop\/sjaal\/blackwhite\/j-jhibiscus72-100-coton\/#primaryimage\"},\"image\":{\"@id\":\"https:\/\/www.strelli.be\/en\/shop\/sjaal\/blackwhite\/j-jhibiscus72-100-coton\/#primaryimage\"},\"thumbnailUrl\":\"https:\/\/www.strelli.be\/wp-content\/uploads\/2022\/11\/hibiscus72-IMG_7012.jpeg\",\"datePublished\":\"2022-11-21T16:31:14+00:00\",\"dateModified\":\"2024-11-08T14:41:54+00:00\",\"breadcrumb\":{\"@id\":\"https:\/\/www.strelli.be\/en\/shop\/sjaal\/blackwhite\/j-jhibiscus72-100-coton\/#breadcrumb\"},\"inLanguage\":\"en-US\",\"potentialAction\":[{\"@type\":\"ReadAction\",\"target\":[\"https:\/\/www.strelli.be\/en\/shop\/sjaal\/blackwhite\/j-jhibiscus72-100-coton\/\"]}]},{\"@type\":\"ImageObject\",\"inLanguage\":\"en-US\",\"@id\":\"https:\/\/www.strelli.be\/en\/shop\/sjaal\/blackwhite\/j-jhibiscus72-100-coton\/#primaryimage\",\"url\":\"https:\/\/www.strelli.be\/wp-content\/uploads\/2022\/11\/hibiscus72-IMG_7012.jpeg\",\"contentUrl\":\"https:\/\/www.strelli.be\/wp-content\/uploads\/2022\/11\/hibiscus72-IMG_7012.jpeg\",\"width\":1024,\"height\":1280},{\"@type\":\"BreadcrumbList\",\"@id\":\"https:\/\/www.strelli.be\/en\/shop\/sjaal\/blackwhite\/j-jhibiscus72-100-coton\/#breadcrumb\",\"itemListElement\":[{\"@type\":\"ListItem\",\"position\":1,\"name\":\"Accueil\",\"item\":\"https:\/\/www.strelli.be\/en\/\"},{\"@type\":\"ListItem\",\"position\":2,\"name\":\"Shop\",\"item\":\"https:\/\/www.strelli.be\/en\/shop\/\"},{\"@type\":\"ListItem\",\"position\":3,\"name\":\"j-jhibiscus72 100% Coton\"}]},{\"@type\":\"WebSite\",\"@id\":\"https:\/\/www.strelli.be\/#website\",\"url\":\"https:\/\/www.strelli.be\/\",\"name\":\"Olivier Strelli\",\"description\":\"Les \u00e9charpes tiss\u00e9es, color\u00e9es, cr\u00e9es et fabriqu\u00e9es en Belgique\",\"potentialAction\":[{\"@type\":\"SearchAction\",\"target\":{\"@type\":\"EntryPoint\",\"urlTemplate\":\"https:\/\/www.strelli.be\/?s={search_term_string}\"},\"query-input\":{\"@type\":\"PropertyValueSpecification\",\"valueRequired\":true,\"valueName\":\"search_term_string\"}}],\"inLanguage\":\"en-US\"}]}<\/script>\n<!-- \/ Yoast SEO plugin. -->","yoast_head_json":{"title":"N-hibiscus72 100% Coton - Olivier Strelli","robots":{"index":"index","follow":"follow","max-snippet":"max-snippet:-1","max-image-preview":"max-image-preview:large","max-video-preview":"max-video-preview:-1"},"canonical":"https:\/\/www.strelli.be\/en\/shop\/sjaal\/blackwhite\/j-jhibiscus72-100-coton\/","og_locale":"en_US","og_type":"article","og_title":"N-hibiscus72 100% Coton - Olivier Strelli","og_description":"Unisex 100% cotton woven scarf, colorful floral patterns","og_url":"https:\/\/www.strelli.be\/en\/shop\/sjaal\/blackwhite\/j-jhibiscus72-100-coton\/","og_site_name":"Olivier Strelli","article_modified_time":"2024-11-08T14:41:54+00:00","og_image":[{"width":1024,"height":1280,"url":"https:\/\/www.strelli.be\/wp-content\/uploads\/2022\/11\/hibiscus72-IMG_7012.jpeg","type":"image\/jpeg"}],"twitter_card":"summary_large_image","twitter_misc":{"Est. reading time":"1 minute"},"schema":{"@context":"https:\/\/schema.org","@graph":[{"@type":"WebPage","@id":"https:\/\/www.strelli.be\/en\/shop\/sjaal\/blackwhite\/j-jhibiscus72-100-coton\/","url":"https:\/\/www.strelli.be\/en\/shop\/sjaal\/blackwhite\/j-jhibiscus72-100-coton\/","name":"N-hibiscus72 100% Coton - Olivier Strelli","isPartOf":{"@id":"https:\/\/www.strelli.be\/#website"},"primaryImageOfPage":{"@id":"https:\/\/www.strelli.be\/en\/shop\/sjaal\/blackwhite\/j-jhibiscus72-100-coton\/#primaryimage"},"image":{"@id":"https:\/\/www.strelli.be\/en\/shop\/sjaal\/blackwhite\/j-jhibiscus72-100-coton\/#primaryimage"},"thumbnailUrl":"https:\/\/www.strelli.be\/wp-content\/uploads\/2022\/11\/hibiscus72-IMG_7012.jpeg","datePublished":"2022-11-21T16:31:14+00:00","dateModified":"2024-11-08T14:41:54+00:00","breadcrumb":{"@id":"https:\/\/www.strelli.be\/en\/shop\/sjaal\/blackwhite\/j-jhibiscus72-100-coton\/#breadcrumb"},"inLanguage":"en-US","potentialAction":[{"@type":"ReadAction","target":["https:\/\/www.strelli.be\/en\/shop\/sjaal\/blackwhite\/j-jhibiscus72-100-coton\/"]}]},{"@type":"ImageObject","inLanguage":"en-US","@id":"https:\/\/www.strelli.be\/en\/shop\/sjaal\/blackwhite\/j-jhibiscus72-100-coton\/#primaryimage","url":"https:\/\/www.strelli.be\/wp-content\/uploads\/2022\/11\/hibiscus72-IMG_7012.jpeg","contentUrl":"https:\/\/www.strelli.be\/wp-content\/uploads\/2022\/11\/hibiscus72-IMG_7012.jpeg","width":1024,"height":1280},{"@type":"BreadcrumbList","@id":"https:\/\/www.strelli.be\/en\/shop\/sjaal\/blackwhite\/j-jhibiscus72-100-coton\/#breadcrumb","itemListElement":[{"@type":"ListItem","position":1,"name":"Accueil","item":"https:\/\/www.strelli.be\/en\/"},{"@type":"ListItem","position":2,"name":"Shop","item":"https:\/\/www.strelli.be\/en\/shop\/"},{"@type":"ListItem","position":3,"name":"j-jhibiscus72 100% Coton"}]},{"@type":"WebSite","@id":"https:\/\/www.strelli.be\/#website","url":"https:\/\/www.strelli.be\/","name":"Olivier Strelli","description":"Les \u00e9charpes tiss\u00e9es, color\u00e9es, cr\u00e9es et fabriqu\u00e9es en Belgique","potentialAction":[{"@type":"SearchAction","target":{"@type":"EntryPoint","urlTemplate":"https:\/\/www.strelli.be\/?s={search_term_string}"},"query-input":{"@type":"PropertyValueSpecification","valueRequired":true,"valueName":"search_term_string"}}],"inLanguage":"en-US"}]}},"_links":{"self":[{"href":"https:\/\/www.strelli.be\/en\/wp-json\/wp\/v2\/product\/9257","targetHints":{"allow":["GET"]}}],"collection":[{"href":"https:\/\/www.strelli.be\/en\/wp-json\/wp\/v2\/product"}],"about":[{"href":"https:\/\/www.strelli.be\/en\/wp-json\/wp\/v2\/types\/product"}],"wp:featuredmedia":[{"embeddable":true,"href":"https:\/\/www.strelli.be\/en\/wp-json\/wp\/v2\/media\/9199"}],"wp:attachment":[{"href":"https:\/\/www.strelli.be\/en\/wp-json\/wp\/v2\/media?parent=9257"}],"wp:term":[{"taxonomy":"product_brand","embeddable":true,"href":"https:\/\/www.strelli.be\/en\/wp-json\/wp\/v2\/product_brand?post=9257"},{"taxonomy":"product_cat","embeddable":true,"href":"https:\/\/www.strelli.be\/en\/wp-json\/wp\/v2\/product_cat?post=9257"},{"taxonomy":"product_tag","embeddable":true,"href":"https:\/\/www.strelli.be\/en\/wp-json\/wp\/v2\/product_tag?post=9257"}],"curies":[{"name":"wp","href":"https:\/\/api.w.org\/{rel}","templated":true}]}}