{"id":9655,"date":"2023-01-12T11:11:35","date_gmt":"2023-01-12T10:11:35","guid":{"rendered":"https:\/\/www.strelli.be\/?post_type=product&#038;p=9655"},"modified":"2024-05-13T16:59:22","modified_gmt":"2024-05-13T14:59:22","slug":"o-jacinthe81-copie","status":"publish","type":"product","link":"https:\/\/www.strelli.be\/en\/shop\/scarves\/o-jacinthe81-copie\/","title":{"rendered":"o-jacinthe81H"},"content":{"rendered":"<p>100% wool scarf, Made in Belgium<\/p>\n<p>Size: 70 cm x 180 cm<br \/>\nComposition: 100% Wool<\/p>\n<p>Care instructions: Dry cleaning<\/p>\n","protected":false},"excerpt":{"rendered":"<p>Unisex 100% wool woven scarf, colorful floral patterns<\/p>\n","protected":false},"featured_media":8262,"template":"","meta":{"_acf_changed":false},"product_brand":[],"product_cat":[152,69,161,139,68],"product_tag":[],"class_list":{"0":"post-9655","1":"product","2":"type-product","3":"status-publish","4":"has-post-thumbnail","6":"product_cat-blackfriday-en","7":"product_cat-classic","8":"product_cat-men","9":"product_cat-nouveautes-en","10":"product_cat-scarves","12":"first","13":"instock","14":"sale","15":"shipping-taxable","16":"purchasable","17":"product-type-simple"},"acf":[],"yoast_head":"<!-- This site is optimized with the Yoast SEO plugin v25.3.1 - https:\/\/yoast.com\/wordpress\/plugins\/seo\/ -->\n<title>o-jacinthe81H - Olivier Strelli<\/title>\n<meta name=\"robots\" content=\"index, follow, max-snippet:-1, max-image-preview:large, max-video-preview:-1\" \/>\n<link rel=\"canonical\" href=\"https:\/\/www.strelli.be\/shop\/echarpes\/intemporelles\/o-jacinthe81h\/\" \/>\n<meta property=\"og:locale\" content=\"en_US\" \/>\n<meta property=\"og:type\" content=\"article\" \/>\n<meta property=\"og:title\" content=\"o-jacinthe81H - Olivier Strelli\" \/>\n<meta property=\"og:description\" content=\"Unisex 100% wool woven scarf, colorful floral patterns\" \/>\n<meta property=\"og:url\" content=\"https:\/\/www.strelli.be\/shop\/echarpes\/intemporelles\/o-jacinthe81h\/\" \/>\n<meta property=\"og:site_name\" content=\"Olivier Strelli\" \/>\n<meta property=\"article:modified_time\" content=\"2024-05-13T14:59:22+00:00\" \/>\n<meta property=\"og:image\" content=\"https:\/\/www.strelli.be\/wp-content\/uploads\/2022\/05\/jacinthe81IMG_2351-copie.jpg\" \/>\n\t<meta property=\"og:image:width\" content=\"900\" \/>\n\t<meta property=\"og:image:height\" content=\"1260\" \/>\n\t<meta property=\"og:image:type\" content=\"image\/jpeg\" \/>\n<meta name=\"twitter:card\" content=\"summary_large_image\" \/>\n<meta name=\"twitter:label1\" content=\"Est. reading time\" \/>\n\t<meta name=\"twitter:data1\" content=\"1 minute\" \/>\n<script type=\"application\/ld+json\" class=\"yoast-schema-graph\">{\"@context\":\"https:\/\/schema.org\",\"@graph\":[{\"@type\":\"WebPage\",\"@id\":\"https:\/\/www.strelli.be\/shop\/echarpes\/intemporelles\/o-jacinthe81h\/\",\"url\":\"https:\/\/www.strelli.be\/shop\/echarpes\/intemporelles\/o-jacinthe81h\/\",\"name\":\"o-jacinthe81H - Olivier Strelli\",\"isPartOf\":{\"@id\":\"https:\/\/www.strelli.be\/#website\"},\"primaryImageOfPage\":{\"@id\":\"https:\/\/www.strelli.be\/shop\/echarpes\/intemporelles\/o-jacinthe81h\/#primaryimage\"},\"image\":{\"@id\":\"https:\/\/www.strelli.be\/shop\/echarpes\/intemporelles\/o-jacinthe81h\/#primaryimage\"},\"thumbnailUrl\":\"https:\/\/www.strelli.be\/wp-content\/uploads\/2022\/05\/jacinthe81IMG_2351-copie.jpg\",\"datePublished\":\"2023-01-12T10:11:35+00:00\",\"dateModified\":\"2024-05-13T14:59:22+00:00\",\"breadcrumb\":{\"@id\":\"https:\/\/www.strelli.be\/shop\/echarpes\/intemporelles\/o-jacinthe81h\/#breadcrumb\"},\"inLanguage\":\"en-US\",\"potentialAction\":[{\"@type\":\"ReadAction\",\"target\":[\"https:\/\/www.strelli.be\/shop\/echarpes\/intemporelles\/o-jacinthe81h\/\"]}]},{\"@type\":\"ImageObject\",\"inLanguage\":\"en-US\",\"@id\":\"https:\/\/www.strelli.be\/shop\/echarpes\/intemporelles\/o-jacinthe81h\/#primaryimage\",\"url\":\"https:\/\/www.strelli.be\/wp-content\/uploads\/2022\/05\/jacinthe81IMG_2351-copie.jpg\",\"contentUrl\":\"https:\/\/www.strelli.be\/wp-content\/uploads\/2022\/05\/jacinthe81IMG_2351-copie.jpg\",\"width\":900,\"height\":1260},{\"@type\":\"BreadcrumbList\",\"@id\":\"https:\/\/www.strelli.be\/shop\/echarpes\/intemporelles\/o-jacinthe81h\/#breadcrumb\",\"itemListElement\":[{\"@type\":\"ListItem\",\"position\":1,\"name\":\"Accueil\",\"item\":\"https:\/\/www.strelli.be\/en\/\"},{\"@type\":\"ListItem\",\"position\":2,\"name\":\"Shop\",\"item\":\"https:\/\/www.strelli.be\/en\/shop\/\"},{\"@type\":\"ListItem\",\"position\":3,\"name\":\"o-jacinthe81H\"}]},{\"@type\":\"WebSite\",\"@id\":\"https:\/\/www.strelli.be\/#website\",\"url\":\"https:\/\/www.strelli.be\/\",\"name\":\"Olivier Strelli\",\"description\":\"Les \u00e9charpes tiss\u00e9es, color\u00e9es, cr\u00e9es et fabriqu\u00e9es en Belgique\",\"potentialAction\":[{\"@type\":\"SearchAction\",\"target\":{\"@type\":\"EntryPoint\",\"urlTemplate\":\"https:\/\/www.strelli.be\/?s={search_term_string}\"},\"query-input\":{\"@type\":\"PropertyValueSpecification\",\"valueRequired\":true,\"valueName\":\"search_term_string\"}}],\"inLanguage\":\"en-US\"}]}<\/script>\n<!-- \/ Yoast SEO plugin. -->","yoast_head_json":{"title":"o-jacinthe81H - Olivier Strelli","robots":{"index":"index","follow":"follow","max-snippet":"max-snippet:-1","max-image-preview":"max-image-preview:large","max-video-preview":"max-video-preview:-1"},"canonical":"https:\/\/www.strelli.be\/shop\/echarpes\/intemporelles\/o-jacinthe81h\/","og_locale":"en_US","og_type":"article","og_title":"o-jacinthe81H - Olivier Strelli","og_description":"Unisex 100% wool woven scarf, colorful floral patterns","og_url":"https:\/\/www.strelli.be\/shop\/echarpes\/intemporelles\/o-jacinthe81h\/","og_site_name":"Olivier Strelli","article_modified_time":"2024-05-13T14:59:22+00:00","og_image":[{"width":900,"height":1260,"url":"https:\/\/www.strelli.be\/wp-content\/uploads\/2022\/05\/jacinthe81IMG_2351-copie.jpg","type":"image\/jpeg"}],"twitter_card":"summary_large_image","twitter_misc":{"Est. reading time":"1 minute"},"schema":{"@context":"https:\/\/schema.org","@graph":[{"@type":"WebPage","@id":"https:\/\/www.strelli.be\/shop\/echarpes\/intemporelles\/o-jacinthe81h\/","url":"https:\/\/www.strelli.be\/shop\/echarpes\/intemporelles\/o-jacinthe81h\/","name":"o-jacinthe81H - Olivier Strelli","isPartOf":{"@id":"https:\/\/www.strelli.be\/#website"},"primaryImageOfPage":{"@id":"https:\/\/www.strelli.be\/shop\/echarpes\/intemporelles\/o-jacinthe81h\/#primaryimage"},"image":{"@id":"https:\/\/www.strelli.be\/shop\/echarpes\/intemporelles\/o-jacinthe81h\/#primaryimage"},"thumbnailUrl":"https:\/\/www.strelli.be\/wp-content\/uploads\/2022\/05\/jacinthe81IMG_2351-copie.jpg","datePublished":"2023-01-12T10:11:35+00:00","dateModified":"2024-05-13T14:59:22+00:00","breadcrumb":{"@id":"https:\/\/www.strelli.be\/shop\/echarpes\/intemporelles\/o-jacinthe81h\/#breadcrumb"},"inLanguage":"en-US","potentialAction":[{"@type":"ReadAction","target":["https:\/\/www.strelli.be\/shop\/echarpes\/intemporelles\/o-jacinthe81h\/"]}]},{"@type":"ImageObject","inLanguage":"en-US","@id":"https:\/\/www.strelli.be\/shop\/echarpes\/intemporelles\/o-jacinthe81h\/#primaryimage","url":"https:\/\/www.strelli.be\/wp-content\/uploads\/2022\/05\/jacinthe81IMG_2351-copie.jpg","contentUrl":"https:\/\/www.strelli.be\/wp-content\/uploads\/2022\/05\/jacinthe81IMG_2351-copie.jpg","width":900,"height":1260},{"@type":"BreadcrumbList","@id":"https:\/\/www.strelli.be\/shop\/echarpes\/intemporelles\/o-jacinthe81h\/#breadcrumb","itemListElement":[{"@type":"ListItem","position":1,"name":"Accueil","item":"https:\/\/www.strelli.be\/en\/"},{"@type":"ListItem","position":2,"name":"Shop","item":"https:\/\/www.strelli.be\/en\/shop\/"},{"@type":"ListItem","position":3,"name":"o-jacinthe81H"}]},{"@type":"WebSite","@id":"https:\/\/www.strelli.be\/#website","url":"https:\/\/www.strelli.be\/","name":"Olivier Strelli","description":"Les \u00e9charpes tiss\u00e9es, color\u00e9es, cr\u00e9es et fabriqu\u00e9es en Belgique","potentialAction":[{"@type":"SearchAction","target":{"@type":"EntryPoint","urlTemplate":"https:\/\/www.strelli.be\/?s={search_term_string}"},"query-input":{"@type":"PropertyValueSpecification","valueRequired":true,"valueName":"search_term_string"}}],"inLanguage":"en-US"}]}},"_links":{"self":[{"href":"https:\/\/www.strelli.be\/en\/wp-json\/wp\/v2\/product\/9655","targetHints":{"allow":["GET"]}}],"collection":[{"href":"https:\/\/www.strelli.be\/en\/wp-json\/wp\/v2\/product"}],"about":[{"href":"https:\/\/www.strelli.be\/en\/wp-json\/wp\/v2\/types\/product"}],"wp:featuredmedia":[{"embeddable":true,"href":"https:\/\/www.strelli.be\/en\/wp-json\/wp\/v2\/media\/8262"}],"wp:attachment":[{"href":"https:\/\/www.strelli.be\/en\/wp-json\/wp\/v2\/media?parent=9655"}],"wp:term":[{"taxonomy":"product_brand","embeddable":true,"href":"https:\/\/www.strelli.be\/en\/wp-json\/wp\/v2\/product_brand?post=9655"},{"taxonomy":"product_cat","embeddable":true,"href":"https:\/\/www.strelli.be\/en\/wp-json\/wp\/v2\/product_cat?post=9655"},{"taxonomy":"product_tag","embeddable":true,"href":"https:\/\/www.strelli.be\/en\/wp-json\/wp\/v2\/product_tag?post=9655"}],"curies":[{"name":"wp","href":"https:\/\/api.w.org\/{rel}","templated":true}]}}