{"id":9728,"date":"2023-01-12T15:53:21","date_gmt":"2023-01-12T14:53:21","guid":{"rendered":"https:\/\/www.strelli.be\/?post_type=product&#038;p=9728"},"modified":"2024-02-01T12:04:27","modified_gmt":"2024-02-01T11:04:27","slug":"s-kids50-copie","status":"publish","type":"product","link":"https:\/\/www.strelli.be\/en\/shop\/scarves\/s-kids50-copie\/","title":{"rendered":"s-kids50F"},"content":{"rendered":"<p>Composition : 50% Wool 20% Silk 30% Cotton<br \/>\nSize : 35 cm x 160 cm<br \/>\nMade in Belgium<br \/>\nCare Instruction : Dry Clean Only<\/p>\n","protected":false},"excerpt":{"rendered":"<p>Woven scarf Olivier Strelli Junior with ethnic motifs<\/p>\n","protected":false},"featured_media":5127,"template":"","meta":{"_acf_changed":false},"product_brand":[],"product_cat":[152,69,71,146,68,159],"product_tag":[],"class_list":{"0":"post-9728","1":"product","2":"type-product","3":"status-publish","4":"has-post-thumbnail","6":"product_cat-blackfriday-en","7":"product_cat-classic","8":"product_cat-junior-en","9":"product_cat-promo-en","10":"product_cat-scarves","11":"product_cat-femme-en","13":"first","14":"instock","15":"sale","16":"shipping-taxable","17":"purchasable","18":"product-type-simple"},"acf":[],"yoast_head":"<!-- This site is optimized with the Yoast SEO plugin v25.3.1 - https:\/\/yoast.com\/wordpress\/plugins\/seo\/ -->\n<title>s-kids50F - Olivier Strelli<\/title>\n<meta name=\"robots\" content=\"index, follow, max-snippet:-1, max-image-preview:large, max-video-preview:-1\" \/>\n<link rel=\"canonical\" href=\"https:\/\/www.strelli.be\/shop\/echarpes\/intemporelles\/s-kids50f\/\" \/>\n<meta property=\"og:locale\" content=\"en_US\" \/>\n<meta property=\"og:type\" content=\"article\" \/>\n<meta property=\"og:title\" content=\"s-kids50F - Olivier Strelli\" \/>\n<meta property=\"og:description\" content=\"Woven scarf Olivier Strelli Junior with ethnic motifs\" \/>\n<meta property=\"og:url\" content=\"https:\/\/www.strelli.be\/shop\/echarpes\/intemporelles\/s-kids50f\/\" \/>\n<meta property=\"og:site_name\" content=\"Olivier Strelli\" \/>\n<meta property=\"article:modified_time\" content=\"2024-02-01T11:04:27+00:00\" \/>\n<meta property=\"og:image\" content=\"https:\/\/www.strelli.be\/wp-content\/uploads\/2020\/05\/kids50IMG_0322-732x1024.jpg\" \/>\n\t<meta property=\"og:image:width\" content=\"732\" \/>\n\t<meta property=\"og:image:height\" content=\"1024\" \/>\n\t<meta property=\"og:image:type\" content=\"image\/jpeg\" \/>\n<meta name=\"twitter:card\" content=\"summary_large_image\" \/>\n<meta name=\"twitter:label1\" content=\"Est. reading time\" \/>\n\t<meta name=\"twitter:data1\" content=\"1 minute\" \/>\n<script type=\"application\/ld+json\" class=\"yoast-schema-graph\">{\"@context\":\"https:\/\/schema.org\",\"@graph\":[{\"@type\":\"WebPage\",\"@id\":\"https:\/\/www.strelli.be\/shop\/echarpes\/intemporelles\/s-kids50f\/\",\"url\":\"https:\/\/www.strelli.be\/shop\/echarpes\/intemporelles\/s-kids50f\/\",\"name\":\"s-kids50F - Olivier Strelli\",\"isPartOf\":{\"@id\":\"https:\/\/www.strelli.be\/#website\"},\"primaryImageOfPage\":{\"@id\":\"https:\/\/www.strelli.be\/shop\/echarpes\/intemporelles\/s-kids50f\/#primaryimage\"},\"image\":{\"@id\":\"https:\/\/www.strelli.be\/shop\/echarpes\/intemporelles\/s-kids50f\/#primaryimage\"},\"thumbnailUrl\":\"https:\/\/www.strelli.be\/wp-content\/uploads\/2020\/05\/kids50IMG_0322.jpg\",\"datePublished\":\"2023-01-12T14:53:21+00:00\",\"dateModified\":\"2024-02-01T11:04:27+00:00\",\"breadcrumb\":{\"@id\":\"https:\/\/www.strelli.be\/shop\/echarpes\/intemporelles\/s-kids50f\/#breadcrumb\"},\"inLanguage\":\"en-US\",\"potentialAction\":[{\"@type\":\"ReadAction\",\"target\":[\"https:\/\/www.strelli.be\/shop\/echarpes\/intemporelles\/s-kids50f\/\"]}]},{\"@type\":\"ImageObject\",\"inLanguage\":\"en-US\",\"@id\":\"https:\/\/www.strelli.be\/shop\/echarpes\/intemporelles\/s-kids50f\/#primaryimage\",\"url\":\"https:\/\/www.strelli.be\/wp-content\/uploads\/2020\/05\/kids50IMG_0322.jpg\",\"contentUrl\":\"https:\/\/www.strelli.be\/wp-content\/uploads\/2020\/05\/kids50IMG_0322.jpg\",\"width\":2716,\"height\":3802},{\"@type\":\"BreadcrumbList\",\"@id\":\"https:\/\/www.strelli.be\/shop\/echarpes\/intemporelles\/s-kids50f\/#breadcrumb\",\"itemListElement\":[{\"@type\":\"ListItem\",\"position\":1,\"name\":\"Accueil\",\"item\":\"https:\/\/www.strelli.be\/en\/\"},{\"@type\":\"ListItem\",\"position\":2,\"name\":\"Shop\",\"item\":\"https:\/\/www.strelli.be\/en\/shop\/\"},{\"@type\":\"ListItem\",\"position\":3,\"name\":\"s-kids50F\"}]},{\"@type\":\"WebSite\",\"@id\":\"https:\/\/www.strelli.be\/#website\",\"url\":\"https:\/\/www.strelli.be\/\",\"name\":\"Olivier Strelli\",\"description\":\"Les \u00e9charpes tiss\u00e9es, color\u00e9es, cr\u00e9es et fabriqu\u00e9es en Belgique\",\"potentialAction\":[{\"@type\":\"SearchAction\",\"target\":{\"@type\":\"EntryPoint\",\"urlTemplate\":\"https:\/\/www.strelli.be\/?s={search_term_string}\"},\"query-input\":{\"@type\":\"PropertyValueSpecification\",\"valueRequired\":true,\"valueName\":\"search_term_string\"}}],\"inLanguage\":\"en-US\"}]}<\/script>\n<!-- \/ Yoast SEO plugin. -->","yoast_head_json":{"title":"s-kids50F - Olivier Strelli","robots":{"index":"index","follow":"follow","max-snippet":"max-snippet:-1","max-image-preview":"max-image-preview:large","max-video-preview":"max-video-preview:-1"},"canonical":"https:\/\/www.strelli.be\/shop\/echarpes\/intemporelles\/s-kids50f\/","og_locale":"en_US","og_type":"article","og_title":"s-kids50F - Olivier Strelli","og_description":"Woven scarf Olivier Strelli Junior with ethnic motifs","og_url":"https:\/\/www.strelli.be\/shop\/echarpes\/intemporelles\/s-kids50f\/","og_site_name":"Olivier Strelli","article_modified_time":"2024-02-01T11:04:27+00:00","og_image":[{"width":732,"height":1024,"url":"https:\/\/www.strelli.be\/wp-content\/uploads\/2020\/05\/kids50IMG_0322-732x1024.jpg","type":"image\/jpeg"}],"twitter_card":"summary_large_image","twitter_misc":{"Est. reading time":"1 minute"},"schema":{"@context":"https:\/\/schema.org","@graph":[{"@type":"WebPage","@id":"https:\/\/www.strelli.be\/shop\/echarpes\/intemporelles\/s-kids50f\/","url":"https:\/\/www.strelli.be\/shop\/echarpes\/intemporelles\/s-kids50f\/","name":"s-kids50F - Olivier Strelli","isPartOf":{"@id":"https:\/\/www.strelli.be\/#website"},"primaryImageOfPage":{"@id":"https:\/\/www.strelli.be\/shop\/echarpes\/intemporelles\/s-kids50f\/#primaryimage"},"image":{"@id":"https:\/\/www.strelli.be\/shop\/echarpes\/intemporelles\/s-kids50f\/#primaryimage"},"thumbnailUrl":"https:\/\/www.strelli.be\/wp-content\/uploads\/2020\/05\/kids50IMG_0322.jpg","datePublished":"2023-01-12T14:53:21+00:00","dateModified":"2024-02-01T11:04:27+00:00","breadcrumb":{"@id":"https:\/\/www.strelli.be\/shop\/echarpes\/intemporelles\/s-kids50f\/#breadcrumb"},"inLanguage":"en-US","potentialAction":[{"@type":"ReadAction","target":["https:\/\/www.strelli.be\/shop\/echarpes\/intemporelles\/s-kids50f\/"]}]},{"@type":"ImageObject","inLanguage":"en-US","@id":"https:\/\/www.strelli.be\/shop\/echarpes\/intemporelles\/s-kids50f\/#primaryimage","url":"https:\/\/www.strelli.be\/wp-content\/uploads\/2020\/05\/kids50IMG_0322.jpg","contentUrl":"https:\/\/www.strelli.be\/wp-content\/uploads\/2020\/05\/kids50IMG_0322.jpg","width":2716,"height":3802},{"@type":"BreadcrumbList","@id":"https:\/\/www.strelli.be\/shop\/echarpes\/intemporelles\/s-kids50f\/#breadcrumb","itemListElement":[{"@type":"ListItem","position":1,"name":"Accueil","item":"https:\/\/www.strelli.be\/en\/"},{"@type":"ListItem","position":2,"name":"Shop","item":"https:\/\/www.strelli.be\/en\/shop\/"},{"@type":"ListItem","position":3,"name":"s-kids50F"}]},{"@type":"WebSite","@id":"https:\/\/www.strelli.be\/#website","url":"https:\/\/www.strelli.be\/","name":"Olivier Strelli","description":"Les \u00e9charpes tiss\u00e9es, color\u00e9es, cr\u00e9es et fabriqu\u00e9es en Belgique","potentialAction":[{"@type":"SearchAction","target":{"@type":"EntryPoint","urlTemplate":"https:\/\/www.strelli.be\/?s={search_term_string}"},"query-input":{"@type":"PropertyValueSpecification","valueRequired":true,"valueName":"search_term_string"}}],"inLanguage":"en-US"}]}},"_links":{"self":[{"href":"https:\/\/www.strelli.be\/en\/wp-json\/wp\/v2\/product\/9728","targetHints":{"allow":["GET"]}}],"collection":[{"href":"https:\/\/www.strelli.be\/en\/wp-json\/wp\/v2\/product"}],"about":[{"href":"https:\/\/www.strelli.be\/en\/wp-json\/wp\/v2\/types\/product"}],"wp:featuredmedia":[{"embeddable":true,"href":"https:\/\/www.strelli.be\/en\/wp-json\/wp\/v2\/media\/5127"}],"wp:attachment":[{"href":"https:\/\/www.strelli.be\/en\/wp-json\/wp\/v2\/media?parent=9728"}],"wp:term":[{"taxonomy":"product_brand","embeddable":true,"href":"https:\/\/www.strelli.be\/en\/wp-json\/wp\/v2\/product_brand?post=9728"},{"taxonomy":"product_cat","embeddable":true,"href":"https:\/\/www.strelli.be\/en\/wp-json\/wp\/v2\/product_cat?post=9728"},{"taxonomy":"product_tag","embeddable":true,"href":"https:\/\/www.strelli.be\/en\/wp-json\/wp\/v2\/product_tag?post=9728"}],"curies":[{"name":"wp","href":"https:\/\/api.w.org\/{rel}","templated":true}]}}