{"id":3112,"date":"2019-09-12T15:14:57","date_gmt":"2019-09-12T13:14:57","guid":{"rendered":"http:\/\/www.studioneostaging.be\/stagingstrelli\/levering-informatie\/"},"modified":"2019-09-12T15:15:01","modified_gmt":"2019-09-12T13:15:01","slug":"levering-informatie","status":"publish","type":"page","link":"https:\/\/www.strelli.be\/nl\/support\/levering-informatie\/","title":{"rendered":"Levering informatie"},"content":{"rendered":"\n<h4 class=\"wp-block-heading\"><a>Olivier Strelli levert in Belgi\u00eb, Europa , en in de Wereld<\/a><\/h4>\n\n<p><strong>Belg\u00efe: <\/strong><\/p>\n\n<p>Gratis levering in Belg\u00efe via BPOST<\/p>\n\n<p><strong>Europa\u00a0:<\/strong><\/p>\n\n<p>levering op je adres (thuis of werk) via BPACK EUROPA (15\u20ac).<\/p>\n\n<p><strong>Rest van de Wereld:<\/strong><\/p>\n\n<p>levering op je adres (thuis of werk) via BPACK WORLD (40\u20ac).<\/p>\n\n<p><strong>Levertijden:<\/strong><\/p>\n\n<p>Bestellingen binnen 3 dags na bestelling verzonden, iets later om de levering van de voorraad in ons magazijn af te wachten. In sommige gevallen met extra tijd, Olivier Strelli u op de hoogte van een geschatte leverdatum<\/p>\n","protected":false},"excerpt":{"rendered":"<p>Olivier Strelli levert in Belgi\u00eb, Europa , en in de Wereld Belg\u00efe: Gratis levering in Belg\u00efe via BPOST Europa\u00a0: levering op je adres (thuis of werk) via BPACK EUROPA (15\u20ac). Rest van de Wereld: levering op je adres (thuis of werk) via BPACK WORLD (40\u20ac). Levertijden: Bestellingen binnen 3 dags na bestelling verzonden, iets later [&hellip;]<\/p>\n","protected":false},"author":1,"featured_media":0,"parent":3793,"menu_order":11,"comment_status":"closed","ping_status":"closed","template":"page.php","meta":{"_acf_changed":false,"footnotes":""},"class_list":["post-3112","page","type-page","status-publish","hentry"],"acf":[],"yoast_head":"<!-- This site is optimized with the Yoast SEO plugin v25.3.1 - https:\/\/yoast.com\/wordpress\/plugins\/seo\/ -->\n<title>Levering informatie - Olivier Strelli<\/title>\n<meta name=\"robots\" content=\"index, follow, max-snippet:-1, max-image-preview:large, max-video-preview:-1\" \/>\n<link rel=\"canonical\" href=\"https:\/\/www.strelli.be\/nl\/support\/levering-informatie\/\" \/>\n<meta property=\"og:locale\" content=\"nl_NL\" \/>\n<meta property=\"og:type\" content=\"article\" \/>\n<meta property=\"og:title\" content=\"Levering informatie - Olivier Strelli\" \/>\n<meta property=\"og:description\" content=\"Olivier Strelli levert in Belgi\u00eb, Europa , en in de Wereld Belg\u00efe: Gratis levering in Belg\u00efe via BPOST Europa\u00a0: levering op je adres (thuis of werk) via BPACK EUROPA (15\u20ac). Rest van de Wereld: levering op je adres (thuis of werk) via BPACK WORLD (40\u20ac). Levertijden: Bestellingen binnen 3 dags na bestelling verzonden, iets later [&hellip;]\" \/>\n<meta property=\"og:url\" content=\"https:\/\/www.strelli.be\/nl\/support\/levering-informatie\/\" \/>\n<meta property=\"og:site_name\" content=\"Olivier Strelli\" \/>\n<meta property=\"article:modified_time\" content=\"2019-09-12T13:15:01+00:00\" \/>\n<meta name=\"twitter:card\" content=\"summary_large_image\" \/>\n<script type=\"application\/ld+json\" class=\"yoast-schema-graph\">{\"@context\":\"https:\/\/schema.org\",\"@graph\":[{\"@type\":\"WebPage\",\"@id\":\"https:\/\/www.strelli.be\/nl\/support\/levering-informatie\/\",\"url\":\"https:\/\/www.strelli.be\/nl\/support\/levering-informatie\/\",\"name\":\"Levering informatie - Olivier Strelli\",\"isPartOf\":{\"@id\":\"https:\/\/www.strelli.be\/#website\"},\"datePublished\":\"2019-09-12T13:14:57+00:00\",\"dateModified\":\"2019-09-12T13:15:01+00:00\",\"breadcrumb\":{\"@id\":\"https:\/\/www.strelli.be\/nl\/support\/levering-informatie\/#breadcrumb\"},\"inLanguage\":\"nl-NL\",\"potentialAction\":[{\"@type\":\"ReadAction\",\"target\":[\"https:\/\/www.strelli.be\/nl\/support\/levering-informatie\/\"]}]},{\"@type\":\"BreadcrumbList\",\"@id\":\"https:\/\/www.strelli.be\/nl\/support\/levering-informatie\/#breadcrumb\",\"itemListElement\":[{\"@type\":\"ListItem\",\"position\":1,\"name\":\"Accueil\",\"item\":\"https:\/\/www.strelli.be\/nl\/\"},{\"@type\":\"ListItem\",\"position\":2,\"name\":\"Support\",\"item\":\"https:\/\/www.strelli.be\/nl\/support\/\"},{\"@type\":\"ListItem\",\"position\":3,\"name\":\"Levering informatie\"}]},{\"@type\":\"WebSite\",\"@id\":\"https:\/\/www.strelli.be\/#website\",\"url\":\"https:\/\/www.strelli.be\/\",\"name\":\"Olivier Strelli\",\"description\":\"Les \u00e9charpes tiss\u00e9es, color\u00e9es, cr\u00e9es et fabriqu\u00e9es en Belgique\",\"potentialAction\":[{\"@type\":\"SearchAction\",\"target\":{\"@type\":\"EntryPoint\",\"urlTemplate\":\"https:\/\/www.strelli.be\/?s={search_term_string}\"},\"query-input\":{\"@type\":\"PropertyValueSpecification\",\"valueRequired\":true,\"valueName\":\"search_term_string\"}}],\"inLanguage\":\"nl-NL\"}]}<\/script>\n<!-- \/ Yoast SEO plugin. -->","yoast_head_json":{"title":"Levering informatie - Olivier Strelli","robots":{"index":"index","follow":"follow","max-snippet":"max-snippet:-1","max-image-preview":"max-image-preview:large","max-video-preview":"max-video-preview:-1"},"canonical":"https:\/\/www.strelli.be\/nl\/support\/levering-informatie\/","og_locale":"nl_NL","og_type":"article","og_title":"Levering informatie - Olivier Strelli","og_description":"Olivier Strelli levert in Belgi\u00eb, Europa , en in de Wereld Belg\u00efe: Gratis levering in Belg\u00efe via BPOST Europa\u00a0: levering op je adres (thuis of werk) via BPACK EUROPA (15\u20ac). Rest van de Wereld: levering op je adres (thuis of werk) via BPACK WORLD (40\u20ac). Levertijden: Bestellingen binnen 3 dags na bestelling verzonden, iets later [&hellip;]","og_url":"https:\/\/www.strelli.be\/nl\/support\/levering-informatie\/","og_site_name":"Olivier Strelli","article_modified_time":"2019-09-12T13:15:01+00:00","twitter_card":"summary_large_image","schema":{"@context":"https:\/\/schema.org","@graph":[{"@type":"WebPage","@id":"https:\/\/www.strelli.be\/nl\/support\/levering-informatie\/","url":"https:\/\/www.strelli.be\/nl\/support\/levering-informatie\/","name":"Levering informatie - Olivier Strelli","isPartOf":{"@id":"https:\/\/www.strelli.be\/#website"},"datePublished":"2019-09-12T13:14:57+00:00","dateModified":"2019-09-12T13:15:01+00:00","breadcrumb":{"@id":"https:\/\/www.strelli.be\/nl\/support\/levering-informatie\/#breadcrumb"},"inLanguage":"nl-NL","potentialAction":[{"@type":"ReadAction","target":["https:\/\/www.strelli.be\/nl\/support\/levering-informatie\/"]}]},{"@type":"BreadcrumbList","@id":"https:\/\/www.strelli.be\/nl\/support\/levering-informatie\/#breadcrumb","itemListElement":[{"@type":"ListItem","position":1,"name":"Accueil","item":"https:\/\/www.strelli.be\/nl\/"},{"@type":"ListItem","position":2,"name":"Support","item":"https:\/\/www.strelli.be\/nl\/support\/"},{"@type":"ListItem","position":3,"name":"Levering informatie"}]},{"@type":"WebSite","@id":"https:\/\/www.strelli.be\/#website","url":"https:\/\/www.strelli.be\/","name":"Olivier Strelli","description":"Les \u00e9charpes tiss\u00e9es, color\u00e9es, cr\u00e9es et fabriqu\u00e9es en Belgique","potentialAction":[{"@type":"SearchAction","target":{"@type":"EntryPoint","urlTemplate":"https:\/\/www.strelli.be\/?s={search_term_string}"},"query-input":{"@type":"PropertyValueSpecification","valueRequired":true,"valueName":"search_term_string"}}],"inLanguage":"nl-NL"}]}},"_links":{"self":[{"href":"https:\/\/www.strelli.be\/nl\/wp-json\/wp\/v2\/pages\/3112","targetHints":{"allow":["GET"]}}],"collection":[{"href":"https:\/\/www.strelli.be\/nl\/wp-json\/wp\/v2\/pages"}],"about":[{"href":"https:\/\/www.strelli.be\/nl\/wp-json\/wp\/v2\/types\/page"}],"author":[{"embeddable":true,"href":"https:\/\/www.strelli.be\/nl\/wp-json\/wp\/v2\/users\/1"}],"replies":[{"embeddable":true,"href":"https:\/\/www.strelli.be\/nl\/wp-json\/wp\/v2\/comments?post=3112"}],"version-history":[{"count":0,"href":"https:\/\/www.strelli.be\/nl\/wp-json\/wp\/v2\/pages\/3112\/revisions"}],"up":[{"embeddable":true,"href":"https:\/\/www.strelli.be\/nl\/wp-json\/wp\/v2\/pages\/3793"}],"wp:attachment":[{"href":"https:\/\/www.strelli.be\/nl\/wp-json\/wp\/v2\/media?parent=3112"}],"curies":[{"name":"wp","href":"https:\/\/api.w.org\/{rel}","templated":true}]}}