{"id":3140,"date":"2019-09-12T17:34:11","date_gmt":"2019-09-12T15:34:11","guid":{"rendered":"http:\/\/www.studioneostaging.be\/stagingstrelli\/juridische-kennisgeving\/"},"modified":"2019-10-23T09:44:51","modified_gmt":"2019-10-23T07:44:51","slug":"juridische-kennisgeving","status":"publish","type":"page","link":"https:\/\/www.strelli.be\/nl\/support\/juridische-kennisgeving\/","title":{"rendered":"Juridische kennisgeving"},"content":{"rendered":"\n<p><a>Het bedrijf dat verantwoordelijk is voor www.strelli.be is<\/a><\/p>\n\n\n\n<p>S2J sprl<\/p>\n\n\n\n<p>556 Av de la couronne<\/p>\n\n\n\n<p>1050 Bruxelles<\/p>\n\n\n\n<p>Belgique<\/p>\n\n\n\n<p><br>IGeregistreerd bij het handelsregister van Brussel, Belgi\u00eb &#8211; BE 0807 681 089<\/p>\n\n\n\n<p><strong>C<\/strong>ontact: Tel. : +32 (0) 491 17 42 17 E-mail: info@strelli.be <\/p>\n","protected":false},"excerpt":{"rendered":"<p>Het bedrijf dat verantwoordelijk is voor www.strelli.be is S2J sprl 556 Av de la couronne 1050 Bruxelles Belgique IGeregistreerd bij het handelsregister van Brussel, Belgi\u00eb &#8211; BE 0807 681 089 Contact: Tel. : +32 (0) 491 17 42 17 E-mail: info@strelli.be<\/p>\n","protected":false},"author":1,"featured_media":0,"parent":3793,"menu_order":15,"comment_status":"closed","ping_status":"closed","template":"page.php","meta":{"_acf_changed":false,"footnotes":""},"class_list":["post-3140","page","type-page","status-publish","hentry"],"acf":[],"yoast_head":"<!-- This site is optimized with the Yoast SEO plugin v25.3.1 - https:\/\/yoast.com\/wordpress\/plugins\/seo\/ -->\n<title>Juridische kennisgeving - Olivier Strelli<\/title>\n<meta name=\"robots\" content=\"index, follow, max-snippet:-1, max-image-preview:large, max-video-preview:-1\" \/>\n<link rel=\"canonical\" href=\"https:\/\/www.strelli.be\/nl\/support\/juridische-kennisgeving\/\" \/>\n<meta property=\"og:locale\" content=\"nl_NL\" \/>\n<meta property=\"og:type\" content=\"article\" \/>\n<meta property=\"og:title\" content=\"Juridische kennisgeving - Olivier Strelli\" \/>\n<meta property=\"og:description\" content=\"Het bedrijf dat verantwoordelijk is voor www.strelli.be is S2J sprl 556 Av de la couronne 1050 Bruxelles Belgique IGeregistreerd bij het handelsregister van Brussel, Belgi\u00eb &#8211; BE 0807 681 089 Contact: Tel. : +32 (0) 491 17 42 17 E-mail: info@strelli.be\" \/>\n<meta property=\"og:url\" content=\"https:\/\/www.strelli.be\/nl\/support\/juridische-kennisgeving\/\" \/>\n<meta property=\"og:site_name\" content=\"Olivier Strelli\" \/>\n<meta property=\"article:modified_time\" content=\"2019-10-23T07:44:51+00:00\" \/>\n<meta name=\"twitter:card\" content=\"summary_large_image\" \/>\n<script type=\"application\/ld+json\" class=\"yoast-schema-graph\">{\"@context\":\"https:\/\/schema.org\",\"@graph\":[{\"@type\":\"WebPage\",\"@id\":\"https:\/\/www.strelli.be\/nl\/support\/juridische-kennisgeving\/\",\"url\":\"https:\/\/www.strelli.be\/nl\/support\/juridische-kennisgeving\/\",\"name\":\"Juridische kennisgeving - Olivier Strelli\",\"isPartOf\":{\"@id\":\"https:\/\/www.strelli.be\/#website\"},\"datePublished\":\"2019-09-12T15:34:11+00:00\",\"dateModified\":\"2019-10-23T07:44:51+00:00\",\"breadcrumb\":{\"@id\":\"https:\/\/www.strelli.be\/nl\/support\/juridische-kennisgeving\/#breadcrumb\"},\"inLanguage\":\"nl-NL\",\"potentialAction\":[{\"@type\":\"ReadAction\",\"target\":[\"https:\/\/www.strelli.be\/nl\/support\/juridische-kennisgeving\/\"]}]},{\"@type\":\"BreadcrumbList\",\"@id\":\"https:\/\/www.strelli.be\/nl\/support\/juridische-kennisgeving\/#breadcrumb\",\"itemListElement\":[{\"@type\":\"ListItem\",\"position\":1,\"name\":\"Accueil\",\"item\":\"https:\/\/www.strelli.be\/nl\/\"},{\"@type\":\"ListItem\",\"position\":2,\"name\":\"Support\",\"item\":\"https:\/\/www.strelli.be\/nl\/support\/\"},{\"@type\":\"ListItem\",\"position\":3,\"name\":\"Juridische kennisgeving\"}]},{\"@type\":\"WebSite\",\"@id\":\"https:\/\/www.strelli.be\/#website\",\"url\":\"https:\/\/www.strelli.be\/\",\"name\":\"Olivier Strelli\",\"description\":\"Les \u00e9charpes tiss\u00e9es, color\u00e9es, cr\u00e9es et fabriqu\u00e9es en Belgique\",\"potentialAction\":[{\"@type\":\"SearchAction\",\"target\":{\"@type\":\"EntryPoint\",\"urlTemplate\":\"https:\/\/www.strelli.be\/?s={search_term_string}\"},\"query-input\":{\"@type\":\"PropertyValueSpecification\",\"valueRequired\":true,\"valueName\":\"search_term_string\"}}],\"inLanguage\":\"nl-NL\"}]}<\/script>\n<!-- \/ Yoast SEO plugin. -->","yoast_head_json":{"title":"Juridische kennisgeving - Olivier Strelli","robots":{"index":"index","follow":"follow","max-snippet":"max-snippet:-1","max-image-preview":"max-image-preview:large","max-video-preview":"max-video-preview:-1"},"canonical":"https:\/\/www.strelli.be\/nl\/support\/juridische-kennisgeving\/","og_locale":"nl_NL","og_type":"article","og_title":"Juridische kennisgeving - Olivier Strelli","og_description":"Het bedrijf dat verantwoordelijk is voor www.strelli.be is S2J sprl 556 Av de la couronne 1050 Bruxelles Belgique IGeregistreerd bij het handelsregister van Brussel, Belgi\u00eb &#8211; BE 0807 681 089 Contact: Tel. : +32 (0) 491 17 42 17 E-mail: info@strelli.be","og_url":"https:\/\/www.strelli.be\/nl\/support\/juridische-kennisgeving\/","og_site_name":"Olivier Strelli","article_modified_time":"2019-10-23T07:44:51+00:00","twitter_card":"summary_large_image","schema":{"@context":"https:\/\/schema.org","@graph":[{"@type":"WebPage","@id":"https:\/\/www.strelli.be\/nl\/support\/juridische-kennisgeving\/","url":"https:\/\/www.strelli.be\/nl\/support\/juridische-kennisgeving\/","name":"Juridische kennisgeving - Olivier Strelli","isPartOf":{"@id":"https:\/\/www.strelli.be\/#website"},"datePublished":"2019-09-12T15:34:11+00:00","dateModified":"2019-10-23T07:44:51+00:00","breadcrumb":{"@id":"https:\/\/www.strelli.be\/nl\/support\/juridische-kennisgeving\/#breadcrumb"},"inLanguage":"nl-NL","potentialAction":[{"@type":"ReadAction","target":["https:\/\/www.strelli.be\/nl\/support\/juridische-kennisgeving\/"]}]},{"@type":"BreadcrumbList","@id":"https:\/\/www.strelli.be\/nl\/support\/juridische-kennisgeving\/#breadcrumb","itemListElement":[{"@type":"ListItem","position":1,"name":"Accueil","item":"https:\/\/www.strelli.be\/nl\/"},{"@type":"ListItem","position":2,"name":"Support","item":"https:\/\/www.strelli.be\/nl\/support\/"},{"@type":"ListItem","position":3,"name":"Juridische kennisgeving"}]},{"@type":"WebSite","@id":"https:\/\/www.strelli.be\/#website","url":"https:\/\/www.strelli.be\/","name":"Olivier Strelli","description":"Les \u00e9charpes tiss\u00e9es, color\u00e9es, cr\u00e9es et fabriqu\u00e9es en Belgique","potentialAction":[{"@type":"SearchAction","target":{"@type":"EntryPoint","urlTemplate":"https:\/\/www.strelli.be\/?s={search_term_string}"},"query-input":{"@type":"PropertyValueSpecification","valueRequired":true,"valueName":"search_term_string"}}],"inLanguage":"nl-NL"}]}},"_links":{"self":[{"href":"https:\/\/www.strelli.be\/nl\/wp-json\/wp\/v2\/pages\/3140","targetHints":{"allow":["GET"]}}],"collection":[{"href":"https:\/\/www.strelli.be\/nl\/wp-json\/wp\/v2\/pages"}],"about":[{"href":"https:\/\/www.strelli.be\/nl\/wp-json\/wp\/v2\/types\/page"}],"author":[{"embeddable":true,"href":"https:\/\/www.strelli.be\/nl\/wp-json\/wp\/v2\/users\/1"}],"replies":[{"embeddable":true,"href":"https:\/\/www.strelli.be\/nl\/wp-json\/wp\/v2\/comments?post=3140"}],"version-history":[{"count":0,"href":"https:\/\/www.strelli.be\/nl\/wp-json\/wp\/v2\/pages\/3140\/revisions"}],"up":[{"embeddable":true,"href":"https:\/\/www.strelli.be\/nl\/wp-json\/wp\/v2\/pages\/3793"}],"wp:attachment":[{"href":"https:\/\/www.strelli.be\/nl\/wp-json\/wp\/v2\/media?parent=3140"}],"curies":[{"name":"wp","href":"https:\/\/api.w.org\/{rel}","templated":true}]}}