{"id":3152,"date":"2019-07-16T16:29:40","date_gmt":"2019-07-16T14:29:40","guid":{"rendered":"http:\/\/www.studioneostaging.be\/stagingstrelli\/sjaal\/by-jl-moeman\/"},"modified":"2019-07-16T16:29:40","modified_gmt":"2019-07-16T14:29:40","slug":"by-jl-moeman","status":"publish","type":"page","link":"https:\/\/www.strelli.be\/nl\/sjaal\/by-jl-moeman\/","title":{"rendered":"By JL Moeman"},"content":{"rendered":"\n<div class=\"woocommerce columns-4 \"><div class=\"woocommerce-notices-wrapper\"><\/div><p class=\"woocommerce-result-count\" role=\"alert\" aria-relevant=\"all\" >\n\tToont alle 5 resultaten<\/p>\n<form class=\"woocommerce-ordering\" method=\"get\">\n\t\t<select\n\t\tname=\"orderby\"\n\t\tclass=\"orderby\"\n\t\t\t\t\taria-label=\"Winkelbestelling\"\n\t\t\t>\n\t\t\t\t\t<option value=\"popularity\" >Sorteer op populariteit<\/option>\n\t\t\t\t\t<option value=\"date\" >Sorteren op nieuwste<\/option>\n\t\t\t\t\t<option value=\"price\" >Sorteer op prijs: laag naar hoog<\/option>\n\t\t\t\t\t<option value=\"price-desc\" >Sorteer op prijs: hoog naar laag<\/option>\n\t\t\t\t\t<option value=\"alphabetical\"  selected='selected'>Sort by name: A to Z<\/option>\n\t\t\t<\/select>\n\t<input type=\"hidden\" name=\"paged\" value=\"1\" \/>\n\t<\/form>\n<ul class=\"products columns-4\">\n<li class=\"product type-product post-1497 status-publish first instock product_cat-blackfriday-nl product_cat-blackfriday product_cat-by-jl-moeman product_cat-by-jl-moeman-nl product_cat-echarpes product_cat-femme product_cat-flash-collectie product_cat-homme product_cat-mannen product_cat-promo product_cat-promo-nl product_cat-sjaal product_cat-ventes-flash product_cat-femme-nl has-post-thumbnail sale shipping-taxable purchasable product-type-simple\">\n\t<a href=\"https:\/\/www.strelli.be\/nl\/shop\/echarpes\/ventes-flash\/y-moermane\/\" class=\"woocommerce-LoopProduct-link woocommerce-loop-product__link\">\n\t<span class=\"onsale\">Aanbieding!<\/span>\n\t<img loading=\"lazy\" decoding=\"async\" width=\"500\" height=\"667\" src=\"https:\/\/www.strelli.be\/wp-content\/uploads\/2019\/07\/woermanE-70-500x667.jpg\" class=\"attachment-woocommerce_thumbnail size-woocommerce_thumbnail\" alt=\"y-MoermanE\" \/><h2 class=\"woocommerce-loop-product__title\">y-MoermanE<\/h2>\n\t<span class=\"price\"><del aria-hidden=\"true\"><span class=\"woocommerce-Price-amount amount\"><bdi>165,00&nbsp;<span class=\"woocommerce-Price-currencySymbol\">&euro;<\/span><\/bdi><\/span><\/del> <span class=\"screen-reader-text\">Oorspronkelijke prijs was: 165,00&nbsp;&euro;.<\/span><ins aria-hidden=\"true\"><span class=\"woocommerce-Price-amount amount\"><bdi>119,00&nbsp;<span class=\"woocommerce-Price-currencySymbol\">&euro;<\/span><\/bdi><\/span><\/ins><span class=\"screen-reader-text\">Huidige prijs is: 119,00&nbsp;&euro;.<\/span><\/span>\n<\/a><a href=\"?add-to-cart=1497\" aria-describedby=\"woocommerce_loop_add_to_cart_link_describedby_1497\" data-quantity=\"1\" class=\"button product_type_simple add_to_cart_button ajax_add_to_cart\" data-product_id=\"1497\" data-product_sku=\"\" aria-label=\"Toevoegen aan winkelwagen: &ldquo;y-MoermanE&ldquo;\" rel=\"nofollow\" data-success_message=\"&#039;y-MoermanE&#039; is toegevoegd aan je winkelmand\">Toevoegen aan winkelwagen<\/a>\t<span id=\"woocommerce_loop_add_to_cart_link_describedby_1497\" class=\"screen-reader-text\">\n\t\t\t<\/span>\n<span class=\"gtm4wp_productdata\" style=\"display:none; visibility:hidden;\" data-gtm4wp_product_data=\"{&quot;internal_id&quot;:1497,&quot;item_id&quot;:1497,&quot;item_name&quot;:&quot;y-MoermanE&quot;,&quot;sku&quot;:1497,&quot;price&quot;:119,&quot;stocklevel&quot;:null,&quot;stockstatus&quot;:&quot;instock&quot;,&quot;google_business_vertical&quot;:&quot;retail&quot;,&quot;item_category&quot;:&quot;BlackFriday&quot;,&quot;id&quot;:1497,&quot;productlink&quot;:&quot;https:\\\/\\\/www.strelli.be\\\/nl\\\/shop\\\/echarpes\\\/ventes-flash\\\/y-moermane\\\/&quot;,&quot;item_list_name&quot;:&quot;Algemeen product lijst&quot;,&quot;index&quot;:1,&quot;product_type&quot;:&quot;simple&quot;,&quot;item_brand&quot;:&quot;&quot;}\"><\/span><\/li>\n<li class=\"product type-product post-1487 status-publish instock product_cat-blackfriday product_cat-blackfriday-nl product_cat-by-jl-moeman product_cat-by-jl-moeman-nl product_cat-echarpes product_cat-femme product_cat-flash-collectie product_cat-homme product_cat-mannen product_cat-promo-nl product_cat-promo product_cat-sjaal product_cat-ventes-flash product_cat-femme-nl has-post-thumbnail sale shipping-taxable purchasable product-type-simple\">\n\t<a href=\"https:\/\/www.strelli.be\/nl\/shop\/echarpes\/ventes-flash\/y-moerman-c\/\" class=\"woocommerce-LoopProduct-link woocommerce-loop-product__link\">\n\t<span class=\"onsale\">Aanbieding!<\/span>\n\t<img loading=\"lazy\" decoding=\"async\" width=\"500\" height=\"667\" src=\"https:\/\/www.strelli.be\/wp-content\/uploads\/2019\/07\/woermanD-70-500x667.jpg\" class=\"attachment-woocommerce_thumbnail size-woocommerce_thumbnail\" alt=\"y-Moerman C\" \/><h2 class=\"woocommerce-loop-product__title\">y-Moerman C<\/h2>\n\t<span class=\"price\"><del aria-hidden=\"true\"><span class=\"woocommerce-Price-amount amount\"><bdi>165,00&nbsp;<span class=\"woocommerce-Price-currencySymbol\">&euro;<\/span><\/bdi><\/span><\/del> <span class=\"screen-reader-text\">Oorspronkelijke prijs was: 165,00&nbsp;&euro;.<\/span><ins aria-hidden=\"true\"><span class=\"woocommerce-Price-amount amount\"><bdi>119,00&nbsp;<span class=\"woocommerce-Price-currencySymbol\">&euro;<\/span><\/bdi><\/span><\/ins><span class=\"screen-reader-text\">Huidige prijs is: 119,00&nbsp;&euro;.<\/span><\/span>\n<\/a><a href=\"?add-to-cart=1487\" aria-describedby=\"woocommerce_loop_add_to_cart_link_describedby_1487\" data-quantity=\"1\" class=\"button product_type_simple add_to_cart_button ajax_add_to_cart\" data-product_id=\"1487\" data-product_sku=\"\" aria-label=\"Toevoegen aan winkelwagen: &ldquo;y-Moerman C&ldquo;\" rel=\"nofollow\" data-success_message=\"&#039;y-Moerman C&#039; is toegevoegd aan je winkelmand\">Toevoegen aan winkelwagen<\/a>\t<span id=\"woocommerce_loop_add_to_cart_link_describedby_1487\" class=\"screen-reader-text\">\n\t\t\t<\/span>\n<span class=\"gtm4wp_productdata\" style=\"display:none; visibility:hidden;\" data-gtm4wp_product_data=\"{&quot;internal_id&quot;:1487,&quot;item_id&quot;:1487,&quot;item_name&quot;:&quot;y-Moerman C&quot;,&quot;sku&quot;:1487,&quot;price&quot;:119,&quot;stocklevel&quot;:null,&quot;stockstatus&quot;:&quot;instock&quot;,&quot;google_business_vertical&quot;:&quot;retail&quot;,&quot;item_category&quot;:&quot;BlackFriday&quot;,&quot;id&quot;:1487,&quot;productlink&quot;:&quot;https:\\\/\\\/www.strelli.be\\\/nl\\\/shop\\\/echarpes\\\/ventes-flash\\\/y-moerman-c\\\/&quot;,&quot;item_list_name&quot;:&quot;Algemeen product lijst&quot;,&quot;index&quot;:2,&quot;product_type&quot;:&quot;simple&quot;,&quot;item_brand&quot;:&quot;&quot;}\"><\/span><\/li>\n<li class=\"product type-product post-1475 status-publish instock product_cat-blackfriday-nl product_cat-blackfriday product_cat-by-jl-moeman-nl product_cat-by-jl-moeman product_cat-echarpes product_cat-femme product_cat-flash-collectie product_cat-homme product_cat-mannen product_cat-promo product_cat-promo-nl product_cat-sjaal product_cat-ventes-flash product_cat-femme-nl has-post-thumbnail sale shipping-taxable purchasable product-type-simple\">\n\t<a href=\"https:\/\/www.strelli.be\/nl\/shop\/echarpes\/ventes-flash\/y-moerman-d\/\" class=\"woocommerce-LoopProduct-link woocommerce-loop-product__link\">\n\t<span class=\"onsale\">Aanbieding!<\/span>\n\t<img loading=\"lazy\" decoding=\"async\" width=\"500\" height=\"667\" src=\"https:\/\/www.strelli.be\/wp-content\/uploads\/2019\/07\/woermanC-70-500x667.jpg\" class=\"attachment-woocommerce_thumbnail size-woocommerce_thumbnail\" alt=\"Y-MOERMAN D\" \/><h2 class=\"woocommerce-loop-product__title\">Y-MOERMAN D<\/h2>\n\t<span class=\"price\"><del aria-hidden=\"true\"><span class=\"woocommerce-Price-amount amount\"><bdi>165,00&nbsp;<span class=\"woocommerce-Price-currencySymbol\">&euro;<\/span><\/bdi><\/span><\/del> <span class=\"screen-reader-text\">Oorspronkelijke prijs was: 165,00&nbsp;&euro;.<\/span><ins aria-hidden=\"true\"><span class=\"woocommerce-Price-amount amount\"><bdi>119,00&nbsp;<span class=\"woocommerce-Price-currencySymbol\">&euro;<\/span><\/bdi><\/span><\/ins><span class=\"screen-reader-text\">Huidige prijs is: 119,00&nbsp;&euro;.<\/span><\/span>\n<\/a><a href=\"?add-to-cart=1475\" aria-describedby=\"woocommerce_loop_add_to_cart_link_describedby_1475\" data-quantity=\"1\" class=\"button product_type_simple add_to_cart_button ajax_add_to_cart\" data-product_id=\"1475\" data-product_sku=\"\" aria-label=\"Toevoegen aan winkelwagen: &ldquo;Y-MOERMAN D&ldquo;\" rel=\"nofollow\" data-success_message=\"&#039;Y-MOERMAN D&#039; is toegevoegd aan je winkelmand\">Toevoegen aan winkelwagen<\/a>\t<span id=\"woocommerce_loop_add_to_cart_link_describedby_1475\" class=\"screen-reader-text\">\n\t\t\t<\/span>\n<span class=\"gtm4wp_productdata\" style=\"display:none; visibility:hidden;\" data-gtm4wp_product_data=\"{&quot;internal_id&quot;:1475,&quot;item_id&quot;:1475,&quot;item_name&quot;:&quot;Y-MOERMAN D&quot;,&quot;sku&quot;:1475,&quot;price&quot;:119,&quot;stocklevel&quot;:22,&quot;stockstatus&quot;:&quot;instock&quot;,&quot;google_business_vertical&quot;:&quot;retail&quot;,&quot;item_category&quot;:&quot;BlackFriday&quot;,&quot;id&quot;:1475,&quot;productlink&quot;:&quot;https:\\\/\\\/www.strelli.be\\\/nl\\\/shop\\\/echarpes\\\/ventes-flash\\\/y-moerman-d\\\/&quot;,&quot;item_list_name&quot;:&quot;Algemeen product lijst&quot;,&quot;index&quot;:3,&quot;product_type&quot;:&quot;simple&quot;,&quot;item_brand&quot;:&quot;&quot;}\"><\/span><\/li>\n<li class=\"product type-product post-1400 status-publish last instock product_cat-blackfriday-nl product_cat-blackfriday product_cat-by-jl-moeman product_cat-by-jl-moeman-nl product_cat-echarpes product_cat-flash-collectie product_cat-homme product_cat-mannen product_cat-promo product_cat-promo-nl product_cat-sjaal product_cat-ventes-flash has-post-thumbnail sale shipping-taxable purchasable product-type-simple\">\n\t<a href=\"https:\/\/www.strelli.be\/nl\/shop\/echarpes\/ventes-flash\/y-moerman2\/\" class=\"woocommerce-LoopProduct-link woocommerce-loop-product__link\">\n\t<span class=\"onsale\">Aanbieding!<\/span>\n\t<img loading=\"lazy\" decoding=\"async\" width=\"500\" height=\"667\" src=\"https:\/\/www.strelli.be\/wp-content\/uploads\/2019\/07\/woerman6-1-500x667.jpg\" class=\"attachment-woocommerce_thumbnail size-woocommerce_thumbnail\" alt=\"y-Moerman2\" \/><h2 class=\"woocommerce-loop-product__title\">y-Moerman2<\/h2>\n\t<span class=\"price\"><del aria-hidden=\"true\"><span class=\"woocommerce-Price-amount amount\"><bdi>165,00&nbsp;<span class=\"woocommerce-Price-currencySymbol\">&euro;<\/span><\/bdi><\/span><\/del> <span class=\"screen-reader-text\">Oorspronkelijke prijs was: 165,00&nbsp;&euro;.<\/span><ins aria-hidden=\"true\"><span class=\"woocommerce-Price-amount amount\"><bdi>119,00&nbsp;<span class=\"woocommerce-Price-currencySymbol\">&euro;<\/span><\/bdi><\/span><\/ins><span class=\"screen-reader-text\">Huidige prijs is: 119,00&nbsp;&euro;.<\/span><\/span>\n<\/a><a href=\"?add-to-cart=1400\" aria-describedby=\"woocommerce_loop_add_to_cart_link_describedby_1400\" data-quantity=\"1\" class=\"button product_type_simple add_to_cart_button ajax_add_to_cart\" data-product_id=\"1400\" data-product_sku=\"\" aria-label=\"Toevoegen aan winkelwagen: &ldquo;y-Moerman2&ldquo;\" rel=\"nofollow\" data-success_message=\"&#039;y-Moerman2&#039; is toegevoegd aan je winkelmand\">Toevoegen aan winkelwagen<\/a>\t<span id=\"woocommerce_loop_add_to_cart_link_describedby_1400\" class=\"screen-reader-text\">\n\t\t\t<\/span>\n<span class=\"gtm4wp_productdata\" style=\"display:none; visibility:hidden;\" data-gtm4wp_product_data=\"{&quot;internal_id&quot;:1400,&quot;item_id&quot;:1400,&quot;item_name&quot;:&quot;y-Moerman2&quot;,&quot;sku&quot;:1400,&quot;price&quot;:119,&quot;stocklevel&quot;:17,&quot;stockstatus&quot;:&quot;instock&quot;,&quot;google_business_vertical&quot;:&quot;retail&quot;,&quot;item_category&quot;:&quot;BlackFriday&quot;,&quot;id&quot;:1400,&quot;productlink&quot;:&quot;https:\\\/\\\/www.strelli.be\\\/nl\\\/shop\\\/echarpes\\\/ventes-flash\\\/y-moerman2\\\/&quot;,&quot;item_list_name&quot;:&quot;Algemeen product lijst&quot;,&quot;index&quot;:4,&quot;product_type&quot;:&quot;simple&quot;,&quot;item_brand&quot;:&quot;&quot;}\"><\/span><\/li>\n<li class=\"product type-product post-1379 status-publish first instock product_cat-blackfriday product_cat-blackfriday-nl product_cat-by-jl-moeman-nl product_cat-by-jl-moeman product_cat-echarpes product_cat-femme product_cat-flash-collectie product_cat-promo-nl product_cat-promo product_cat-sjaal product_cat-ventes-flash product_cat-femme-nl has-post-thumbnail sale shipping-taxable purchasable product-type-simple\">\n\t<a href=\"https:\/\/www.strelli.be\/nl\/shop\/echarpes\/ventes-flash\/y-moerman6\/\" class=\"woocommerce-LoopProduct-link woocommerce-loop-product__link\">\n\t<span class=\"onsale\">Aanbieding!<\/span>\n\t<img loading=\"lazy\" decoding=\"async\" width=\"500\" height=\"667\" src=\"https:\/\/www.strelli.be\/wp-content\/uploads\/2024\/04\/worman06IMG_4403-500x667.jpeg\" class=\"attachment-woocommerce_thumbnail size-woocommerce_thumbnail\" alt=\"y-Moerman6\" \/><h2 class=\"woocommerce-loop-product__title\">y-Moerman6<\/h2>\n\t<span class=\"price\"><del aria-hidden=\"true\"><span class=\"woocommerce-Price-amount amount\"><bdi>165,00&nbsp;<span class=\"woocommerce-Price-currencySymbol\">&euro;<\/span><\/bdi><\/span><\/del> <span class=\"screen-reader-text\">Oorspronkelijke prijs was: 165,00&nbsp;&euro;.<\/span><ins aria-hidden=\"true\"><span class=\"woocommerce-Price-amount amount\"><bdi>119,00&nbsp;<span class=\"woocommerce-Price-currencySymbol\">&euro;<\/span><\/bdi><\/span><\/ins><span class=\"screen-reader-text\">Huidige prijs is: 119,00&nbsp;&euro;.<\/span><\/span>\n<\/a><a href=\"?add-to-cart=1379\" aria-describedby=\"woocommerce_loop_add_to_cart_link_describedby_1379\" data-quantity=\"1\" class=\"button product_type_simple add_to_cart_button ajax_add_to_cart\" data-product_id=\"1379\" data-product_sku=\"\" aria-label=\"Toevoegen aan winkelwagen: &ldquo;y-Moerman6&ldquo;\" rel=\"nofollow\" data-success_message=\"&#039;y-Moerman6&#039; is toegevoegd aan je winkelmand\">Toevoegen aan winkelwagen<\/a>\t<span id=\"woocommerce_loop_add_to_cart_link_describedby_1379\" class=\"screen-reader-text\">\n\t\t\t<\/span>\n<span class=\"gtm4wp_productdata\" style=\"display:none; visibility:hidden;\" data-gtm4wp_product_data=\"{&quot;internal_id&quot;:1379,&quot;item_id&quot;:1379,&quot;item_name&quot;:&quot;y-Moerman6&quot;,&quot;sku&quot;:1379,&quot;price&quot;:119,&quot;stocklevel&quot;:16,&quot;stockstatus&quot;:&quot;instock&quot;,&quot;google_business_vertical&quot;:&quot;retail&quot;,&quot;item_category&quot;:&quot;BlackFriday&quot;,&quot;id&quot;:1379,&quot;productlink&quot;:&quot;https:\\\/\\\/www.strelli.be\\\/nl\\\/shop\\\/echarpes\\\/ventes-flash\\\/y-moerman6\\\/&quot;,&quot;item_list_name&quot;:&quot;Algemeen product lijst&quot;,&quot;index&quot;:5,&quot;product_type&quot;:&quot;simple&quot;,&quot;item_brand&quot;:&quot;&quot;}\"><\/span><\/li>\n<\/ul>\n<\/div>\n","protected":false},"excerpt":{"rendered":"","protected":false},"author":1,"featured_media":0,"parent":1103,"menu_order":15,"comment_status":"closed","ping_status":"closed","template":"woocommerce.php","meta":{"_acf_changed":false,"footnotes":""},"class_list":["post-3152","page","type-page","status-publish","hentry"],"acf":[],"yoast_head":"<!-- This site is optimized with the Yoast SEO plugin v25.3.1 - https:\/\/yoast.com\/wordpress\/plugins\/seo\/ -->\n<title>By JL Moeman - Olivier Strelli<\/title>\n<meta name=\"robots\" content=\"index, follow, max-snippet:-1, max-image-preview:large, max-video-preview:-1\" \/>\n<link rel=\"canonical\" href=\"https:\/\/www.strelli.be\/nl\/sjaal\/by-jl-moeman\/\" \/>\n<meta property=\"og:locale\" content=\"nl_NL\" \/>\n<meta property=\"og:type\" content=\"article\" \/>\n<meta property=\"og:title\" content=\"By JL Moeman - Olivier Strelli\" \/>\n<meta property=\"og:url\" content=\"https:\/\/www.strelli.be\/nl\/sjaal\/by-jl-moeman\/\" \/>\n<meta property=\"og:site_name\" content=\"Olivier Strelli\" \/>\n<meta name=\"twitter:card\" content=\"summary_large_image\" \/>\n<script type=\"application\/ld+json\" class=\"yoast-schema-graph\">{\"@context\":\"https:\/\/schema.org\",\"@graph\":[{\"@type\":\"WebPage\",\"@id\":\"https:\/\/www.strelli.be\/nl\/sjaal\/by-jl-moeman\/\",\"url\":\"https:\/\/www.strelli.be\/nl\/sjaal\/by-jl-moeman\/\",\"name\":\"By JL Moeman - Olivier Strelli\",\"isPartOf\":{\"@id\":\"https:\/\/www.strelli.be\/#website\"},\"datePublished\":\"2019-07-16T14:29:40+00:00\",\"breadcrumb\":{\"@id\":\"https:\/\/www.strelli.be\/nl\/sjaal\/by-jl-moeman\/#breadcrumb\"},\"inLanguage\":\"nl-NL\",\"potentialAction\":[{\"@type\":\"ReadAction\",\"target\":[\"https:\/\/www.strelli.be\/nl\/sjaal\/by-jl-moeman\/\"]}]},{\"@type\":\"BreadcrumbList\",\"@id\":\"https:\/\/www.strelli.be\/nl\/sjaal\/by-jl-moeman\/#breadcrumb\",\"itemListElement\":[{\"@type\":\"ListItem\",\"position\":1,\"name\":\"Accueil\",\"item\":\"https:\/\/www.strelli.be\/nl\/\"},{\"@type\":\"ListItem\",\"position\":2,\"name\":\"Sjaal\",\"item\":\"https:\/\/www.strelli.be\/nl\/sjaal\/\"},{\"@type\":\"ListItem\",\"position\":3,\"name\":\"By JL Moeman\"}]},{\"@type\":\"WebSite\",\"@id\":\"https:\/\/www.strelli.be\/#website\",\"url\":\"https:\/\/www.strelli.be\/\",\"name\":\"Olivier Strelli\",\"description\":\"Les \u00e9charpes tiss\u00e9es, color\u00e9es, cr\u00e9es et fabriqu\u00e9es en Belgique\",\"potentialAction\":[{\"@type\":\"SearchAction\",\"target\":{\"@type\":\"EntryPoint\",\"urlTemplate\":\"https:\/\/www.strelli.be\/?s={search_term_string}\"},\"query-input\":{\"@type\":\"PropertyValueSpecification\",\"valueRequired\":true,\"valueName\":\"search_term_string\"}}],\"inLanguage\":\"nl-NL\"}]}<\/script>\n<!-- \/ Yoast SEO plugin. -->","yoast_head_json":{"title":"By JL Moeman - Olivier Strelli","robots":{"index":"index","follow":"follow","max-snippet":"max-snippet:-1","max-image-preview":"max-image-preview:large","max-video-preview":"max-video-preview:-1"},"canonical":"https:\/\/www.strelli.be\/nl\/sjaal\/by-jl-moeman\/","og_locale":"nl_NL","og_type":"article","og_title":"By JL Moeman - Olivier Strelli","og_url":"https:\/\/www.strelli.be\/nl\/sjaal\/by-jl-moeman\/","og_site_name":"Olivier Strelli","twitter_card":"summary_large_image","schema":{"@context":"https:\/\/schema.org","@graph":[{"@type":"WebPage","@id":"https:\/\/www.strelli.be\/nl\/sjaal\/by-jl-moeman\/","url":"https:\/\/www.strelli.be\/nl\/sjaal\/by-jl-moeman\/","name":"By JL Moeman - Olivier Strelli","isPartOf":{"@id":"https:\/\/www.strelli.be\/#website"},"datePublished":"2019-07-16T14:29:40+00:00","breadcrumb":{"@id":"https:\/\/www.strelli.be\/nl\/sjaal\/by-jl-moeman\/#breadcrumb"},"inLanguage":"nl-NL","potentialAction":[{"@type":"ReadAction","target":["https:\/\/www.strelli.be\/nl\/sjaal\/by-jl-moeman\/"]}]},{"@type":"BreadcrumbList","@id":"https:\/\/www.strelli.be\/nl\/sjaal\/by-jl-moeman\/#breadcrumb","itemListElement":[{"@type":"ListItem","position":1,"name":"Accueil","item":"https:\/\/www.strelli.be\/nl\/"},{"@type":"ListItem","position":2,"name":"Sjaal","item":"https:\/\/www.strelli.be\/nl\/sjaal\/"},{"@type":"ListItem","position":3,"name":"By JL Moeman"}]},{"@type":"WebSite","@id":"https:\/\/www.strelli.be\/#website","url":"https:\/\/www.strelli.be\/","name":"Olivier Strelli","description":"Les \u00e9charpes tiss\u00e9es, color\u00e9es, cr\u00e9es et fabriqu\u00e9es en Belgique","potentialAction":[{"@type":"SearchAction","target":{"@type":"EntryPoint","urlTemplate":"https:\/\/www.strelli.be\/?s={search_term_string}"},"query-input":{"@type":"PropertyValueSpecification","valueRequired":true,"valueName":"search_term_string"}}],"inLanguage":"nl-NL"}]}},"_links":{"self":[{"href":"https:\/\/www.strelli.be\/nl\/wp-json\/wp\/v2\/pages\/3152","targetHints":{"allow":["GET"]}}],"collection":[{"href":"https:\/\/www.strelli.be\/nl\/wp-json\/wp\/v2\/pages"}],"about":[{"href":"https:\/\/www.strelli.be\/nl\/wp-json\/wp\/v2\/types\/page"}],"author":[{"embeddable":true,"href":"https:\/\/www.strelli.be\/nl\/wp-json\/wp\/v2\/users\/1"}],"replies":[{"embeddable":true,"href":"https:\/\/www.strelli.be\/nl\/wp-json\/wp\/v2\/comments?post=3152"}],"version-history":[{"count":0,"href":"https:\/\/www.strelli.be\/nl\/wp-json\/wp\/v2\/pages\/3152\/revisions"}],"up":[{"embeddable":true,"href":"https:\/\/www.strelli.be\/nl\/wp-json\/wp\/v2\/pages\/1103"}],"wp:attachment":[{"href":"https:\/\/www.strelli.be\/nl\/wp-json\/wp\/v2\/media?parent=3152"}],"curies":[{"name":"wp","href":"https:\/\/api.w.org\/{rel}","templated":true}]}}