{"id":3785,"date":"2019-10-11T15:20:05","date_gmt":"2019-10-11T13:20:05","guid":{"rendered":"http:\/\/www.studioneostaging.be\/stagingstrelli\/over\/"},"modified":"2019-10-11T16:27:40","modified_gmt":"2019-10-11T14:27:40","slug":"over","status":"publish","type":"page","link":"https:\/\/www.strelli.be\/nl\/la-marque\/over\/","title":{"rendered":"Over"},"content":{"rendered":"\n<h3 class=\"wp-block-heading\"><a>Kleurrijk modenajaar voorspeld met de Olivier Strelli sjaal! <\/a><\/h3>\n\n<p>De dynamische, kleurrijke en duivels elegante sjaaltjes doen ons al reikhalzend uitkijken naar het modeseizoen!  Ze staan garant voor een en al kleurechte vrolijkheid, want elke nostalgische verwijzing naar het verleden zou toevallig en onopzettelijk zijn \u2026\r\n \r\n \r\n  \r\n  \r\n  \r\n  \r\n  \r\n  \r\n  \r\n  \r\n  \r\n  \r\n  \r\n  \r\n \r\n \r\n \r\n\r\n \r\n<\/p>\n\n<p>Het nieuws zorgt op moderedacties terecht voor beroering. Met hun overvloedige kleuren en hun dynamische, etnische motieven vormden de sjaals het DNA van Strelli en zetten ze het merk op de kaart. Bovendien zetten ze de cultus rond accessoires in gang. Sinds ze bijna dertig jaar geleden gelanceerd werden, hebben ze generaties vrouwen en mannen om de hals gehangen.<\/p>\n\n<p>Kwaliteitssjaals <strong><em>made in Belgium <\/em><\/strong>Glinsterende kleuren, gevlekte payronen en genetische codes van de merk. Gelukkig!<\/p>\n\n<h3 class=\"wp-block-heading\">Meer te weten<\/h3>\n\n<p>Jacquard-sjaal: 7.776.000 gekruiste draden per stola<\/p>\n\n<p>  <\/p>\n\n<p>7790 meter (bijna 8 km) draden in een stola.\r\n<\/p>\n\n<p>Mix tussen 8 en 10 kleuren door sjaal. Dubbelzijdige satijnen (twee verschillende kanten)\r\n\r\n<\/p>\n\n<p>Het product is &#8220;Geverfde draad&#8221; (dwz het zijn de garens die zijn geverfd en niet de stof, voor kenners is het een kenmerk van hoge kwaliteit)\r\n<\/p>\n\n<p>Grondstof: Extra fijn gekamde witte wol\r\n<\/p>\n\n<p>Witte wol: zonder vreemde vezels of donkere haren,\r\n\r\n<\/p>\n\n<p>Fijne wol voor zachtheid (dit zijn de haren van de buik van de schapen, de rug is pittiger))<\/p>\n\n<p>gekamd voor kwaliteit (kamgaren betekent dat de draad is gemaakt met de grondstof, een contrario \u2018Gekaard&#8221; betekent dat de draad is gemaakt met de resten van de kamgaren spinnen). De stof is beter bestand tegen pilling dan als het ware gemaakt met gekaarde draad.<\/p>\n\n<p>weven: Het kromtrekken en weven gebeurt volledig in Belgi\u00eb\r\n\r\n<\/p>\n\n<p>Afwerking: Handgemaakt (knippen, controleren, &#8230;) in een ambachtelijke werkplaats in Belgi\u00eb.<\/p>\n\n<p>Kleurstoffen gemaakt in totale naleving van de Europese egelgeving van REACH\r\n\r\n<\/p>\n\n<p>Kwaliteitsartikel, welke biedt jarenlang een belofte van tevredenheid &#8230;<\/p>\n\n<p>Creatie: tekeningen uniek en exclusief. Originele kleuren. Tijdloos product.<\/p>\n\n<p>Beperkte edities, collectie elk jaar vernieuwd.\r\n\r\n<\/p>\n","protected":false},"excerpt":{"rendered":"<p>Kleurrijk modenajaar voorspeld met de Olivier Strelli sjaal! De dynamische, kleurrijke en duivels elegante sjaaltjes doen ons al reikhalzend uitkijken naar het modeseizoen! Ze staan garant voor een en al kleurechte vrolijkheid, want elke nostalgische verwijzing naar het verleden zou toevallig en onopzettelijk zijn \u2026 Het nieuws zorgt op moderedacties terecht voor beroering. Met hun [&hellip;]<\/p>\n","protected":false},"author":1,"featured_media":0,"parent":3816,"menu_order":11,"comment_status":"closed","ping_status":"closed","template":"page.php","meta":{"_acf_changed":false,"footnotes":""},"class_list":["post-3785","page","type-page","status-publish","hentry"],"acf":[],"yoast_head":"<!-- This site is optimized with the Yoast SEO plugin v25.3.1 - https:\/\/yoast.com\/wordpress\/plugins\/seo\/ -->\n<title>Over - Olivier Strelli<\/title>\n<meta name=\"robots\" content=\"index, follow, max-snippet:-1, max-image-preview:large, max-video-preview:-1\" \/>\n<link rel=\"canonical\" href=\"https:\/\/www.strelli.be\/nl\/la-marque\/over\/\" \/>\n<meta property=\"og:locale\" content=\"nl_NL\" \/>\n<meta property=\"og:type\" content=\"article\" \/>\n<meta property=\"og:title\" content=\"Over - Olivier Strelli\" \/>\n<meta property=\"og:description\" content=\"Kleurrijk modenajaar voorspeld met de Olivier Strelli sjaal! De dynamische, kleurrijke en duivels elegante sjaaltjes doen ons al reikhalzend uitkijken naar het modeseizoen! Ze staan garant voor een en al kleurechte vrolijkheid, want elke nostalgische verwijzing naar het verleden zou toevallig en onopzettelijk zijn \u2026 Het nieuws zorgt op moderedacties terecht voor beroering. Met hun [&hellip;]\" \/>\n<meta property=\"og:url\" content=\"https:\/\/www.strelli.be\/nl\/la-marque\/over\/\" \/>\n<meta property=\"og:site_name\" content=\"Olivier Strelli\" \/>\n<meta property=\"article:modified_time\" content=\"2019-10-11T14:27:40+00:00\" \/>\n<meta name=\"twitter:card\" content=\"summary_large_image\" \/>\n<meta name=\"twitter:label1\" content=\"Geschatte leestijd\" \/>\n\t<meta name=\"twitter:data1\" content=\"1 minuut\" \/>\n<script type=\"application\/ld+json\" class=\"yoast-schema-graph\">{\"@context\":\"https:\/\/schema.org\",\"@graph\":[{\"@type\":\"WebPage\",\"@id\":\"https:\/\/www.strelli.be\/nl\/la-marque\/over\/\",\"url\":\"https:\/\/www.strelli.be\/nl\/la-marque\/over\/\",\"name\":\"Over - Olivier Strelli\",\"isPartOf\":{\"@id\":\"https:\/\/www.strelli.be\/#website\"},\"datePublished\":\"2019-10-11T13:20:05+00:00\",\"dateModified\":\"2019-10-11T14:27:40+00:00\",\"breadcrumb\":{\"@id\":\"https:\/\/www.strelli.be\/nl\/la-marque\/over\/#breadcrumb\"},\"inLanguage\":\"nl-NL\",\"potentialAction\":[{\"@type\":\"ReadAction\",\"target\":[\"https:\/\/www.strelli.be\/nl\/la-marque\/over\/\"]}]},{\"@type\":\"BreadcrumbList\",\"@id\":\"https:\/\/www.strelli.be\/nl\/la-marque\/over\/#breadcrumb\",\"itemListElement\":[{\"@type\":\"ListItem\",\"position\":1,\"name\":\"Accueil\",\"item\":\"https:\/\/www.strelli.be\/nl\/\"},{\"@type\":\"ListItem\",\"position\":2,\"name\":\"Het merk\",\"item\":\"https:\/\/www.strelli.be\/nl\/la-marque\/\"},{\"@type\":\"ListItem\",\"position\":3,\"name\":\"Over\"}]},{\"@type\":\"WebSite\",\"@id\":\"https:\/\/www.strelli.be\/#website\",\"url\":\"https:\/\/www.strelli.be\/\",\"name\":\"Olivier Strelli\",\"description\":\"Les \u00e9charpes tiss\u00e9es, color\u00e9es, cr\u00e9es et fabriqu\u00e9es en Belgique\",\"potentialAction\":[{\"@type\":\"SearchAction\",\"target\":{\"@type\":\"EntryPoint\",\"urlTemplate\":\"https:\/\/www.strelli.be\/?s={search_term_string}\"},\"query-input\":{\"@type\":\"PropertyValueSpecification\",\"valueRequired\":true,\"valueName\":\"search_term_string\"}}],\"inLanguage\":\"nl-NL\"}]}<\/script>\n<!-- \/ Yoast SEO plugin. -->","yoast_head_json":{"title":"Over - Olivier Strelli","robots":{"index":"index","follow":"follow","max-snippet":"max-snippet:-1","max-image-preview":"max-image-preview:large","max-video-preview":"max-video-preview:-1"},"canonical":"https:\/\/www.strelli.be\/nl\/la-marque\/over\/","og_locale":"nl_NL","og_type":"article","og_title":"Over - Olivier Strelli","og_description":"Kleurrijk modenajaar voorspeld met de Olivier Strelli sjaal! De dynamische, kleurrijke en duivels elegante sjaaltjes doen ons al reikhalzend uitkijken naar het modeseizoen! Ze staan garant voor een en al kleurechte vrolijkheid, want elke nostalgische verwijzing naar het verleden zou toevallig en onopzettelijk zijn \u2026 Het nieuws zorgt op moderedacties terecht voor beroering. Met hun [&hellip;]","og_url":"https:\/\/www.strelli.be\/nl\/la-marque\/over\/","og_site_name":"Olivier Strelli","article_modified_time":"2019-10-11T14:27:40+00:00","twitter_card":"summary_large_image","twitter_misc":{"Geschatte leestijd":"1 minuut"},"schema":{"@context":"https:\/\/schema.org","@graph":[{"@type":"WebPage","@id":"https:\/\/www.strelli.be\/nl\/la-marque\/over\/","url":"https:\/\/www.strelli.be\/nl\/la-marque\/over\/","name":"Over - Olivier Strelli","isPartOf":{"@id":"https:\/\/www.strelli.be\/#website"},"datePublished":"2019-10-11T13:20:05+00:00","dateModified":"2019-10-11T14:27:40+00:00","breadcrumb":{"@id":"https:\/\/www.strelli.be\/nl\/la-marque\/over\/#breadcrumb"},"inLanguage":"nl-NL","potentialAction":[{"@type":"ReadAction","target":["https:\/\/www.strelli.be\/nl\/la-marque\/over\/"]}]},{"@type":"BreadcrumbList","@id":"https:\/\/www.strelli.be\/nl\/la-marque\/over\/#breadcrumb","itemListElement":[{"@type":"ListItem","position":1,"name":"Accueil","item":"https:\/\/www.strelli.be\/nl\/"},{"@type":"ListItem","position":2,"name":"Het merk","item":"https:\/\/www.strelli.be\/nl\/la-marque\/"},{"@type":"ListItem","position":3,"name":"Over"}]},{"@type":"WebSite","@id":"https:\/\/www.strelli.be\/#website","url":"https:\/\/www.strelli.be\/","name":"Olivier Strelli","description":"Les \u00e9charpes tiss\u00e9es, color\u00e9es, cr\u00e9es et fabriqu\u00e9es en Belgique","potentialAction":[{"@type":"SearchAction","target":{"@type":"EntryPoint","urlTemplate":"https:\/\/www.strelli.be\/?s={search_term_string}"},"query-input":{"@type":"PropertyValueSpecification","valueRequired":true,"valueName":"search_term_string"}}],"inLanguage":"nl-NL"}]}},"_links":{"self":[{"href":"https:\/\/www.strelli.be\/nl\/wp-json\/wp\/v2\/pages\/3785","targetHints":{"allow":["GET"]}}],"collection":[{"href":"https:\/\/www.strelli.be\/nl\/wp-json\/wp\/v2\/pages"}],"about":[{"href":"https:\/\/www.strelli.be\/nl\/wp-json\/wp\/v2\/types\/page"}],"author":[{"embeddable":true,"href":"https:\/\/www.strelli.be\/nl\/wp-json\/wp\/v2\/users\/1"}],"replies":[{"embeddable":true,"href":"https:\/\/www.strelli.be\/nl\/wp-json\/wp\/v2\/comments?post=3785"}],"version-history":[{"count":0,"href":"https:\/\/www.strelli.be\/nl\/wp-json\/wp\/v2\/pages\/3785\/revisions"}],"up":[{"embeddable":true,"href":"https:\/\/www.strelli.be\/nl\/wp-json\/wp\/v2\/pages\/3816"}],"wp:attachment":[{"href":"https:\/\/www.strelli.be\/nl\/wp-json\/wp\/v2\/media?parent=3785"}],"curies":[{"name":"wp","href":"https:\/\/api.w.org\/{rel}","templated":true}]}}