{"id":3802,"date":"2019-10-11T16:28:30","date_gmt":"2019-10-11T14:28:30","guid":{"rendered":"http:\/\/www.studioneostaging.be\/stagingstrelli\/history\/"},"modified":"2019-10-11T16:28:34","modified_gmt":"2019-10-11T14:28:34","slug":"history","status":"publish","type":"page","link":"https:\/\/www.strelli.be\/nl\/la-marque\/history\/","title":{"rendered":"History"},"content":{"rendered":"\n<p><strong>profiel\r\nvan het bedrijf<\/strong><\/p>\n\n<p>Olivier Strelli herkende in high-end ready-to-wear is een merk met een meerderheid van zijn producten zijn ontworpen en vervaardigd in Belgi\u00eb. Het merk dankt zijn authenticiteit en zijn\r\nemblematische voor de uitvoering van edele materialen, kleuren exotische en vloeiende lijnen.<\/p>\n\n<p>1979 Oprichting van het merk Olivier Strelli die internationaal groeit.<\/p>\n\n<p><strong> authentiek merk<\/strong><\/p>\n\n<p>Afrikaanse Boubou en gedrukt etnisch met vrolijke kleuren, het geheim van Olivier Strelli ligt in de wortels kosmopolitisch van de familiesaga. Tribale tekeningen worden met de hand getekend,\r\nvoordat deze wordt gescand.<\/p>\n\n<p>Elke creatie komt tot leven door een palet van acht tot tien exotische kleuren die, eenmaal samengebracht, cre\u00ebren\r\neen symfonie. Alle draden zijn handgekleurd door een Belgische vakman.<\/p>\n\n<p>We zijn op zoek naar het mengsel\r\nideaal van extra wol, katoen en zijde omwille van elegantie en lichtheid.\r\nDit mengsel wordt vervolgens geweven om een \u200b\u200bstof te cre\u00ebren die zowel zacht als warm is.\r\nHet duurt dus 8 km net, bijna 8 miljoen oversteekverbindingen om te voltooien\r\nhet maken van een Olivier Strelli-sjaal.<\/p>\n\n<p><strong><onze visie><\/onze><\/strong><\/p>\n\n<p>Wij willen reageren\r\nde diversiteit van hedendaagse levensstijl door sjaals van verschillende\r\nmodellen en formaten.<\/p>\n\n<p>Een trendy look met accenten\r\nEtnisch weerspiegelt de geest van moderne nomaden op het kruispunt van werelden. Onze volgers niet\r\ngroepeer daarom niet onder een gemeenschappelijke noemer.\r\n<\/p>\n\n<p>&#8211;<\/p>\n\n<p>We beschouwen elk\r\ncollectie als een evolutie in plaats van een revolutie, waarbij elke collectie\r\nkleedt de seizoenen aan met zijn kleuren en nieuwe graphics.<\/p>\n\n<p>Een opeenvolging van edele materialen, warme kleuren en de\r\naandacht voor detail is het handelsmerk van Olivier Strelli.\r\n\r\n<\/p>\n\n<p><strong>onze\r\nwaarden<\/strong><\/p>\n\n<p>We willen overbrengen via onze sjaalcollecties: kwaliteit, warmte,\r\nzoetheid, luxe, verfijning, plezier, kosmopolitisme en kleur. Trots op onzeBelgische identiteit, we verdedigen onze lokale kleuren door al onze kleuren te produceren sjaals in een Belgische werkplaats.\r\n\r\n<\/p>\n","protected":false},"excerpt":{"rendered":"<p>profiel van het bedrijf Olivier Strelli herkende in high-end ready-to-wear is een merk met een meerderheid van zijn producten zijn ontworpen en vervaardigd in Belgi\u00eb. Het merk dankt zijn authenticiteit en zijn emblematische voor de uitvoering van edele materialen, kleuren exotische en vloeiende lijnen. 1979 Oprichting van het merk Olivier Strelli die internationaal groeit. authentiek [&hellip;]<\/p>\n","protected":false},"author":1,"featured_media":0,"parent":3816,"menu_order":12,"comment_status":"closed","ping_status":"closed","template":"page.php","meta":{"_acf_changed":false,"footnotes":""},"class_list":["post-3802","page","type-page","status-publish","hentry"],"acf":[],"yoast_head":"<!-- This site is optimized with the Yoast SEO plugin v25.3.1 - https:\/\/yoast.com\/wordpress\/plugins\/seo\/ -->\n<title>History - Olivier Strelli<\/title>\n<meta name=\"robots\" content=\"index, follow, max-snippet:-1, max-image-preview:large, max-video-preview:-1\" \/>\n<link rel=\"canonical\" href=\"https:\/\/www.strelli.be\/nl\/la-marque\/history\/\" \/>\n<meta property=\"og:locale\" content=\"nl_NL\" \/>\n<meta property=\"og:type\" content=\"article\" \/>\n<meta property=\"og:title\" content=\"History - Olivier Strelli\" \/>\n<meta property=\"og:description\" content=\"profiel van het bedrijf Olivier Strelli herkende in high-end ready-to-wear is een merk met een meerderheid van zijn producten zijn ontworpen en vervaardigd in Belgi\u00eb. Het merk dankt zijn authenticiteit en zijn emblematische voor de uitvoering van edele materialen, kleuren exotische en vloeiende lijnen. 1979 Oprichting van het merk Olivier Strelli die internationaal groeit. authentiek [&hellip;]\" \/>\n<meta property=\"og:url\" content=\"https:\/\/www.strelli.be\/nl\/la-marque\/history\/\" \/>\n<meta property=\"og:site_name\" content=\"Olivier Strelli\" \/>\n<meta property=\"article:modified_time\" content=\"2019-10-11T14:28:34+00:00\" \/>\n<meta name=\"twitter:card\" content=\"summary_large_image\" \/>\n<meta name=\"twitter:label1\" content=\"Geschatte leestijd\" \/>\n\t<meta name=\"twitter:data1\" content=\"1 minuut\" \/>\n<script type=\"application\/ld+json\" class=\"yoast-schema-graph\">{\"@context\":\"https:\/\/schema.org\",\"@graph\":[{\"@type\":\"WebPage\",\"@id\":\"https:\/\/www.strelli.be\/nl\/la-marque\/history\/\",\"url\":\"https:\/\/www.strelli.be\/nl\/la-marque\/history\/\",\"name\":\"History - Olivier Strelli\",\"isPartOf\":{\"@id\":\"https:\/\/www.strelli.be\/#website\"},\"datePublished\":\"2019-10-11T14:28:30+00:00\",\"dateModified\":\"2019-10-11T14:28:34+00:00\",\"breadcrumb\":{\"@id\":\"https:\/\/www.strelli.be\/nl\/la-marque\/history\/#breadcrumb\"},\"inLanguage\":\"nl-NL\",\"potentialAction\":[{\"@type\":\"ReadAction\",\"target\":[\"https:\/\/www.strelli.be\/nl\/la-marque\/history\/\"]}]},{\"@type\":\"BreadcrumbList\",\"@id\":\"https:\/\/www.strelli.be\/nl\/la-marque\/history\/#breadcrumb\",\"itemListElement\":[{\"@type\":\"ListItem\",\"position\":1,\"name\":\"Accueil\",\"item\":\"https:\/\/www.strelli.be\/nl\/\"},{\"@type\":\"ListItem\",\"position\":2,\"name\":\"Het merk\",\"item\":\"https:\/\/www.strelli.be\/nl\/la-marque\/\"},{\"@type\":\"ListItem\",\"position\":3,\"name\":\"History\"}]},{\"@type\":\"WebSite\",\"@id\":\"https:\/\/www.strelli.be\/#website\",\"url\":\"https:\/\/www.strelli.be\/\",\"name\":\"Olivier Strelli\",\"description\":\"Les \u00e9charpes tiss\u00e9es, color\u00e9es, cr\u00e9es et fabriqu\u00e9es en Belgique\",\"potentialAction\":[{\"@type\":\"SearchAction\",\"target\":{\"@type\":\"EntryPoint\",\"urlTemplate\":\"https:\/\/www.strelli.be\/?s={search_term_string}\"},\"query-input\":{\"@type\":\"PropertyValueSpecification\",\"valueRequired\":true,\"valueName\":\"search_term_string\"}}],\"inLanguage\":\"nl-NL\"}]}<\/script>\n<!-- \/ Yoast SEO plugin. -->","yoast_head_json":{"title":"History - Olivier Strelli","robots":{"index":"index","follow":"follow","max-snippet":"max-snippet:-1","max-image-preview":"max-image-preview:large","max-video-preview":"max-video-preview:-1"},"canonical":"https:\/\/www.strelli.be\/nl\/la-marque\/history\/","og_locale":"nl_NL","og_type":"article","og_title":"History - Olivier Strelli","og_description":"profiel van het bedrijf Olivier Strelli herkende in high-end ready-to-wear is een merk met een meerderheid van zijn producten zijn ontworpen en vervaardigd in Belgi\u00eb. Het merk dankt zijn authenticiteit en zijn emblematische voor de uitvoering van edele materialen, kleuren exotische en vloeiende lijnen. 1979 Oprichting van het merk Olivier Strelli die internationaal groeit. authentiek [&hellip;]","og_url":"https:\/\/www.strelli.be\/nl\/la-marque\/history\/","og_site_name":"Olivier Strelli","article_modified_time":"2019-10-11T14:28:34+00:00","twitter_card":"summary_large_image","twitter_misc":{"Geschatte leestijd":"1 minuut"},"schema":{"@context":"https:\/\/schema.org","@graph":[{"@type":"WebPage","@id":"https:\/\/www.strelli.be\/nl\/la-marque\/history\/","url":"https:\/\/www.strelli.be\/nl\/la-marque\/history\/","name":"History - Olivier Strelli","isPartOf":{"@id":"https:\/\/www.strelli.be\/#website"},"datePublished":"2019-10-11T14:28:30+00:00","dateModified":"2019-10-11T14:28:34+00:00","breadcrumb":{"@id":"https:\/\/www.strelli.be\/nl\/la-marque\/history\/#breadcrumb"},"inLanguage":"nl-NL","potentialAction":[{"@type":"ReadAction","target":["https:\/\/www.strelli.be\/nl\/la-marque\/history\/"]}]},{"@type":"BreadcrumbList","@id":"https:\/\/www.strelli.be\/nl\/la-marque\/history\/#breadcrumb","itemListElement":[{"@type":"ListItem","position":1,"name":"Accueil","item":"https:\/\/www.strelli.be\/nl\/"},{"@type":"ListItem","position":2,"name":"Het merk","item":"https:\/\/www.strelli.be\/nl\/la-marque\/"},{"@type":"ListItem","position":3,"name":"History"}]},{"@type":"WebSite","@id":"https:\/\/www.strelli.be\/#website","url":"https:\/\/www.strelli.be\/","name":"Olivier Strelli","description":"Les \u00e9charpes tiss\u00e9es, color\u00e9es, cr\u00e9es et fabriqu\u00e9es en Belgique","potentialAction":[{"@type":"SearchAction","target":{"@type":"EntryPoint","urlTemplate":"https:\/\/www.strelli.be\/?s={search_term_string}"},"query-input":{"@type":"PropertyValueSpecification","valueRequired":true,"valueName":"search_term_string"}}],"inLanguage":"nl-NL"}]}},"_links":{"self":[{"href":"https:\/\/www.strelli.be\/nl\/wp-json\/wp\/v2\/pages\/3802","targetHints":{"allow":["GET"]}}],"collection":[{"href":"https:\/\/www.strelli.be\/nl\/wp-json\/wp\/v2\/pages"}],"about":[{"href":"https:\/\/www.strelli.be\/nl\/wp-json\/wp\/v2\/types\/page"}],"author":[{"embeddable":true,"href":"https:\/\/www.strelli.be\/nl\/wp-json\/wp\/v2\/users\/1"}],"replies":[{"embeddable":true,"href":"https:\/\/www.strelli.be\/nl\/wp-json\/wp\/v2\/comments?post=3802"}],"version-history":[{"count":0,"href":"https:\/\/www.strelli.be\/nl\/wp-json\/wp\/v2\/pages\/3802\/revisions"}],"up":[{"embeddable":true,"href":"https:\/\/www.strelli.be\/nl\/wp-json\/wp\/v2\/pages\/3816"}],"wp:attachment":[{"href":"https:\/\/www.strelli.be\/nl\/wp-json\/wp\/v2\/media?parent=3802"}],"curies":[{"name":"wp","href":"https:\/\/api.w.org\/{rel}","templated":true}]}}