{"id":11299,"date":"2023-05-17T14:35:46","date_gmt":"2023-05-17T12:35:46","guid":{"rendered":"https:\/\/www.strelli.be\/shop\/niet-gecategoriseerd\/n-koala51\/"},"modified":"2025-01-07T16:01:09","modified_gmt":"2025-01-07T15:01:09","slug":"n-koala51","status":"publish","type":"product","link":"https:\/\/www.strelli.be\/nl\/shop\/sjaal\/n-koala51\/","title":{"rendered":"N-KOALA51"},"content":{"rendered":"<p>Compositie : 100% Wol<br \/>\nMaat : 70 cm x 180 cm<br \/>\nMade in Belgium<br \/>\nWasinstructies: Droogkuis<\/p>\n","protected":false},"excerpt":{"rendered":"<p>Geweven unisex sjaal 100% wol, kleurrijke patchwork<\/p>\n","protected":false},"featured_media":10966,"template":"","meta":{"_acf_changed":false},"product_brand":[],"product_cat":[151,102,145,100,158],"product_tag":[],"class_list":{"0":"post-11299","1":"product","2":"type-product","3":"status-publish","4":"has-post-thumbnail","6":"product_cat-blackfriday-nl","7":"product_cat-classic-nl","8":"product_cat-promo-nl","9":"product_cat-sjaal","10":"product_cat-femme-nl","12":"first","13":"instock","14":"sale","15":"shipping-taxable","16":"purchasable","17":"product-type-simple"},"acf":[],"yoast_head":"<!-- This site is optimized with the Yoast SEO plugin v25.3.1 - https:\/\/yoast.com\/wordpress\/plugins\/seo\/ -->\n<title>N-KOALA51 - Olivier Strelli<\/title>\n<meta name=\"robots\" content=\"index, follow, max-snippet:-1, max-image-preview:large, max-video-preview:-1\" \/>\n<link rel=\"canonical\" href=\"https:\/\/www.strelli.be\/nl\/shop\/sjaal\/n-koala51\/\" \/>\n<meta property=\"og:locale\" content=\"nl_NL\" \/>\n<meta property=\"og:type\" content=\"article\" \/>\n<meta property=\"og:title\" content=\"N-KOALA51 - Olivier Strelli\" \/>\n<meta property=\"og:description\" content=\"Geweven unisex sjaal 100% wol, kleurrijke patchwork\" \/>\n<meta property=\"og:url\" content=\"https:\/\/www.strelli.be\/nl\/shop\/sjaal\/n-koala51\/\" \/>\n<meta property=\"og:site_name\" content=\"Olivier Strelli\" \/>\n<meta property=\"article:modified_time\" content=\"2025-01-07T15:01:09+00:00\" \/>\n<meta property=\"og:image\" content=\"https:\/\/www.strelli.be\/wp-content\/uploads\/2023\/05\/koala51IMG_1474-.jpg\" \/>\n\t<meta property=\"og:image:width\" content=\"2048\" \/>\n\t<meta property=\"og:image:height\" content=\"2560\" \/>\n\t<meta property=\"og:image:type\" content=\"image\/jpeg\" \/>\n<meta name=\"twitter:card\" content=\"summary_large_image\" \/>\n<meta name=\"twitter:label1\" content=\"Geschatte leestijd\" \/>\n\t<meta name=\"twitter:data1\" content=\"1 minuut\" \/>\n<script type=\"application\/ld+json\" class=\"yoast-schema-graph\">{\"@context\":\"https:\/\/schema.org\",\"@graph\":[{\"@type\":\"WebPage\",\"@id\":\"https:\/\/www.strelli.be\/nl\/shop\/sjaal\/n-koala51\/\",\"url\":\"https:\/\/www.strelli.be\/nl\/shop\/sjaal\/n-koala51\/\",\"name\":\"N-KOALA51 - Olivier Strelli\",\"isPartOf\":{\"@id\":\"https:\/\/www.strelli.be\/#website\"},\"primaryImageOfPage\":{\"@id\":\"https:\/\/www.strelli.be\/nl\/shop\/sjaal\/n-koala51\/#primaryimage\"},\"image\":{\"@id\":\"https:\/\/www.strelli.be\/nl\/shop\/sjaal\/n-koala51\/#primaryimage\"},\"thumbnailUrl\":\"https:\/\/www.strelli.be\/wp-content\/uploads\/2023\/05\/koala51IMG_1474-.jpg\",\"datePublished\":\"2023-05-17T12:35:46+00:00\",\"dateModified\":\"2025-01-07T15:01:09+00:00\",\"breadcrumb\":{\"@id\":\"https:\/\/www.strelli.be\/nl\/shop\/sjaal\/n-koala51\/#breadcrumb\"},\"inLanguage\":\"nl-NL\",\"potentialAction\":[{\"@type\":\"ReadAction\",\"target\":[\"https:\/\/www.strelli.be\/nl\/shop\/sjaal\/n-koala51\/\"]}]},{\"@type\":\"ImageObject\",\"inLanguage\":\"nl-NL\",\"@id\":\"https:\/\/www.strelli.be\/nl\/shop\/sjaal\/n-koala51\/#primaryimage\",\"url\":\"https:\/\/www.strelli.be\/wp-content\/uploads\/2023\/05\/koala51IMG_1474-.jpg\",\"contentUrl\":\"https:\/\/www.strelli.be\/wp-content\/uploads\/2023\/05\/koala51IMG_1474-.jpg\",\"width\":2048,\"height\":2560},{\"@type\":\"BreadcrumbList\",\"@id\":\"https:\/\/www.strelli.be\/nl\/shop\/sjaal\/n-koala51\/#breadcrumb\",\"itemListElement\":[{\"@type\":\"ListItem\",\"position\":1,\"name\":\"Accueil\",\"item\":\"https:\/\/www.strelli.be\/nl\/\"},{\"@type\":\"ListItem\",\"position\":2,\"name\":\"Winkel\",\"item\":\"https:\/\/www.strelli.be\/nl\/winkel\/\"},{\"@type\":\"ListItem\",\"position\":3,\"name\":\"N-KOALA51\"}]},{\"@type\":\"WebSite\",\"@id\":\"https:\/\/www.strelli.be\/#website\",\"url\":\"https:\/\/www.strelli.be\/\",\"name\":\"Olivier Strelli\",\"description\":\"Les \u00e9charpes tiss\u00e9es, color\u00e9es, cr\u00e9es et fabriqu\u00e9es en Belgique\",\"potentialAction\":[{\"@type\":\"SearchAction\",\"target\":{\"@type\":\"EntryPoint\",\"urlTemplate\":\"https:\/\/www.strelli.be\/?s={search_term_string}\"},\"query-input\":{\"@type\":\"PropertyValueSpecification\",\"valueRequired\":true,\"valueName\":\"search_term_string\"}}],\"inLanguage\":\"nl-NL\"}]}<\/script>\n<!-- \/ Yoast SEO plugin. -->","yoast_head_json":{"title":"N-KOALA51 - Olivier Strelli","robots":{"index":"index","follow":"follow","max-snippet":"max-snippet:-1","max-image-preview":"max-image-preview:large","max-video-preview":"max-video-preview:-1"},"canonical":"https:\/\/www.strelli.be\/nl\/shop\/sjaal\/n-koala51\/","og_locale":"nl_NL","og_type":"article","og_title":"N-KOALA51 - Olivier Strelli","og_description":"Geweven unisex sjaal 100% wol, kleurrijke patchwork","og_url":"https:\/\/www.strelli.be\/nl\/shop\/sjaal\/n-koala51\/","og_site_name":"Olivier Strelli","article_modified_time":"2025-01-07T15:01:09+00:00","og_image":[{"width":2048,"height":2560,"url":"https:\/\/www.strelli.be\/wp-content\/uploads\/2023\/05\/koala51IMG_1474-.jpg","type":"image\/jpeg"}],"twitter_card":"summary_large_image","twitter_misc":{"Geschatte leestijd":"1 minuut"},"schema":{"@context":"https:\/\/schema.org","@graph":[{"@type":"WebPage","@id":"https:\/\/www.strelli.be\/nl\/shop\/sjaal\/n-koala51\/","url":"https:\/\/www.strelli.be\/nl\/shop\/sjaal\/n-koala51\/","name":"N-KOALA51 - Olivier Strelli","isPartOf":{"@id":"https:\/\/www.strelli.be\/#website"},"primaryImageOfPage":{"@id":"https:\/\/www.strelli.be\/nl\/shop\/sjaal\/n-koala51\/#primaryimage"},"image":{"@id":"https:\/\/www.strelli.be\/nl\/shop\/sjaal\/n-koala51\/#primaryimage"},"thumbnailUrl":"https:\/\/www.strelli.be\/wp-content\/uploads\/2023\/05\/koala51IMG_1474-.jpg","datePublished":"2023-05-17T12:35:46+00:00","dateModified":"2025-01-07T15:01:09+00:00","breadcrumb":{"@id":"https:\/\/www.strelli.be\/nl\/shop\/sjaal\/n-koala51\/#breadcrumb"},"inLanguage":"nl-NL","potentialAction":[{"@type":"ReadAction","target":["https:\/\/www.strelli.be\/nl\/shop\/sjaal\/n-koala51\/"]}]},{"@type":"ImageObject","inLanguage":"nl-NL","@id":"https:\/\/www.strelli.be\/nl\/shop\/sjaal\/n-koala51\/#primaryimage","url":"https:\/\/www.strelli.be\/wp-content\/uploads\/2023\/05\/koala51IMG_1474-.jpg","contentUrl":"https:\/\/www.strelli.be\/wp-content\/uploads\/2023\/05\/koala51IMG_1474-.jpg","width":2048,"height":2560},{"@type":"BreadcrumbList","@id":"https:\/\/www.strelli.be\/nl\/shop\/sjaal\/n-koala51\/#breadcrumb","itemListElement":[{"@type":"ListItem","position":1,"name":"Accueil","item":"https:\/\/www.strelli.be\/nl\/"},{"@type":"ListItem","position":2,"name":"Winkel","item":"https:\/\/www.strelli.be\/nl\/winkel\/"},{"@type":"ListItem","position":3,"name":"N-KOALA51"}]},{"@type":"WebSite","@id":"https:\/\/www.strelli.be\/#website","url":"https:\/\/www.strelli.be\/","name":"Olivier Strelli","description":"Les \u00e9charpes tiss\u00e9es, color\u00e9es, cr\u00e9es et fabriqu\u00e9es en Belgique","potentialAction":[{"@type":"SearchAction","target":{"@type":"EntryPoint","urlTemplate":"https:\/\/www.strelli.be\/?s={search_term_string}"},"query-input":{"@type":"PropertyValueSpecification","valueRequired":true,"valueName":"search_term_string"}}],"inLanguage":"nl-NL"}]}},"_links":{"self":[{"href":"https:\/\/www.strelli.be\/nl\/wp-json\/wp\/v2\/product\/11299","targetHints":{"allow":["GET"]}}],"collection":[{"href":"https:\/\/www.strelli.be\/nl\/wp-json\/wp\/v2\/product"}],"about":[{"href":"https:\/\/www.strelli.be\/nl\/wp-json\/wp\/v2\/types\/product"}],"wp:featuredmedia":[{"embeddable":true,"href":"https:\/\/www.strelli.be\/nl\/wp-json\/wp\/v2\/media\/10966"}],"wp:attachment":[{"href":"https:\/\/www.strelli.be\/nl\/wp-json\/wp\/v2\/media?parent=11299"}],"wp:term":[{"taxonomy":"product_brand","embeddable":true,"href":"https:\/\/www.strelli.be\/nl\/wp-json\/wp\/v2\/product_brand?post=11299"},{"taxonomy":"product_cat","embeddable":true,"href":"https:\/\/www.strelli.be\/nl\/wp-json\/wp\/v2\/product_cat?post=11299"},{"taxonomy":"product_tag","embeddable":true,"href":"https:\/\/www.strelli.be\/nl\/wp-json\/wp\/v2\/product_tag?post=11299"}],"curies":[{"name":"wp","href":"https:\/\/api.w.org\/{rel}","templated":true}]}}