{"id":11740,"date":"2023-09-21T11:29:47","date_gmt":"2023-09-21T09:29:47","guid":{"rendered":"https:\/\/www.strelli.be\/?post_type=product&#038;p=11740"},"modified":"2024-11-21T19:44:51","modified_gmt":"2024-11-21T18:44:51","slug":"n-kiss72h-copie","status":"publish","type":"product","link":"https:\/\/www.strelli.be\/nl\/shop\/sjaal\/blackwhite\/n-kiss72h-copie\/","title":{"rendered":"N-KISS72h"},"content":{"rendered":"<p>Compositie : 100% Wol<br \/>\nMaat : 70 cm x 180 cm<br \/>\nMade in Belgium<br \/>\nWasinstructies: Droogkuis<\/p>\n","protected":false},"excerpt":{"rendered":"<p>100% wol geweven uniseks sjaal, kleurrijke stedelijke etnische patronen<\/p>\n","protected":false},"featured_media":11182,"template":"","meta":{"_acf_changed":false},"product_brand":[],"product_cat":[148,151,102,160,138,100],"product_tag":[],"class_list":{"0":"post-11740","1":"product","2":"type-product","3":"status-publish","4":"has-post-thumbnail","6":"product_cat-blackwhite","7":"product_cat-blackfriday-nl","8":"product_cat-classic-nl","9":"product_cat-mannen","10":"product_cat-nouveautes-nl","11":"product_cat-sjaal","13":"first","14":"instock","15":"sale","16":"shipping-taxable","17":"purchasable","18":"product-type-simple"},"acf":[],"yoast_head":"<!-- This site is optimized with the Yoast SEO plugin v25.3.1 - https:\/\/yoast.com\/wordpress\/plugins\/seo\/ -->\n<title>N-KISS72h - Olivier Strelli<\/title>\n<meta name=\"robots\" content=\"index, follow, max-snippet:-1, max-image-preview:large, max-video-preview:-1\" \/>\n<link rel=\"canonical\" href=\"https:\/\/www.strelli.be\/nl\/shop\/sjaal\/blackwhite\/n-kiss72h-copie\/\" \/>\n<meta property=\"og:locale\" content=\"nl_NL\" \/>\n<meta property=\"og:type\" content=\"article\" \/>\n<meta property=\"og:title\" content=\"N-KISS72h - Olivier Strelli\" \/>\n<meta property=\"og:description\" content=\"100% wol geweven uniseks sjaal, kleurrijke stedelijke etnische patronen\" \/>\n<meta property=\"og:url\" content=\"https:\/\/www.strelli.be\/nl\/shop\/sjaal\/blackwhite\/n-kiss72h-copie\/\" \/>\n<meta property=\"og:site_name\" content=\"Olivier Strelli\" \/>\n<meta property=\"article:modified_time\" content=\"2024-11-21T18:44:51+00:00\" \/>\n<meta property=\"og:image\" content=\"https:\/\/www.strelli.be\/wp-content\/uploads\/2023\/05\/kiss72IMG_8286r.jpg\" \/>\n\t<meta property=\"og:image:width\" content=\"1928\" \/>\n\t<meta property=\"og:image:height\" content=\"2560\" \/>\n\t<meta property=\"og:image:type\" content=\"image\/jpeg\" \/>\n<meta name=\"twitter:card\" content=\"summary_large_image\" \/>\n<meta name=\"twitter:label1\" content=\"Geschatte leestijd\" \/>\n\t<meta name=\"twitter:data1\" content=\"1 minuut\" \/>\n<script type=\"application\/ld+json\" class=\"yoast-schema-graph\">{\"@context\":\"https:\/\/schema.org\",\"@graph\":[{\"@type\":\"WebPage\",\"@id\":\"https:\/\/www.strelli.be\/nl\/shop\/sjaal\/blackwhite\/n-kiss72h-copie\/\",\"url\":\"https:\/\/www.strelli.be\/nl\/shop\/sjaal\/blackwhite\/n-kiss72h-copie\/\",\"name\":\"N-KISS72h - Olivier Strelli\",\"isPartOf\":{\"@id\":\"https:\/\/www.strelli.be\/#website\"},\"primaryImageOfPage\":{\"@id\":\"https:\/\/www.strelli.be\/nl\/shop\/sjaal\/blackwhite\/n-kiss72h-copie\/#primaryimage\"},\"image\":{\"@id\":\"https:\/\/www.strelli.be\/nl\/shop\/sjaal\/blackwhite\/n-kiss72h-copie\/#primaryimage\"},\"thumbnailUrl\":\"https:\/\/www.strelli.be\/wp-content\/uploads\/2023\/05\/kiss72IMG_8286r.jpg\",\"datePublished\":\"2023-09-21T09:29:47+00:00\",\"dateModified\":\"2024-11-21T18:44:51+00:00\",\"breadcrumb\":{\"@id\":\"https:\/\/www.strelli.be\/nl\/shop\/sjaal\/blackwhite\/n-kiss72h-copie\/#breadcrumb\"},\"inLanguage\":\"nl-NL\",\"potentialAction\":[{\"@type\":\"ReadAction\",\"target\":[\"https:\/\/www.strelli.be\/nl\/shop\/sjaal\/blackwhite\/n-kiss72h-copie\/\"]}]},{\"@type\":\"ImageObject\",\"inLanguage\":\"nl-NL\",\"@id\":\"https:\/\/www.strelli.be\/nl\/shop\/sjaal\/blackwhite\/n-kiss72h-copie\/#primaryimage\",\"url\":\"https:\/\/www.strelli.be\/wp-content\/uploads\/2023\/05\/kiss72IMG_8286r.jpg\",\"contentUrl\":\"https:\/\/www.strelli.be\/wp-content\/uploads\/2023\/05\/kiss72IMG_8286r.jpg\",\"width\":1928,\"height\":2560},{\"@type\":\"BreadcrumbList\",\"@id\":\"https:\/\/www.strelli.be\/nl\/shop\/sjaal\/blackwhite\/n-kiss72h-copie\/#breadcrumb\",\"itemListElement\":[{\"@type\":\"ListItem\",\"position\":1,\"name\":\"Accueil\",\"item\":\"https:\/\/www.strelli.be\/nl\/\"},{\"@type\":\"ListItem\",\"position\":2,\"name\":\"Winkel\",\"item\":\"https:\/\/www.strelli.be\/nl\/winkel\/\"},{\"@type\":\"ListItem\",\"position\":3,\"name\":\"N-KISS72h\"}]},{\"@type\":\"WebSite\",\"@id\":\"https:\/\/www.strelli.be\/#website\",\"url\":\"https:\/\/www.strelli.be\/\",\"name\":\"Olivier Strelli\",\"description\":\"Les \u00e9charpes tiss\u00e9es, color\u00e9es, cr\u00e9es et fabriqu\u00e9es en Belgique\",\"potentialAction\":[{\"@type\":\"SearchAction\",\"target\":{\"@type\":\"EntryPoint\",\"urlTemplate\":\"https:\/\/www.strelli.be\/?s={search_term_string}\"},\"query-input\":{\"@type\":\"PropertyValueSpecification\",\"valueRequired\":true,\"valueName\":\"search_term_string\"}}],\"inLanguage\":\"nl-NL\"}]}<\/script>\n<!-- \/ Yoast SEO plugin. -->","yoast_head_json":{"title":"N-KISS72h - Olivier Strelli","robots":{"index":"index","follow":"follow","max-snippet":"max-snippet:-1","max-image-preview":"max-image-preview:large","max-video-preview":"max-video-preview:-1"},"canonical":"https:\/\/www.strelli.be\/nl\/shop\/sjaal\/blackwhite\/n-kiss72h-copie\/","og_locale":"nl_NL","og_type":"article","og_title":"N-KISS72h - Olivier Strelli","og_description":"100% wol geweven uniseks sjaal, kleurrijke stedelijke etnische patronen","og_url":"https:\/\/www.strelli.be\/nl\/shop\/sjaal\/blackwhite\/n-kiss72h-copie\/","og_site_name":"Olivier Strelli","article_modified_time":"2024-11-21T18:44:51+00:00","og_image":[{"width":1928,"height":2560,"url":"https:\/\/www.strelli.be\/wp-content\/uploads\/2023\/05\/kiss72IMG_8286r.jpg","type":"image\/jpeg"}],"twitter_card":"summary_large_image","twitter_misc":{"Geschatte leestijd":"1 minuut"},"schema":{"@context":"https:\/\/schema.org","@graph":[{"@type":"WebPage","@id":"https:\/\/www.strelli.be\/nl\/shop\/sjaal\/blackwhite\/n-kiss72h-copie\/","url":"https:\/\/www.strelli.be\/nl\/shop\/sjaal\/blackwhite\/n-kiss72h-copie\/","name":"N-KISS72h - Olivier Strelli","isPartOf":{"@id":"https:\/\/www.strelli.be\/#website"},"primaryImageOfPage":{"@id":"https:\/\/www.strelli.be\/nl\/shop\/sjaal\/blackwhite\/n-kiss72h-copie\/#primaryimage"},"image":{"@id":"https:\/\/www.strelli.be\/nl\/shop\/sjaal\/blackwhite\/n-kiss72h-copie\/#primaryimage"},"thumbnailUrl":"https:\/\/www.strelli.be\/wp-content\/uploads\/2023\/05\/kiss72IMG_8286r.jpg","datePublished":"2023-09-21T09:29:47+00:00","dateModified":"2024-11-21T18:44:51+00:00","breadcrumb":{"@id":"https:\/\/www.strelli.be\/nl\/shop\/sjaal\/blackwhite\/n-kiss72h-copie\/#breadcrumb"},"inLanguage":"nl-NL","potentialAction":[{"@type":"ReadAction","target":["https:\/\/www.strelli.be\/nl\/shop\/sjaal\/blackwhite\/n-kiss72h-copie\/"]}]},{"@type":"ImageObject","inLanguage":"nl-NL","@id":"https:\/\/www.strelli.be\/nl\/shop\/sjaal\/blackwhite\/n-kiss72h-copie\/#primaryimage","url":"https:\/\/www.strelli.be\/wp-content\/uploads\/2023\/05\/kiss72IMG_8286r.jpg","contentUrl":"https:\/\/www.strelli.be\/wp-content\/uploads\/2023\/05\/kiss72IMG_8286r.jpg","width":1928,"height":2560},{"@type":"BreadcrumbList","@id":"https:\/\/www.strelli.be\/nl\/shop\/sjaal\/blackwhite\/n-kiss72h-copie\/#breadcrumb","itemListElement":[{"@type":"ListItem","position":1,"name":"Accueil","item":"https:\/\/www.strelli.be\/nl\/"},{"@type":"ListItem","position":2,"name":"Winkel","item":"https:\/\/www.strelli.be\/nl\/winkel\/"},{"@type":"ListItem","position":3,"name":"N-KISS72h"}]},{"@type":"WebSite","@id":"https:\/\/www.strelli.be\/#website","url":"https:\/\/www.strelli.be\/","name":"Olivier Strelli","description":"Les \u00e9charpes tiss\u00e9es, color\u00e9es, cr\u00e9es et fabriqu\u00e9es en Belgique","potentialAction":[{"@type":"SearchAction","target":{"@type":"EntryPoint","urlTemplate":"https:\/\/www.strelli.be\/?s={search_term_string}"},"query-input":{"@type":"PropertyValueSpecification","valueRequired":true,"valueName":"search_term_string"}}],"inLanguage":"nl-NL"}]}},"_links":{"self":[{"href":"https:\/\/www.strelli.be\/nl\/wp-json\/wp\/v2\/product\/11740","targetHints":{"allow":["GET"]}}],"collection":[{"href":"https:\/\/www.strelli.be\/nl\/wp-json\/wp\/v2\/product"}],"about":[{"href":"https:\/\/www.strelli.be\/nl\/wp-json\/wp\/v2\/types\/product"}],"wp:featuredmedia":[{"embeddable":true,"href":"https:\/\/www.strelli.be\/nl\/wp-json\/wp\/v2\/media\/11182"}],"wp:attachment":[{"href":"https:\/\/www.strelli.be\/nl\/wp-json\/wp\/v2\/media?parent=11740"}],"wp:term":[{"taxonomy":"product_brand","embeddable":true,"href":"https:\/\/www.strelli.be\/nl\/wp-json\/wp\/v2\/product_brand?post=11740"},{"taxonomy":"product_cat","embeddable":true,"href":"https:\/\/www.strelli.be\/nl\/wp-json\/wp\/v2\/product_cat?post=11740"},{"taxonomy":"product_tag","embeddable":true,"href":"https:\/\/www.strelli.be\/nl\/wp-json\/wp\/v2\/product_tag?post=11740"}],"curies":[{"name":"wp","href":"https:\/\/api.w.org\/{rel}","templated":true}]}}