{"id":14672,"date":"2024-05-17T18:14:28","date_gmt":"2024-05-17T16:14:28","guid":{"rendered":"https:\/\/www.strelli.be\/shop\/niet-gecategoriseerd\/l-loire51h\/"},"modified":"2024-12-18T13:22:36","modified_gmt":"2024-12-18T12:22:36","slug":"l-loire51h","status":"publish","type":"product","link":"https:\/\/www.strelli.be\/nl\/shop\/sjaal\/l-loire51h\/","title":{"rendered":"L-LOIRE51H"},"content":{"rendered":"<p>Compositie : 100% Wol<br \/>\nMaat : 70 cm x 180 cm<br \/>\nMade in Belgium<br \/>\nWasinstructies: Droogkuis<\/p>\n","protected":false},"excerpt":{"rendered":"<p>Unisex sjaal geweven van 100% wol, kleurrijke azteekse patronen<\/p>\n","protected":false},"featured_media":12720,"template":"","meta":{"_acf_changed":false},"product_brand":[],"product_cat":[102,160,138,100],"product_tag":[],"class_list":{"0":"post-14672","1":"product","2":"type-product","3":"status-publish","4":"has-post-thumbnail","6":"product_cat-classic-nl","7":"product_cat-mannen","8":"product_cat-nouveautes-nl","9":"product_cat-sjaal","11":"first","12":"instock","13":"shipping-taxable","14":"purchasable","15":"product-type-simple"},"acf":[],"yoast_head":"<!-- This site is optimized with the Yoast SEO plugin v25.3.1 - https:\/\/yoast.com\/wordpress\/plugins\/seo\/ -->\n<title>\u00c9charpe HOMME mauve tiss\u00e9e en laine, dessin azteque - Strelli<\/title>\n<meta name=\"description\" content=\"\u00c9charpe mauve tiss\u00e9e en laine dessins azteques tribaux, r\u00e9f\u00e9rence LOIRE 51 HOMME, produite en Belgique, marque Olivier Strelli, 70cm x 180cm\" \/>\n<meta name=\"robots\" content=\"index, follow, max-snippet:-1, max-image-preview:large, max-video-preview:-1\" \/>\n<link rel=\"canonical\" href=\"https:\/\/www.strelli.be\/nl\/shop\/sjaal\/l-loire51h\/\" \/>\n<meta property=\"og:locale\" content=\"nl_NL\" \/>\n<meta property=\"og:type\" content=\"article\" \/>\n<meta property=\"og:title\" content=\"\u00c9charpe HOMME mauve tiss\u00e9e en laine, dessin azteque - Strelli\" \/>\n<meta property=\"og:description\" content=\"\u00c9charpe mauve tiss\u00e9e en laine dessins azteques tribaux, r\u00e9f\u00e9rence LOIRE 51 HOMME, produite en Belgique, marque Olivier Strelli, 70cm x 180cm\" \/>\n<meta property=\"og:url\" content=\"https:\/\/www.strelli.be\/nl\/shop\/sjaal\/l-loire51h\/\" \/>\n<meta property=\"og:site_name\" content=\"Olivier Strelli\" \/>\n<meta property=\"article:modified_time\" content=\"2024-12-18T12:22:36+00:00\" \/>\n<meta property=\"og:image\" content=\"https:\/\/www.strelli.be\/wp-content\/uploads\/2024\/02\/loire51IMG_3464.jpeg\" \/>\n\t<meta property=\"og:image:width\" content=\"2049\" \/>\n\t<meta property=\"og:image:height\" content=\"2560\" \/>\n\t<meta property=\"og:image:type\" content=\"image\/jpeg\" \/>\n<meta name=\"twitter:card\" content=\"summary_large_image\" \/>\n<meta name=\"twitter:label1\" content=\"Geschatte leestijd\" \/>\n\t<meta name=\"twitter:data1\" content=\"1 minuut\" \/>\n<script type=\"application\/ld+json\" class=\"yoast-schema-graph\">{\"@context\":\"https:\/\/schema.org\",\"@graph\":[{\"@type\":\"WebPage\",\"@id\":\"https:\/\/www.strelli.be\/nl\/shop\/sjaal\/l-loire51h\/\",\"url\":\"https:\/\/www.strelli.be\/nl\/shop\/sjaal\/l-loire51h\/\",\"name\":\"\u00c9charpe HOMME mauve tiss\u00e9e en laine, dessin azteque - Strelli\",\"isPartOf\":{\"@id\":\"https:\/\/www.strelli.be\/#website\"},\"primaryImageOfPage\":{\"@id\":\"https:\/\/www.strelli.be\/nl\/shop\/sjaal\/l-loire51h\/#primaryimage\"},\"image\":{\"@id\":\"https:\/\/www.strelli.be\/nl\/shop\/sjaal\/l-loire51h\/#primaryimage\"},\"thumbnailUrl\":\"https:\/\/www.strelli.be\/wp-content\/uploads\/2024\/02\/loire51IMG_3464.jpeg\",\"datePublished\":\"2024-05-17T16:14:28+00:00\",\"dateModified\":\"2024-12-18T12:22:36+00:00\",\"description\":\"\u00c9charpe mauve tiss\u00e9e en laine dessins azteques tribaux, r\u00e9f\u00e9rence LOIRE 51 HOMME, produite en Belgique, marque Olivier Strelli, 70cm x 180cm\",\"breadcrumb\":{\"@id\":\"https:\/\/www.strelli.be\/nl\/shop\/sjaal\/l-loire51h\/#breadcrumb\"},\"inLanguage\":\"nl-NL\",\"potentialAction\":[{\"@type\":\"ReadAction\",\"target\":[\"https:\/\/www.strelli.be\/nl\/shop\/sjaal\/l-loire51h\/\"]}]},{\"@type\":\"ImageObject\",\"inLanguage\":\"nl-NL\",\"@id\":\"https:\/\/www.strelli.be\/nl\/shop\/sjaal\/l-loire51h\/#primaryimage\",\"url\":\"https:\/\/www.strelli.be\/wp-content\/uploads\/2024\/02\/loire51IMG_3464.jpeg\",\"contentUrl\":\"https:\/\/www.strelli.be\/wp-content\/uploads\/2024\/02\/loire51IMG_3464.jpeg\",\"width\":2049,\"height\":2560},{\"@type\":\"BreadcrumbList\",\"@id\":\"https:\/\/www.strelli.be\/nl\/shop\/sjaal\/l-loire51h\/#breadcrumb\",\"itemListElement\":[{\"@type\":\"ListItem\",\"position\":1,\"name\":\"Accueil\",\"item\":\"https:\/\/www.strelli.be\/nl\/\"},{\"@type\":\"ListItem\",\"position\":2,\"name\":\"Winkel\",\"item\":\"https:\/\/www.strelli.be\/nl\/winkel\/\"},{\"@type\":\"ListItem\",\"position\":3,\"name\":\"L-LOIRE51H\"}]},{\"@type\":\"WebSite\",\"@id\":\"https:\/\/www.strelli.be\/#website\",\"url\":\"https:\/\/www.strelli.be\/\",\"name\":\"Olivier Strelli\",\"description\":\"Les \u00e9charpes tiss\u00e9es, color\u00e9es, cr\u00e9es et fabriqu\u00e9es en Belgique\",\"potentialAction\":[{\"@type\":\"SearchAction\",\"target\":{\"@type\":\"EntryPoint\",\"urlTemplate\":\"https:\/\/www.strelli.be\/?s={search_term_string}\"},\"query-input\":{\"@type\":\"PropertyValueSpecification\",\"valueRequired\":true,\"valueName\":\"search_term_string\"}}],\"inLanguage\":\"nl-NL\"}]}<\/script>\n<!-- \/ Yoast SEO plugin. -->","yoast_head_json":{"title":"\u00c9charpe HOMME mauve tiss\u00e9e en laine, dessin azteque - Strelli","description":"\u00c9charpe mauve tiss\u00e9e en laine dessins azteques tribaux, r\u00e9f\u00e9rence LOIRE 51 HOMME, produite en Belgique, marque Olivier Strelli, 70cm x 180cm","robots":{"index":"index","follow":"follow","max-snippet":"max-snippet:-1","max-image-preview":"max-image-preview:large","max-video-preview":"max-video-preview:-1"},"canonical":"https:\/\/www.strelli.be\/nl\/shop\/sjaal\/l-loire51h\/","og_locale":"nl_NL","og_type":"article","og_title":"\u00c9charpe HOMME mauve tiss\u00e9e en laine, dessin azteque - Strelli","og_description":"\u00c9charpe mauve tiss\u00e9e en laine dessins azteques tribaux, r\u00e9f\u00e9rence LOIRE 51 HOMME, produite en Belgique, marque Olivier Strelli, 70cm x 180cm","og_url":"https:\/\/www.strelli.be\/nl\/shop\/sjaal\/l-loire51h\/","og_site_name":"Olivier Strelli","article_modified_time":"2024-12-18T12:22:36+00:00","og_image":[{"width":2049,"height":2560,"url":"https:\/\/www.strelli.be\/wp-content\/uploads\/2024\/02\/loire51IMG_3464.jpeg","type":"image\/jpeg"}],"twitter_card":"summary_large_image","twitter_misc":{"Geschatte leestijd":"1 minuut"},"schema":{"@context":"https:\/\/schema.org","@graph":[{"@type":"WebPage","@id":"https:\/\/www.strelli.be\/nl\/shop\/sjaal\/l-loire51h\/","url":"https:\/\/www.strelli.be\/nl\/shop\/sjaal\/l-loire51h\/","name":"\u00c9charpe HOMME mauve tiss\u00e9e en laine, dessin azteque - Strelli","isPartOf":{"@id":"https:\/\/www.strelli.be\/#website"},"primaryImageOfPage":{"@id":"https:\/\/www.strelli.be\/nl\/shop\/sjaal\/l-loire51h\/#primaryimage"},"image":{"@id":"https:\/\/www.strelli.be\/nl\/shop\/sjaal\/l-loire51h\/#primaryimage"},"thumbnailUrl":"https:\/\/www.strelli.be\/wp-content\/uploads\/2024\/02\/loire51IMG_3464.jpeg","datePublished":"2024-05-17T16:14:28+00:00","dateModified":"2024-12-18T12:22:36+00:00","description":"\u00c9charpe mauve tiss\u00e9e en laine dessins azteques tribaux, r\u00e9f\u00e9rence LOIRE 51 HOMME, produite en Belgique, marque Olivier Strelli, 70cm x 180cm","breadcrumb":{"@id":"https:\/\/www.strelli.be\/nl\/shop\/sjaal\/l-loire51h\/#breadcrumb"},"inLanguage":"nl-NL","potentialAction":[{"@type":"ReadAction","target":["https:\/\/www.strelli.be\/nl\/shop\/sjaal\/l-loire51h\/"]}]},{"@type":"ImageObject","inLanguage":"nl-NL","@id":"https:\/\/www.strelli.be\/nl\/shop\/sjaal\/l-loire51h\/#primaryimage","url":"https:\/\/www.strelli.be\/wp-content\/uploads\/2024\/02\/loire51IMG_3464.jpeg","contentUrl":"https:\/\/www.strelli.be\/wp-content\/uploads\/2024\/02\/loire51IMG_3464.jpeg","width":2049,"height":2560},{"@type":"BreadcrumbList","@id":"https:\/\/www.strelli.be\/nl\/shop\/sjaal\/l-loire51h\/#breadcrumb","itemListElement":[{"@type":"ListItem","position":1,"name":"Accueil","item":"https:\/\/www.strelli.be\/nl\/"},{"@type":"ListItem","position":2,"name":"Winkel","item":"https:\/\/www.strelli.be\/nl\/winkel\/"},{"@type":"ListItem","position":3,"name":"L-LOIRE51H"}]},{"@type":"WebSite","@id":"https:\/\/www.strelli.be\/#website","url":"https:\/\/www.strelli.be\/","name":"Olivier Strelli","description":"Les \u00e9charpes tiss\u00e9es, color\u00e9es, cr\u00e9es et fabriqu\u00e9es en Belgique","potentialAction":[{"@type":"SearchAction","target":{"@type":"EntryPoint","urlTemplate":"https:\/\/www.strelli.be\/?s={search_term_string}"},"query-input":{"@type":"PropertyValueSpecification","valueRequired":true,"valueName":"search_term_string"}}],"inLanguage":"nl-NL"}]}},"_links":{"self":[{"href":"https:\/\/www.strelli.be\/nl\/wp-json\/wp\/v2\/product\/14672","targetHints":{"allow":["GET"]}}],"collection":[{"href":"https:\/\/www.strelli.be\/nl\/wp-json\/wp\/v2\/product"}],"about":[{"href":"https:\/\/www.strelli.be\/nl\/wp-json\/wp\/v2\/types\/product"}],"wp:featuredmedia":[{"embeddable":true,"href":"https:\/\/www.strelli.be\/nl\/wp-json\/wp\/v2\/media\/12720"}],"wp:attachment":[{"href":"https:\/\/www.strelli.be\/nl\/wp-json\/wp\/v2\/media?parent=14672"}],"wp:term":[{"taxonomy":"product_brand","embeddable":true,"href":"https:\/\/www.strelli.be\/nl\/wp-json\/wp\/v2\/product_brand?post=14672"},{"taxonomy":"product_cat","embeddable":true,"href":"https:\/\/www.strelli.be\/nl\/wp-json\/wp\/v2\/product_cat?post=14672"},{"taxonomy":"product_tag","embeddable":true,"href":"https:\/\/www.strelli.be\/nl\/wp-json\/wp\/v2\/product_tag?post=14672"}],"curies":[{"name":"wp","href":"https:\/\/api.w.org\/{rel}","templated":true}]}}