{"id":14684,"date":"2024-05-17T18:25:05","date_gmt":"2024-05-17T16:25:05","guid":{"rendered":"https:\/\/www.strelli.be\/shop\/niet-gecategoriseerd\/l-loire72h\/"},"modified":"2024-09-06T10:37:11","modified_gmt":"2024-09-06T08:37:11","slug":"l-loire72h","status":"publish","type":"product","link":"https:\/\/www.strelli.be\/nl\/shop\/sjaal\/blackwhite\/l-loire72h\/","title":{"rendered":"L-LOIRE72H"},"content":{"rendered":"<p>Compositie : 100% Wol<br \/>\nMaat : 70 cm x 180 cm<br \/>\nMade in Belgium<br \/>\nWasinstructies: Droogkuis<\/p>\n","protected":false},"excerpt":{"rendered":"<p>Unisex sjaal geweven van 100% wol, kleurrijke azteekse patronen<\/p>\n","protected":false},"featured_media":12705,"template":"","meta":{"_acf_changed":false},"product_brand":[],"product_cat":[148,102,160,138,100],"product_tag":[],"class_list":{"0":"post-14684","1":"product","2":"type-product","3":"status-publish","4":"has-post-thumbnail","6":"product_cat-blackwhite","7":"product_cat-classic-nl","8":"product_cat-mannen","9":"product_cat-nouveautes-nl","10":"product_cat-sjaal","12":"first","13":"instock","14":"shipping-taxable","15":"purchasable","16":"product-type-simple"},"acf":[],"yoast_head":"<!-- This site is optimized with the Yoast SEO plugin v25.3.1 - https:\/\/yoast.com\/wordpress\/plugins\/seo\/ -->\n<title>Zwarte herensjaal geweven van wol, Azteeks design - Strelli<\/title>\n<meta name=\"description\" content=\"Zwarte sjaal geweven van wol met tribale Azteekse design, referentie LOIRE 72 heren, geproduceerd in Belgi\u00eb, merk Olivier Strelli, 70 cm x 180 cm\" \/>\n<meta name=\"robots\" content=\"index, follow, max-snippet:-1, max-image-preview:large, max-video-preview:-1\" \/>\n<link rel=\"canonical\" href=\"https:\/\/www.strelli.be\/nl\/shop\/sjaal\/blackwhite\/l-loire72h\/\" \/>\n<meta property=\"og:locale\" content=\"nl_NL\" \/>\n<meta property=\"og:type\" content=\"article\" \/>\n<meta property=\"og:title\" content=\"Zwarte herensjaal geweven van wol, Azteeks design - Strelli\" \/>\n<meta property=\"og:description\" content=\"Zwarte sjaal geweven van wol met tribale Azteekse design, referentie LOIRE 72 heren, geproduceerd in Belgi\u00eb, merk Olivier Strelli, 70 cm x 180 cm\" \/>\n<meta property=\"og:url\" content=\"https:\/\/www.strelli.be\/nl\/shop\/sjaal\/blackwhite\/l-loire72h\/\" \/>\n<meta property=\"og:site_name\" content=\"Olivier Strelli\" \/>\n<meta property=\"article:modified_time\" content=\"2024-09-06T08:37:11+00:00\" \/>\n<meta property=\"og:image\" content=\"https:\/\/www.strelli.be\/wp-content\/uploads\/2024\/02\/loire72IMG_3428.jpeg\" \/>\n\t<meta property=\"og:image:width\" content=\"2048\" \/>\n\t<meta property=\"og:image:height\" content=\"2560\" \/>\n\t<meta property=\"og:image:type\" content=\"image\/jpeg\" \/>\n<meta name=\"twitter:card\" content=\"summary_large_image\" \/>\n<meta name=\"twitter:label1\" content=\"Geschatte leestijd\" \/>\n\t<meta name=\"twitter:data1\" content=\"1 minuut\" \/>\n<script type=\"application\/ld+json\" class=\"yoast-schema-graph\">{\"@context\":\"https:\/\/schema.org\",\"@graph\":[{\"@type\":\"WebPage\",\"@id\":\"https:\/\/www.strelli.be\/nl\/shop\/sjaal\/blackwhite\/l-loire72h\/\",\"url\":\"https:\/\/www.strelli.be\/nl\/shop\/sjaal\/blackwhite\/l-loire72h\/\",\"name\":\"Zwarte herensjaal geweven van wol, Azteeks design - Strelli\",\"isPartOf\":{\"@id\":\"https:\/\/www.strelli.be\/#website\"},\"primaryImageOfPage\":{\"@id\":\"https:\/\/www.strelli.be\/nl\/shop\/sjaal\/blackwhite\/l-loire72h\/#primaryimage\"},\"image\":{\"@id\":\"https:\/\/www.strelli.be\/nl\/shop\/sjaal\/blackwhite\/l-loire72h\/#primaryimage\"},\"thumbnailUrl\":\"https:\/\/www.strelli.be\/wp-content\/uploads\/2024\/02\/loire72IMG_3428.jpeg\",\"datePublished\":\"2024-05-17T16:25:05+00:00\",\"dateModified\":\"2024-09-06T08:37:11+00:00\",\"description\":\"Zwarte sjaal geweven van wol met tribale Azteekse design, referentie LOIRE 72 heren, geproduceerd in Belgi\u00eb, merk Olivier Strelli, 70 cm x 180 cm\",\"breadcrumb\":{\"@id\":\"https:\/\/www.strelli.be\/nl\/shop\/sjaal\/blackwhite\/l-loire72h\/#breadcrumb\"},\"inLanguage\":\"nl-NL\",\"potentialAction\":[{\"@type\":\"ReadAction\",\"target\":[\"https:\/\/www.strelli.be\/nl\/shop\/sjaal\/blackwhite\/l-loire72h\/\"]}]},{\"@type\":\"ImageObject\",\"inLanguage\":\"nl-NL\",\"@id\":\"https:\/\/www.strelli.be\/nl\/shop\/sjaal\/blackwhite\/l-loire72h\/#primaryimage\",\"url\":\"https:\/\/www.strelli.be\/wp-content\/uploads\/2024\/02\/loire72IMG_3428.jpeg\",\"contentUrl\":\"https:\/\/www.strelli.be\/wp-content\/uploads\/2024\/02\/loire72IMG_3428.jpeg\",\"width\":2048,\"height\":2560},{\"@type\":\"BreadcrumbList\",\"@id\":\"https:\/\/www.strelli.be\/nl\/shop\/sjaal\/blackwhite\/l-loire72h\/#breadcrumb\",\"itemListElement\":[{\"@type\":\"ListItem\",\"position\":1,\"name\":\"Accueil\",\"item\":\"https:\/\/www.strelli.be\/nl\/\"},{\"@type\":\"ListItem\",\"position\":2,\"name\":\"Winkel\",\"item\":\"https:\/\/www.strelli.be\/nl\/winkel\/\"},{\"@type\":\"ListItem\",\"position\":3,\"name\":\"L-LOIRE72H\"}]},{\"@type\":\"WebSite\",\"@id\":\"https:\/\/www.strelli.be\/#website\",\"url\":\"https:\/\/www.strelli.be\/\",\"name\":\"Olivier Strelli\",\"description\":\"Les \u00e9charpes tiss\u00e9es, color\u00e9es, cr\u00e9es et fabriqu\u00e9es en Belgique\",\"potentialAction\":[{\"@type\":\"SearchAction\",\"target\":{\"@type\":\"EntryPoint\",\"urlTemplate\":\"https:\/\/www.strelli.be\/?s={search_term_string}\"},\"query-input\":{\"@type\":\"PropertyValueSpecification\",\"valueRequired\":true,\"valueName\":\"search_term_string\"}}],\"inLanguage\":\"nl-NL\"}]}<\/script>\n<!-- \/ Yoast SEO plugin. -->","yoast_head_json":{"title":"Zwarte herensjaal geweven van wol, Azteeks design - Strelli","description":"Zwarte sjaal geweven van wol met tribale Azteekse design, referentie LOIRE 72 heren, geproduceerd in Belgi\u00eb, merk Olivier Strelli, 70 cm x 180 cm","robots":{"index":"index","follow":"follow","max-snippet":"max-snippet:-1","max-image-preview":"max-image-preview:large","max-video-preview":"max-video-preview:-1"},"canonical":"https:\/\/www.strelli.be\/nl\/shop\/sjaal\/blackwhite\/l-loire72h\/","og_locale":"nl_NL","og_type":"article","og_title":"Zwarte herensjaal geweven van wol, Azteeks design - Strelli","og_description":"Zwarte sjaal geweven van wol met tribale Azteekse design, referentie LOIRE 72 heren, geproduceerd in Belgi\u00eb, merk Olivier Strelli, 70 cm x 180 cm","og_url":"https:\/\/www.strelli.be\/nl\/shop\/sjaal\/blackwhite\/l-loire72h\/","og_site_name":"Olivier Strelli","article_modified_time":"2024-09-06T08:37:11+00:00","og_image":[{"width":2048,"height":2560,"url":"https:\/\/www.strelli.be\/wp-content\/uploads\/2024\/02\/loire72IMG_3428.jpeg","type":"image\/jpeg"}],"twitter_card":"summary_large_image","twitter_misc":{"Geschatte leestijd":"1 minuut"},"schema":{"@context":"https:\/\/schema.org","@graph":[{"@type":"WebPage","@id":"https:\/\/www.strelli.be\/nl\/shop\/sjaal\/blackwhite\/l-loire72h\/","url":"https:\/\/www.strelli.be\/nl\/shop\/sjaal\/blackwhite\/l-loire72h\/","name":"Zwarte herensjaal geweven van wol, Azteeks design - Strelli","isPartOf":{"@id":"https:\/\/www.strelli.be\/#website"},"primaryImageOfPage":{"@id":"https:\/\/www.strelli.be\/nl\/shop\/sjaal\/blackwhite\/l-loire72h\/#primaryimage"},"image":{"@id":"https:\/\/www.strelli.be\/nl\/shop\/sjaal\/blackwhite\/l-loire72h\/#primaryimage"},"thumbnailUrl":"https:\/\/www.strelli.be\/wp-content\/uploads\/2024\/02\/loire72IMG_3428.jpeg","datePublished":"2024-05-17T16:25:05+00:00","dateModified":"2024-09-06T08:37:11+00:00","description":"Zwarte sjaal geweven van wol met tribale Azteekse design, referentie LOIRE 72 heren, geproduceerd in Belgi\u00eb, merk Olivier Strelli, 70 cm x 180 cm","breadcrumb":{"@id":"https:\/\/www.strelli.be\/nl\/shop\/sjaal\/blackwhite\/l-loire72h\/#breadcrumb"},"inLanguage":"nl-NL","potentialAction":[{"@type":"ReadAction","target":["https:\/\/www.strelli.be\/nl\/shop\/sjaal\/blackwhite\/l-loire72h\/"]}]},{"@type":"ImageObject","inLanguage":"nl-NL","@id":"https:\/\/www.strelli.be\/nl\/shop\/sjaal\/blackwhite\/l-loire72h\/#primaryimage","url":"https:\/\/www.strelli.be\/wp-content\/uploads\/2024\/02\/loire72IMG_3428.jpeg","contentUrl":"https:\/\/www.strelli.be\/wp-content\/uploads\/2024\/02\/loire72IMG_3428.jpeg","width":2048,"height":2560},{"@type":"BreadcrumbList","@id":"https:\/\/www.strelli.be\/nl\/shop\/sjaal\/blackwhite\/l-loire72h\/#breadcrumb","itemListElement":[{"@type":"ListItem","position":1,"name":"Accueil","item":"https:\/\/www.strelli.be\/nl\/"},{"@type":"ListItem","position":2,"name":"Winkel","item":"https:\/\/www.strelli.be\/nl\/winkel\/"},{"@type":"ListItem","position":3,"name":"L-LOIRE72H"}]},{"@type":"WebSite","@id":"https:\/\/www.strelli.be\/#website","url":"https:\/\/www.strelli.be\/","name":"Olivier Strelli","description":"Les \u00e9charpes tiss\u00e9es, color\u00e9es, cr\u00e9es et fabriqu\u00e9es en Belgique","potentialAction":[{"@type":"SearchAction","target":{"@type":"EntryPoint","urlTemplate":"https:\/\/www.strelli.be\/?s={search_term_string}"},"query-input":{"@type":"PropertyValueSpecification","valueRequired":true,"valueName":"search_term_string"}}],"inLanguage":"nl-NL"}]}},"_links":{"self":[{"href":"https:\/\/www.strelli.be\/nl\/wp-json\/wp\/v2\/product\/14684","targetHints":{"allow":["GET"]}}],"collection":[{"href":"https:\/\/www.strelli.be\/nl\/wp-json\/wp\/v2\/product"}],"about":[{"href":"https:\/\/www.strelli.be\/nl\/wp-json\/wp\/v2\/types\/product"}],"wp:featuredmedia":[{"embeddable":true,"href":"https:\/\/www.strelli.be\/nl\/wp-json\/wp\/v2\/media\/12705"}],"wp:attachment":[{"href":"https:\/\/www.strelli.be\/nl\/wp-json\/wp\/v2\/media?parent=14684"}],"wp:term":[{"taxonomy":"product_brand","embeddable":true,"href":"https:\/\/www.strelli.be\/nl\/wp-json\/wp\/v2\/product_brand?post=14684"},{"taxonomy":"product_cat","embeddable":true,"href":"https:\/\/www.strelli.be\/nl\/wp-json\/wp\/v2\/product_cat?post=14684"},{"taxonomy":"product_tag","embeddable":true,"href":"https:\/\/www.strelli.be\/nl\/wp-json\/wp\/v2\/product_tag?post=14684"}],"curies":[{"name":"wp","href":"https:\/\/api.w.org\/{rel}","templated":true}]}}