{"id":2536,"date":"2019-07-18T16:43:03","date_gmt":"2019-07-18T14:43:03","guid":{"rendered":"http:\/\/www.studioneostaging.be\/stagingstrelli\/shop\/niet-gecategoriseerd\/v-bobette72\/"},"modified":"2024-05-13T17:14:27","modified_gmt":"2024-05-13T15:14:27","slug":"v-bobette72","status":"publish","type":"product","link":"https:\/\/www.strelli.be\/nl\/shop\/sjaal\/blackwhite\/v-bobette72\/","title":{"rendered":"v-bobette72"},"content":{"rendered":"","protected":false},"excerpt":{"rendered":"<p>100% Geweven Wol Sjaal, Made in Belgie<\/p>\n<p>Size: 70 cm x 190 cm<br \/>\nCompositie: 100% Wol<\/p>\n","protected":false},"featured_media":2204,"template":"","meta":{"_acf_changed":false},"product_brand":[],"product_cat":[148,151,102,160,100,158],"product_tag":[],"class_list":{"0":"post-2536","1":"product","2":"type-product","3":"status-publish","4":"has-post-thumbnail","6":"product_cat-blackwhite","7":"product_cat-blackfriday-nl","8":"product_cat-classic-nl","9":"product_cat-mannen","10":"product_cat-sjaal","11":"product_cat-femme-nl","13":"first","14":"instock","15":"sale","16":"shipping-taxable","17":"purchasable","18":"product-type-simple"},"acf":[],"yoast_head":"<!-- This site is optimized with the Yoast SEO plugin v25.3.1 - https:\/\/yoast.com\/wordpress\/plugins\/seo\/ -->\n<title>v-bobette72 - Olivier Strelli<\/title>\n<meta name=\"robots\" content=\"index, follow, max-snippet:-1, max-image-preview:large, max-video-preview:-1\" \/>\n<link rel=\"canonical\" href=\"https:\/\/www.strelli.be\/nl\/shop\/sjaal\/blackwhite\/v-bobette72\/\" \/>\n<meta property=\"og:locale\" content=\"nl_NL\" \/>\n<meta property=\"og:type\" content=\"article\" \/>\n<meta property=\"og:title\" content=\"v-bobette72 - Olivier Strelli\" \/>\n<meta property=\"og:description\" content=\"100% Geweven Wol Sjaal, Made in Belgie  Size: 70 cm x 190 cm Compositie: 100% Wol\" \/>\n<meta property=\"og:url\" content=\"https:\/\/www.strelli.be\/nl\/shop\/sjaal\/blackwhite\/v-bobette72\/\" \/>\n<meta property=\"og:site_name\" content=\"Olivier Strelli\" \/>\n<meta property=\"article:modified_time\" content=\"2024-05-13T15:14:27+00:00\" \/>\n<meta property=\"og:image\" content=\"https:\/\/www.strelli.be\/wp-content\/uploads\/2019\/07\/bobette72-100Wool-70x190cm-159\u20ac.jpg\" \/>\n\t<meta property=\"og:image:width\" content=\"3543\" \/>\n\t<meta property=\"og:image:height\" content=\"2362\" \/>\n\t<meta property=\"og:image:type\" content=\"image\/jpeg\" \/>\n<meta name=\"twitter:card\" content=\"summary_large_image\" \/>\n<script type=\"application\/ld+json\" class=\"yoast-schema-graph\">{\"@context\":\"https:\/\/schema.org\",\"@graph\":[{\"@type\":\"WebPage\",\"@id\":\"https:\/\/www.strelli.be\/nl\/shop\/sjaal\/blackwhite\/v-bobette72\/\",\"url\":\"https:\/\/www.strelli.be\/nl\/shop\/sjaal\/blackwhite\/v-bobette72\/\",\"name\":\"v-bobette72 - Olivier Strelli\",\"isPartOf\":{\"@id\":\"https:\/\/www.strelli.be\/#website\"},\"primaryImageOfPage\":{\"@id\":\"https:\/\/www.strelli.be\/nl\/shop\/sjaal\/blackwhite\/v-bobette72\/#primaryimage\"},\"image\":{\"@id\":\"https:\/\/www.strelli.be\/nl\/shop\/sjaal\/blackwhite\/v-bobette72\/#primaryimage\"},\"thumbnailUrl\":\"https:\/\/www.strelli.be\/wp-content\/uploads\/2019\/07\/bobette72-100Wool-70x190cm-159\u20ac.jpg\",\"datePublished\":\"2019-07-18T14:43:03+00:00\",\"dateModified\":\"2024-05-13T15:14:27+00:00\",\"breadcrumb\":{\"@id\":\"https:\/\/www.strelli.be\/nl\/shop\/sjaal\/blackwhite\/v-bobette72\/#breadcrumb\"},\"inLanguage\":\"nl-NL\",\"potentialAction\":[{\"@type\":\"ReadAction\",\"target\":[\"https:\/\/www.strelli.be\/nl\/shop\/sjaal\/blackwhite\/v-bobette72\/\"]}]},{\"@type\":\"ImageObject\",\"inLanguage\":\"nl-NL\",\"@id\":\"https:\/\/www.strelli.be\/nl\/shop\/sjaal\/blackwhite\/v-bobette72\/#primaryimage\",\"url\":\"https:\/\/www.strelli.be\/wp-content\/uploads\/2019\/07\/bobette72-100Wool-70x190cm-159\u20ac.jpg\",\"contentUrl\":\"https:\/\/www.strelli.be\/wp-content\/uploads\/2019\/07\/bobette72-100Wool-70x190cm-159\u20ac.jpg\",\"width\":3543,\"height\":2362},{\"@type\":\"BreadcrumbList\",\"@id\":\"https:\/\/www.strelli.be\/nl\/shop\/sjaal\/blackwhite\/v-bobette72\/#breadcrumb\",\"itemListElement\":[{\"@type\":\"ListItem\",\"position\":1,\"name\":\"Accueil\",\"item\":\"https:\/\/www.strelli.be\/nl\/\"},{\"@type\":\"ListItem\",\"position\":2,\"name\":\"Winkel\",\"item\":\"https:\/\/www.strelli.be\/nl\/winkel\/\"},{\"@type\":\"ListItem\",\"position\":3,\"name\":\"v-bobette72\"}]},{\"@type\":\"WebSite\",\"@id\":\"https:\/\/www.strelli.be\/#website\",\"url\":\"https:\/\/www.strelli.be\/\",\"name\":\"Olivier Strelli\",\"description\":\"Les \u00e9charpes tiss\u00e9es, color\u00e9es, cr\u00e9es et fabriqu\u00e9es en Belgique\",\"potentialAction\":[{\"@type\":\"SearchAction\",\"target\":{\"@type\":\"EntryPoint\",\"urlTemplate\":\"https:\/\/www.strelli.be\/?s={search_term_string}\"},\"query-input\":{\"@type\":\"PropertyValueSpecification\",\"valueRequired\":true,\"valueName\":\"search_term_string\"}}],\"inLanguage\":\"nl-NL\"}]}<\/script>\n<!-- \/ Yoast SEO plugin. -->","yoast_head_json":{"title":"v-bobette72 - Olivier Strelli","robots":{"index":"index","follow":"follow","max-snippet":"max-snippet:-1","max-image-preview":"max-image-preview:large","max-video-preview":"max-video-preview:-1"},"canonical":"https:\/\/www.strelli.be\/nl\/shop\/sjaal\/blackwhite\/v-bobette72\/","og_locale":"nl_NL","og_type":"article","og_title":"v-bobette72 - Olivier Strelli","og_description":"100% Geweven Wol Sjaal, Made in Belgie  Size: 70 cm x 190 cm Compositie: 100% Wol","og_url":"https:\/\/www.strelli.be\/nl\/shop\/sjaal\/blackwhite\/v-bobette72\/","og_site_name":"Olivier Strelli","article_modified_time":"2024-05-13T15:14:27+00:00","og_image":[{"width":3543,"height":2362,"url":"https:\/\/www.strelli.be\/wp-content\/uploads\/2019\/07\/bobette72-100Wool-70x190cm-159\u20ac.jpg","type":"image\/jpeg"}],"twitter_card":"summary_large_image","schema":{"@context":"https:\/\/schema.org","@graph":[{"@type":"WebPage","@id":"https:\/\/www.strelli.be\/nl\/shop\/sjaal\/blackwhite\/v-bobette72\/","url":"https:\/\/www.strelli.be\/nl\/shop\/sjaal\/blackwhite\/v-bobette72\/","name":"v-bobette72 - Olivier Strelli","isPartOf":{"@id":"https:\/\/www.strelli.be\/#website"},"primaryImageOfPage":{"@id":"https:\/\/www.strelli.be\/nl\/shop\/sjaal\/blackwhite\/v-bobette72\/#primaryimage"},"image":{"@id":"https:\/\/www.strelli.be\/nl\/shop\/sjaal\/blackwhite\/v-bobette72\/#primaryimage"},"thumbnailUrl":"https:\/\/www.strelli.be\/wp-content\/uploads\/2019\/07\/bobette72-100Wool-70x190cm-159\u20ac.jpg","datePublished":"2019-07-18T14:43:03+00:00","dateModified":"2024-05-13T15:14:27+00:00","breadcrumb":{"@id":"https:\/\/www.strelli.be\/nl\/shop\/sjaal\/blackwhite\/v-bobette72\/#breadcrumb"},"inLanguage":"nl-NL","potentialAction":[{"@type":"ReadAction","target":["https:\/\/www.strelli.be\/nl\/shop\/sjaal\/blackwhite\/v-bobette72\/"]}]},{"@type":"ImageObject","inLanguage":"nl-NL","@id":"https:\/\/www.strelli.be\/nl\/shop\/sjaal\/blackwhite\/v-bobette72\/#primaryimage","url":"https:\/\/www.strelli.be\/wp-content\/uploads\/2019\/07\/bobette72-100Wool-70x190cm-159\u20ac.jpg","contentUrl":"https:\/\/www.strelli.be\/wp-content\/uploads\/2019\/07\/bobette72-100Wool-70x190cm-159\u20ac.jpg","width":3543,"height":2362},{"@type":"BreadcrumbList","@id":"https:\/\/www.strelli.be\/nl\/shop\/sjaal\/blackwhite\/v-bobette72\/#breadcrumb","itemListElement":[{"@type":"ListItem","position":1,"name":"Accueil","item":"https:\/\/www.strelli.be\/nl\/"},{"@type":"ListItem","position":2,"name":"Winkel","item":"https:\/\/www.strelli.be\/nl\/winkel\/"},{"@type":"ListItem","position":3,"name":"v-bobette72"}]},{"@type":"WebSite","@id":"https:\/\/www.strelli.be\/#website","url":"https:\/\/www.strelli.be\/","name":"Olivier Strelli","description":"Les \u00e9charpes tiss\u00e9es, color\u00e9es, cr\u00e9es et fabriqu\u00e9es en Belgique","potentialAction":[{"@type":"SearchAction","target":{"@type":"EntryPoint","urlTemplate":"https:\/\/www.strelli.be\/?s={search_term_string}"},"query-input":{"@type":"PropertyValueSpecification","valueRequired":true,"valueName":"search_term_string"}}],"inLanguage":"nl-NL"}]}},"_links":{"self":[{"href":"https:\/\/www.strelli.be\/nl\/wp-json\/wp\/v2\/product\/2536","targetHints":{"allow":["GET"]}}],"collection":[{"href":"https:\/\/www.strelli.be\/nl\/wp-json\/wp\/v2\/product"}],"about":[{"href":"https:\/\/www.strelli.be\/nl\/wp-json\/wp\/v2\/types\/product"}],"wp:featuredmedia":[{"embeddable":true,"href":"https:\/\/www.strelli.be\/nl\/wp-json\/wp\/v2\/media\/2204"}],"wp:attachment":[{"href":"https:\/\/www.strelli.be\/nl\/wp-json\/wp\/v2\/media?parent=2536"}],"wp:term":[{"taxonomy":"product_brand","embeddable":true,"href":"https:\/\/www.strelli.be\/nl\/wp-json\/wp\/v2\/product_brand?post=2536"},{"taxonomy":"product_cat","embeddable":true,"href":"https:\/\/www.strelli.be\/nl\/wp-json\/wp\/v2\/product_cat?post=2536"},{"taxonomy":"product_tag","embeddable":true,"href":"https:\/\/www.strelli.be\/nl\/wp-json\/wp\/v2\/product_tag?post=2536"}],"curies":[{"name":"wp","href":"https:\/\/api.w.org\/{rel}","templated":true}]}}