{"id":9744,"date":"2023-01-12T15:53:55","date_gmt":"2023-01-12T14:53:56","guid":{"rendered":"https:\/\/www.strelli.be\/?post_type=product&#038;p=9744"},"modified":"2024-02-01T12:24:32","modified_gmt":"2024-02-01T11:24:32","slug":"s-memento72-copie","status":"publish","type":"product","link":"https:\/\/www.strelli.be\/nl\/shop\/sjaal\/blackwhite\/s-memento72-copie\/","title":{"rendered":"s-memento72H"},"content":{"rendered":"<p>Compositie : 100% Katoen<br \/>\nSize : 70 cm x 190 cm<br \/>\nMade in Belgium<br \/>\nWasinstructies: Droogkuis<\/p>\n","protected":false},"excerpt":{"rendered":"<p>Geweven sjaal Olivier Strelli Junior met 80&#8217;s pixel\/diamant motieven<\/p>\n","protected":false},"featured_media":5308,"template":"","meta":{"_acf_changed":false},"product_brand":[],"product_cat":[147,148,149,69,104,72,156,160,161,139,68,100,17,21],"product_tag":[],"class_list":{"0":"post-9744","1":"product","2":"type-product","3":"status-publish","4":"has-post-thumbnail","6":"product_cat-blackwhite","8":"product_cat-blackwhite-en","9":"product_cat-classic","10":"product_cat-flash-collectie","11":"product_cat-flash-collection","12":"product_cat-homme","13":"product_cat-mannen","14":"product_cat-men","15":"product_cat-nouveautes-en","16":"product_cat-scarves","17":"product_cat-sjaal","18":"product_cat-echarpes","19":"product_cat-ventes-flash","21":"first","22":"instock","23":"sale","24":"shipping-taxable","25":"purchasable","26":"product-type-simple"},"acf":[],"yoast_head":"<!-- This site is optimized with the Yoast SEO plugin v25.3.1 - https:\/\/yoast.com\/wordpress\/plugins\/seo\/ -->\n<title>s-memento72H - Olivier Strelli<\/title>\n<meta name=\"robots\" content=\"index, follow, max-snippet:-1, max-image-preview:large, max-video-preview:-1\" \/>\n<link rel=\"canonical\" href=\"https:\/\/www.strelli.be\/nl\/shop\/sjaal\/blackwhite\/s-memento72-copie\/\" \/>\n<meta property=\"og:locale\" content=\"nl_NL\" \/>\n<meta property=\"og:type\" content=\"article\" \/>\n<meta property=\"og:title\" content=\"s-memento72H - Olivier Strelli\" \/>\n<meta property=\"og:description\" content=\"Geweven sjaal Olivier Strelli Junior met 80&#039;s pixel\/diamant motieven\" \/>\n<meta property=\"og:url\" content=\"https:\/\/www.strelli.be\/nl\/shop\/sjaal\/blackwhite\/s-memento72-copie\/\" \/>\n<meta property=\"og:site_name\" content=\"Olivier Strelli\" \/>\n<meta property=\"article:modified_time\" content=\"2024-02-01T11:24:32+00:00\" \/>\n<meta property=\"og:image\" content=\"https:\/\/www.strelli.be\/wp-content\/uploads\/2020\/06\/memento72IMG_8669-731x1024.jpg\" \/>\n\t<meta property=\"og:image:width\" content=\"731\" \/>\n\t<meta property=\"og:image:height\" content=\"1024\" \/>\n\t<meta property=\"og:image:type\" content=\"image\/jpeg\" \/>\n<meta name=\"twitter:card\" content=\"summary_large_image\" \/>\n<meta name=\"twitter:label1\" content=\"Geschatte leestijd\" \/>\n\t<meta name=\"twitter:data1\" content=\"1 minuut\" \/>\n<script type=\"application\/ld+json\" class=\"yoast-schema-graph\">{\"@context\":\"https:\/\/schema.org\",\"@graph\":[{\"@type\":\"WebPage\",\"@id\":\"https:\/\/www.strelli.be\/nl\/shop\/sjaal\/blackwhite\/s-memento72-copie\/\",\"url\":\"https:\/\/www.strelli.be\/nl\/shop\/sjaal\/blackwhite\/s-memento72-copie\/\",\"name\":\"s-memento72H - Olivier Strelli\",\"isPartOf\":{\"@id\":\"https:\/\/www.strelli.be\/#website\"},\"primaryImageOfPage\":{\"@id\":\"https:\/\/www.strelli.be\/nl\/shop\/sjaal\/blackwhite\/s-memento72-copie\/#primaryimage\"},\"image\":{\"@id\":\"https:\/\/www.strelli.be\/nl\/shop\/sjaal\/blackwhite\/s-memento72-copie\/#primaryimage\"},\"thumbnailUrl\":\"https:\/\/www.strelli.be\/wp-content\/uploads\/2020\/06\/memento72IMG_8669.jpg\",\"datePublished\":\"2023-01-12T14:53:56+00:00\",\"dateModified\":\"2024-02-01T11:24:32+00:00\",\"breadcrumb\":{\"@id\":\"https:\/\/www.strelli.be\/nl\/shop\/sjaal\/blackwhite\/s-memento72-copie\/#breadcrumb\"},\"inLanguage\":\"nl-NL\",\"potentialAction\":[{\"@type\":\"ReadAction\",\"target\":[\"https:\/\/www.strelli.be\/nl\/shop\/sjaal\/blackwhite\/s-memento72-copie\/\"]}]},{\"@type\":\"ImageObject\",\"inLanguage\":\"nl-NL\",\"@id\":\"https:\/\/www.strelli.be\/nl\/shop\/sjaal\/blackwhite\/s-memento72-copie\/#primaryimage\",\"url\":\"https:\/\/www.strelli.be\/wp-content\/uploads\/2020\/06\/memento72IMG_8669.jpg\",\"contentUrl\":\"https:\/\/www.strelli.be\/wp-content\/uploads\/2020\/06\/memento72IMG_8669.jpg\",\"width\":2198,\"height\":3077},{\"@type\":\"BreadcrumbList\",\"@id\":\"https:\/\/www.strelli.be\/nl\/shop\/sjaal\/blackwhite\/s-memento72-copie\/#breadcrumb\",\"itemListElement\":[{\"@type\":\"ListItem\",\"position\":1,\"name\":\"Accueil\",\"item\":\"https:\/\/www.strelli.be\/nl\/\"},{\"@type\":\"ListItem\",\"position\":2,\"name\":\"Winkel\",\"item\":\"https:\/\/www.strelli.be\/nl\/winkel\/\"},{\"@type\":\"ListItem\",\"position\":3,\"name\":\"s-memento72H\"}]},{\"@type\":\"WebSite\",\"@id\":\"https:\/\/www.strelli.be\/#website\",\"url\":\"https:\/\/www.strelli.be\/\",\"name\":\"Olivier Strelli\",\"description\":\"Les \u00e9charpes tiss\u00e9es, color\u00e9es, cr\u00e9es et fabriqu\u00e9es en Belgique\",\"potentialAction\":[{\"@type\":\"SearchAction\",\"target\":{\"@type\":\"EntryPoint\",\"urlTemplate\":\"https:\/\/www.strelli.be\/?s={search_term_string}\"},\"query-input\":{\"@type\":\"PropertyValueSpecification\",\"valueRequired\":true,\"valueName\":\"search_term_string\"}}],\"inLanguage\":\"nl-NL\"}]}<\/script>\n<!-- \/ Yoast SEO plugin. -->","yoast_head_json":{"title":"s-memento72H - Olivier Strelli","robots":{"index":"index","follow":"follow","max-snippet":"max-snippet:-1","max-image-preview":"max-image-preview:large","max-video-preview":"max-video-preview:-1"},"canonical":"https:\/\/www.strelli.be\/nl\/shop\/sjaal\/blackwhite\/s-memento72-copie\/","og_locale":"nl_NL","og_type":"article","og_title":"s-memento72H - Olivier Strelli","og_description":"Geweven sjaal Olivier Strelli Junior met 80's pixel\/diamant motieven","og_url":"https:\/\/www.strelli.be\/nl\/shop\/sjaal\/blackwhite\/s-memento72-copie\/","og_site_name":"Olivier Strelli","article_modified_time":"2024-02-01T11:24:32+00:00","og_image":[{"width":731,"height":1024,"url":"https:\/\/www.strelli.be\/wp-content\/uploads\/2020\/06\/memento72IMG_8669-731x1024.jpg","type":"image\/jpeg"}],"twitter_card":"summary_large_image","twitter_misc":{"Geschatte leestijd":"1 minuut"},"schema":{"@context":"https:\/\/schema.org","@graph":[{"@type":"WebPage","@id":"https:\/\/www.strelli.be\/nl\/shop\/sjaal\/blackwhite\/s-memento72-copie\/","url":"https:\/\/www.strelli.be\/nl\/shop\/sjaal\/blackwhite\/s-memento72-copie\/","name":"s-memento72H - Olivier Strelli","isPartOf":{"@id":"https:\/\/www.strelli.be\/#website"},"primaryImageOfPage":{"@id":"https:\/\/www.strelli.be\/nl\/shop\/sjaal\/blackwhite\/s-memento72-copie\/#primaryimage"},"image":{"@id":"https:\/\/www.strelli.be\/nl\/shop\/sjaal\/blackwhite\/s-memento72-copie\/#primaryimage"},"thumbnailUrl":"https:\/\/www.strelli.be\/wp-content\/uploads\/2020\/06\/memento72IMG_8669.jpg","datePublished":"2023-01-12T14:53:56+00:00","dateModified":"2024-02-01T11:24:32+00:00","breadcrumb":{"@id":"https:\/\/www.strelli.be\/nl\/shop\/sjaal\/blackwhite\/s-memento72-copie\/#breadcrumb"},"inLanguage":"nl-NL","potentialAction":[{"@type":"ReadAction","target":["https:\/\/www.strelli.be\/nl\/shop\/sjaal\/blackwhite\/s-memento72-copie\/"]}]},{"@type":"ImageObject","inLanguage":"nl-NL","@id":"https:\/\/www.strelli.be\/nl\/shop\/sjaal\/blackwhite\/s-memento72-copie\/#primaryimage","url":"https:\/\/www.strelli.be\/wp-content\/uploads\/2020\/06\/memento72IMG_8669.jpg","contentUrl":"https:\/\/www.strelli.be\/wp-content\/uploads\/2020\/06\/memento72IMG_8669.jpg","width":2198,"height":3077},{"@type":"BreadcrumbList","@id":"https:\/\/www.strelli.be\/nl\/shop\/sjaal\/blackwhite\/s-memento72-copie\/#breadcrumb","itemListElement":[{"@type":"ListItem","position":1,"name":"Accueil","item":"https:\/\/www.strelli.be\/nl\/"},{"@type":"ListItem","position":2,"name":"Winkel","item":"https:\/\/www.strelli.be\/nl\/winkel\/"},{"@type":"ListItem","position":3,"name":"s-memento72H"}]},{"@type":"WebSite","@id":"https:\/\/www.strelli.be\/#website","url":"https:\/\/www.strelli.be\/","name":"Olivier Strelli","description":"Les \u00e9charpes tiss\u00e9es, color\u00e9es, cr\u00e9es et fabriqu\u00e9es en Belgique","potentialAction":[{"@type":"SearchAction","target":{"@type":"EntryPoint","urlTemplate":"https:\/\/www.strelli.be\/?s={search_term_string}"},"query-input":{"@type":"PropertyValueSpecification","valueRequired":true,"valueName":"search_term_string"}}],"inLanguage":"nl-NL"}]}},"_links":{"self":[{"href":"https:\/\/www.strelli.be\/nl\/wp-json\/wp\/v2\/product\/9744","targetHints":{"allow":["GET"]}}],"collection":[{"href":"https:\/\/www.strelli.be\/nl\/wp-json\/wp\/v2\/product"}],"about":[{"href":"https:\/\/www.strelli.be\/nl\/wp-json\/wp\/v2\/types\/product"}],"wp:featuredmedia":[{"embeddable":true,"href":"https:\/\/www.strelli.be\/nl\/wp-json\/wp\/v2\/media\/5308"}],"wp:attachment":[{"href":"https:\/\/www.strelli.be\/nl\/wp-json\/wp\/v2\/media?parent=9744"}],"wp:term":[{"taxonomy":"product_brand","embeddable":true,"href":"https:\/\/www.strelli.be\/nl\/wp-json\/wp\/v2\/product_brand?post=9744"},{"taxonomy":"product_cat","embeddable":true,"href":"https:\/\/www.strelli.be\/nl\/wp-json\/wp\/v2\/product_cat?post=9744"},{"taxonomy":"product_tag","embeddable":true,"href":"https:\/\/www.strelli.be\/nl\/wp-json\/wp\/v2\/product_tag?post=9744"}],"curies":[{"name":"wp","href":"https:\/\/api.w.org\/{rel}","templated":true}]}}